{"id":213312,"date":"2020-09-11T10:27:57","date_gmt":"2020-09-11T10:27:57","guid":{"rendered":"https:\/\/www.delicias-uk.com\/product\/nata-uht-parmalat-carbonara-200ml-2\/"},"modified":"2026-01-26T11:18:54","modified_gmt":"2026-01-26T11:18:54","slug":"nata-uht-parmalat-carbonara-200ml-2","status":"publish","type":"product","link":"https:\/\/www.delicias-uk.com\/pt-pt\/produto\/nata-uht-parmalat-carbonara-200ml-2\/","title":{"rendered":"Nata UHT Carbonara Parmalat 200ml"},"content":{"rendered":"<p>A Nata Carbonara Parmalat foi desenvolvida com base no reconhecido e t\u00edpico sabor italiano &#8220;Carbonara&#8221;. Trata-se de uma alternativa pr\u00e1tica e muito saborosa para a confe\u00e7\u00e3o de receitas que v\u00e3o desde o tradicional prato &#8220;Esparguete \u00e0 Carbonara&#8221;, passando por diversas especialidades de carnes, quiches, molhos, etc.<\/p>\n","protected":false},"excerpt":{"rendered":"<p>A Nata Carbonara Parmalat foi desenvolvida com base no reconhecido e t\u00edpico sabor italiano &#8220;Carbonara&#8221;. Trata-se de uma alternativa pr\u00e1tica e muito saborosa para a confe\u00e7\u00e3o de receitas que v\u00e3o desde o tradicional prato &#8220;Esparguete \u00e0 Carbonara&#8221;, passando por diversas especialidades de carnes, quiches, molhos, etc.<\/p>\n","protected":false},"author":43533,"featured_media":87518,"comment_status":"open","ping_status":"closed","template":"","meta":[],"pwb-brand":[],"product_brand":[],"product_cat":[8289,8291,8377,8551,8775],"product_tag":[],"class_list":{"0":"post-213312","1":"product","2":"type-product","3":"status-publish","4":"has-post-thumbnail","6":"product_cat-inicio","7":"product_cat-produtos-portugueses","8":"product_cat-lacticinios","9":"product_cat-leite-e-creme","10":"product_cat-leite-culinario-natas","12":"first","13":"instock","14":"taxable","15":"shipping-taxable","16":"purchasable","17":"product-type-simple"},"aioseo_notices":[],"brands":[],"_links":{"self":[{"href":"https:\/\/www.delicias-uk.com\/pt-pt\/wp-json\/wp\/v2\/product\/213312","targetHints":{"allow":["GET"]}}],"collection":[{"href":"https:\/\/www.delicias-uk.com\/pt-pt\/wp-json\/wp\/v2\/product"}],"about":[{"href":"https:\/\/www.delicias-uk.com\/pt-pt\/wp-json\/wp\/v2\/types\/product"}],"author":[{"embeddable":true,"href":"https:\/\/www.delicias-uk.com\/pt-pt\/wp-json\/wp\/v2\/users\/43533"}],"replies":[{"embeddable":true,"href":"https:\/\/www.delicias-uk.com\/pt-pt\/wp-json\/wp\/v2\/comments?post=213312"}],"wp:featuredmedia":[{"embeddable":true,"href":"https:\/\/www.delicias-uk.com\/pt-pt\/wp-json\/wp\/v2\/media\/87518"}],"wp:attachment":[{"href":"https:\/\/www.delicias-uk.com\/pt-pt\/wp-json\/wp\/v2\/media?parent=213312"}],"wp:term":[{"taxonomy":"pwb-brand","embeddable":true,"href":"https:\/\/www.delicias-uk.com\/pt-pt\/wp-json\/wp\/v2\/pwb-brand?post=213312"},{"taxonomy":"product_brand","embeddable":true,"href":"https:\/\/www.delicias-uk.com\/pt-pt\/wp-json\/wp\/v2\/product_brand?post=213312"},{"taxonomy":"product_cat","embeddable":true,"href":"https:\/\/www.delicias-uk.com\/pt-pt\/wp-json\/wp\/v2\/product_cat?post=213312"},{"taxonomy":"product_tag","embeddable":true,"href":"https:\/\/www.delicias-uk.com\/pt-pt\/wp-json\/wp\/v2\/product_tag?post=213312"}],"curies":[{"name":"wp","href":"https:\/\/api.w.org\/{rel}","templated":true}]}}