{"id":213310,"date":"2020-09-11T10:25:09","date_gmt":"2020-09-11T10:25:09","guid":{"rendered":"https:\/\/www.delicias-uk.com\/product\/nata-uht-parmalat-c-3-queijos-200ml-2\/"},"modified":"2026-01-29T18:04:08","modified_gmt":"2026-01-29T18:04:08","slug":"nata-uht-parmalat-c-3-queijos-200ml-2","status":"publish","type":"product","link":"https:\/\/www.delicias-uk.com\/pt-pt\/produto\/nata-uht-parmalat-c-3-queijos-200ml-2\/","title":{"rendered":"Nata UHT Com 3 Queijos Parmalat 200ml"},"content":{"rendered":"<p>A Nata com 3 Queijos Parmalat \u00e9 uma nata com 3 distintas variedades de queijos: o Emmenthal, o Pecorino Romano e o Parmigiano Reggiano. A Nata com 3 Queijos Parmalat confere \u00e0s mais diversas receitas de massas, quiches, soufl\u00e9s, molhos para carne, etc&#8230; um sabor e um paladar muito especiais.<\/p>\n<p>\u00c9 particularmente indicada para massas, risotto, tortellini e perfeita nos gnocchis de batata.<\/p>\n<p>\u00c9 ainda uma nata que permite criar receitas novas e irresist\u00edveis, ao sabor da sua imagina\u00e7\u00e3o! Experimente com ovos ou legumes cozidos, o resultado vai surpreend\u00ea-lo.<\/p>\n<p>A Nata com 3 Queijos Parmalat \u00e9 uma alternativa pr\u00e1tica, r\u00e1pida e funcional para os seus cozinhados.<\/p>\n","protected":false},"excerpt":{"rendered":"<p>A Nata com 3 Queijos Parmalat \u00e9 uma nata com 3 distintas variedades de queijos: o Emmenthal, o Pecorino Romano e o Parmigiano Reggiano. A Nata com 3 Queijos Parmalat confere \u00e0s mais diversas receitas de massas, quiches, soufl\u00e9s, molhos para carne, etc&#8230; um sabor e um paladar muito especiais. \u00c9 particularmente indicada para massas, [&hellip;]<\/p>\n","protected":false},"author":43533,"featured_media":87514,"comment_status":"open","ping_status":"closed","template":"","meta":[],"pwb-brand":[],"product_brand":[],"product_cat":[8289,8291,8377,8551,8775],"product_tag":[],"class_list":{"0":"post-213310","1":"product","2":"type-product","3":"status-publish","4":"has-post-thumbnail","6":"product_cat-inicio","7":"product_cat-produtos-portugueses","8":"product_cat-lacticinios","9":"product_cat-leite-e-creme","10":"product_cat-leite-culinario-natas","12":"first","13":"instock","14":"taxable","15":"shipping-taxable","16":"purchasable","17":"product-type-simple"},"aioseo_notices":[],"brands":[],"_links":{"self":[{"href":"https:\/\/www.delicias-uk.com\/pt-pt\/wp-json\/wp\/v2\/product\/213310","targetHints":{"allow":["GET"]}}],"collection":[{"href":"https:\/\/www.delicias-uk.com\/pt-pt\/wp-json\/wp\/v2\/product"}],"about":[{"href":"https:\/\/www.delicias-uk.com\/pt-pt\/wp-json\/wp\/v2\/types\/product"}],"author":[{"embeddable":true,"href":"https:\/\/www.delicias-uk.com\/pt-pt\/wp-json\/wp\/v2\/users\/43533"}],"replies":[{"embeddable":true,"href":"https:\/\/www.delicias-uk.com\/pt-pt\/wp-json\/wp\/v2\/comments?post=213310"}],"wp:featuredmedia":[{"embeddable":true,"href":"https:\/\/www.delicias-uk.com\/pt-pt\/wp-json\/wp\/v2\/media\/87514"}],"wp:attachment":[{"href":"https:\/\/www.delicias-uk.com\/pt-pt\/wp-json\/wp\/v2\/media?parent=213310"}],"wp:term":[{"taxonomy":"pwb-brand","embeddable":true,"href":"https:\/\/www.delicias-uk.com\/pt-pt\/wp-json\/wp\/v2\/pwb-brand?post=213310"},{"taxonomy":"product_brand","embeddable":true,"href":"https:\/\/www.delicias-uk.com\/pt-pt\/wp-json\/wp\/v2\/product_brand?post=213310"},{"taxonomy":"product_cat","embeddable":true,"href":"https:\/\/www.delicias-uk.com\/pt-pt\/wp-json\/wp\/v2\/product_cat?post=213310"},{"taxonomy":"product_tag","embeddable":true,"href":"https:\/\/www.delicias-uk.com\/pt-pt\/wp-json\/wp\/v2\/product_tag?post=213310"}],"curies":[{"name":"wp","href":"https:\/\/api.w.org\/{rel}","templated":true}]}}