{"id":213298,"date":"2020-09-11T09:58:18","date_gmt":"2020-09-11T08:58:18","guid":{"rendered":"https:\/\/www.delicias-uk.com\/product\/leite-uht-terra-nostra-pastagem-mgordo-1lt-2\/"},"modified":"2026-04-13T17:21:32","modified_gmt":"2026-04-13T16:21:32","slug":"leite-uht-meio-gordo-terra-nostra-1l","status":"publish","type":"product","link":"https:\/\/www.delicias-uk.com\/pt-pt\/produto\/leite-uht-meio-gordo-terra-nostra-1l\/","title":{"rendered":"Leite UHT Meio Gordo Terra Nostra 1L"},"content":{"rendered":"<p class=\"isSelectedEnd\">Desfrute da qualidade e frescura dos A\u00e7ores com o Leite Meio Gordo UHT Terra Nostra. Produzido a partir de leite de vaca de elevada qualidade, proveniente de animais que pastam livremente em pastagens naturais, este leite oferece um sabor equilibrado e nutritivo para o dia a dia.<\/p>\n<p class=\"isSelectedEnd\">Gra\u00e7as ao processo UHT, mant\u00e9m todas as suas propriedades por mais tempo, sendo ideal para consumo direto, com cereais, caf\u00e9 ou na prepara\u00e7\u00e3o de diversas receitas.<\/p>\n<ul data-spread=\"false\">\n<li>Leite meio gordo UHT<\/li>\n<li>Produzido com leite de vaca dos A\u00e7ores<\/li>\n<li>Sabor suave e equilibrado<\/li>\n<li>Longa dura\u00e7\u00e3o (antes de abrir)<\/li>\n<li>Ideal para consumo di\u00e1rio<\/li>\n<\/ul>\n","protected":false},"excerpt":{"rendered":"<ul data-spread=\"false\">\n<li>Leite meio gordo UHT<\/li>\n<li>Produzido com leite de vaca dos A\u00e7ores<\/li>\n<li>Sabor suave e equilibrado<\/li>\n<li>Longa dura\u00e7\u00e3o (antes de abrir)<\/li>\n<li>Ideal para consumo di\u00e1rio<\/li>\n<\/ul>\n","protected":false},"author":43533,"featured_media":252585,"comment_status":"open","ping_status":"closed","template":"","meta":[],"pwb-brand":[],"product_brand":[],"product_cat":[8699],"product_tag":[],"class_list":{"0":"post-213298","1":"product","2":"type-product","3":"status-publish","4":"has-post-thumbnail","6":"product_cat-leite","8":"first","9":"instock","10":"taxable","11":"shipping-taxable","12":"purchasable","13":"product-type-simple"},"aioseo_notices":[],"brands":[],"_links":{"self":[{"href":"https:\/\/www.delicias-uk.com\/pt-pt\/wp-json\/wp\/v2\/product\/213298","targetHints":{"allow":["GET"]}}],"collection":[{"href":"https:\/\/www.delicias-uk.com\/pt-pt\/wp-json\/wp\/v2\/product"}],"about":[{"href":"https:\/\/www.delicias-uk.com\/pt-pt\/wp-json\/wp\/v2\/types\/product"}],"author":[{"embeddable":true,"href":"https:\/\/www.delicias-uk.com\/pt-pt\/wp-json\/wp\/v2\/users\/43533"}],"replies":[{"embeddable":true,"href":"https:\/\/www.delicias-uk.com\/pt-pt\/wp-json\/wp\/v2\/comments?post=213298"}],"wp:featuredmedia":[{"embeddable":true,"href":"https:\/\/www.delicias-uk.com\/pt-pt\/wp-json\/wp\/v2\/media\/252585"}],"wp:attachment":[{"href":"https:\/\/www.delicias-uk.com\/pt-pt\/wp-json\/wp\/v2\/media?parent=213298"}],"wp:term":[{"taxonomy":"pwb-brand","embeddable":true,"href":"https:\/\/www.delicias-uk.com\/pt-pt\/wp-json\/wp\/v2\/pwb-brand?post=213298"},{"taxonomy":"product_brand","embeddable":true,"href":"https:\/\/www.delicias-uk.com\/pt-pt\/wp-json\/wp\/v2\/product_brand?post=213298"},{"taxonomy":"product_cat","embeddable":true,"href":"https:\/\/www.delicias-uk.com\/pt-pt\/wp-json\/wp\/v2\/product_cat?post=213298"},{"taxonomy":"product_tag","embeddable":true,"href":"https:\/\/www.delicias-uk.com\/pt-pt\/wp-json\/wp\/v2\/product_tag?post=213298"}],"curies":[{"name":"wp","href":"https:\/\/api.w.org\/{rel}","templated":true}]}}