{"id":213286,"date":"2020-09-08T16:46:48","date_gmt":"2020-09-08T15:46:48","guid":{"rendered":"https:\/\/www.delicias-uk.com\/product\/ervilha-compal-em-lata-410g\/"},"modified":"2025-11-20T00:24:13","modified_gmt":"2025-11-20T00:24:13","slug":"ervilha-compal-em-lata-410g","status":"publish","type":"product","link":"https:\/\/www.delicias-uk.com\/pt-pt\/produto\/ervilha-compal-em-lata-410g\/","title":{"rendered":"Ervilha Compal em Lata 410g"},"content":{"rendered":"<p>De textura ligeiramente adocicada, as <strong>ervilhas Compal da Horta<\/strong> s\u00e3o extremamente vers\u00e1teis, dando cor e sabor a todos os pratos!<\/p>\n<p>Ideal para sopas, cremes ou aveludados, estufados ou para acompanhar pratos com arroz, basta abrir a uma lata de ervilhas em conserva e dar asas \u00e0 sua imagina\u00e7\u00e3o.<\/p>\n<p><strong>Ingredientes:<\/strong> Ervilha, \u00e1gua e sal de cozinha.<\/p>\n<p>Outras informa\u00e7\u00f5es<br \/>\nSem conservantes.<br \/>\nNaturalmente rico em prote\u00edna vegetal e fibra. Sem conservantes, pronto para usar.<\/p>\n","protected":false},"excerpt":{"rendered":"<ul style=\"list-style-type: disc;\">\n<li>Ervilha ao natural<\/li>\n<li>Lata de 410g<\/li>\n<li>Compal \u00e9 uma marca Portuguesa<\/li>\n<li>Sem conservantes<\/li>\n<li>Naturalmente rico em prote\u00edna vegetal<\/li>\n<\/ul>\n","protected":false},"author":43533,"featured_media":222693,"comment_status":"open","ping_status":"closed","template":"","meta":[],"pwb-brand":[],"product_brand":[],"product_cat":[8289,8291,8395,8481,8751],"product_tag":[],"class_list":{"0":"post-213286","1":"product","2":"type-product","3":"status-publish","4":"has-post-thumbnail","6":"product_cat-inicio","7":"product_cat-produtos-portugueses","8":"product_cat-mercearia","9":"product_cat-feijao","10":"product_cat-feijao-cozido","12":"first","13":"instock","14":"taxable","15":"shipping-taxable","16":"purchasable","17":"product-type-simple"},"aioseo_notices":[],"brands":[],"_links":{"self":[{"href":"https:\/\/www.delicias-uk.com\/pt-pt\/wp-json\/wp\/v2\/product\/213286","targetHints":{"allow":["GET"]}}],"collection":[{"href":"https:\/\/www.delicias-uk.com\/pt-pt\/wp-json\/wp\/v2\/product"}],"about":[{"href":"https:\/\/www.delicias-uk.com\/pt-pt\/wp-json\/wp\/v2\/types\/product"}],"author":[{"embeddable":true,"href":"https:\/\/www.delicias-uk.com\/pt-pt\/wp-json\/wp\/v2\/users\/43533"}],"replies":[{"embeddable":true,"href":"https:\/\/www.delicias-uk.com\/pt-pt\/wp-json\/wp\/v2\/comments?post=213286"}],"wp:featuredmedia":[{"embeddable":true,"href":"https:\/\/www.delicias-uk.com\/pt-pt\/wp-json\/wp\/v2\/media\/222693"}],"wp:attachment":[{"href":"https:\/\/www.delicias-uk.com\/pt-pt\/wp-json\/wp\/v2\/media?parent=213286"}],"wp:term":[{"taxonomy":"pwb-brand","embeddable":true,"href":"https:\/\/www.delicias-uk.com\/pt-pt\/wp-json\/wp\/v2\/pwb-brand?post=213286"},{"taxonomy":"product_brand","embeddable":true,"href":"https:\/\/www.delicias-uk.com\/pt-pt\/wp-json\/wp\/v2\/product_brand?post=213286"},{"taxonomy":"product_cat","embeddable":true,"href":"https:\/\/www.delicias-uk.com\/pt-pt\/wp-json\/wp\/v2\/product_cat?post=213286"},{"taxonomy":"product_tag","embeddable":true,"href":"https:\/\/www.delicias-uk.com\/pt-pt\/wp-json\/wp\/v2\/product_tag?post=213286"}],"curies":[{"name":"wp","href":"https:\/\/api.w.org\/{rel}","templated":true}]}}