{"id":213278,"date":"2020-09-08T16:25:40","date_gmt":"2020-09-08T16:25:40","guid":{"rendered":"https:\/\/www.delicias-uk.com\/product\/suco-de-laranja-do-algarve-compal-1l\/"},"modified":"2026-03-22T14:15:32","modified_gmt":"2026-03-22T14:15:32","slug":"suco-de-laranja-do-algarve-compal-1l","status":"publish","type":"product","link":"https:\/\/www.delicias-uk.com\/pt-pt\/produto\/suco-de-laranja-do-algarve-compal-1l\/","title":{"rendered":"Sumo Laranja do Algarve Compal 1L"},"content":{"rendered":"<p>Nectar de fruta, sabor laranja rico em polpa, generosidade e sabor. Sabores h\u00e1 muito apreciados por gera\u00e7\u00f5es de portugueses.<\/p>\n","protected":false},"excerpt":{"rendered":"<ul style=\"list-style-type:disc;\">\n<li>Embalagem de 1L<\/li>\n<li>Sabor laranja<\/li>\n<li>Compal \u00e9 uma empresa Portuguesa<\/li>\n<\/ul>\n","protected":false},"author":43533,"featured_media":87450,"comment_status":"open","ping_status":"closed","template":"","meta":[],"pwb-brand":[],"product_brand":[],"product_cat":[8289,8291,8455],"product_tag":[],"class_list":{"0":"post-213278","1":"product","2":"type-product","3":"status-publish","4":"has-post-thumbnail","6":"product_cat-inicio","7":"product_cat-produtos-portugueses","8":"product_cat-sumos","10":"first","11":"instock","12":"taxable","13":"shipping-taxable","14":"purchasable","15":"product-type-simple"},"aioseo_notices":[],"brands":[],"_links":{"self":[{"href":"https:\/\/www.delicias-uk.com\/pt-pt\/wp-json\/wp\/v2\/product\/213278","targetHints":{"allow":["GET"]}}],"collection":[{"href":"https:\/\/www.delicias-uk.com\/pt-pt\/wp-json\/wp\/v2\/product"}],"about":[{"href":"https:\/\/www.delicias-uk.com\/pt-pt\/wp-json\/wp\/v2\/types\/product"}],"author":[{"embeddable":true,"href":"https:\/\/www.delicias-uk.com\/pt-pt\/wp-json\/wp\/v2\/users\/43533"}],"replies":[{"embeddable":true,"href":"https:\/\/www.delicias-uk.com\/pt-pt\/wp-json\/wp\/v2\/comments?post=213278"}],"wp:featuredmedia":[{"embeddable":true,"href":"https:\/\/www.delicias-uk.com\/pt-pt\/wp-json\/wp\/v2\/media\/87450"}],"wp:attachment":[{"href":"https:\/\/www.delicias-uk.com\/pt-pt\/wp-json\/wp\/v2\/media?parent=213278"}],"wp:term":[{"taxonomy":"pwb-brand","embeddable":true,"href":"https:\/\/www.delicias-uk.com\/pt-pt\/wp-json\/wp\/v2\/pwb-brand?post=213278"},{"taxonomy":"product_brand","embeddable":true,"href":"https:\/\/www.delicias-uk.com\/pt-pt\/wp-json\/wp\/v2\/product_brand?post=213278"},{"taxonomy":"product_cat","embeddable":true,"href":"https:\/\/www.delicias-uk.com\/pt-pt\/wp-json\/wp\/v2\/product_cat?post=213278"},{"taxonomy":"product_tag","embeddable":true,"href":"https:\/\/www.delicias-uk.com\/pt-pt\/wp-json\/wp\/v2\/product_tag?post=213278"}],"curies":[{"name":"wp","href":"https:\/\/api.w.org\/{rel}","templated":true}]}}