{"id":213264,"date":"2020-08-18T09:22:17","date_gmt":"2020-08-18T08:22:17","guid":{"rendered":"https:\/\/www.delicias-uk.com\/product\/farofa-de-mandioca-com-carne-seca-amafil-250g\/"},"modified":"2025-08-09T18:08:40","modified_gmt":"2025-08-09T17:08:40","slug":"farofa-de-mandioca-com-carne-seca-amafil-250g","status":"publish","type":"product","link":"https:\/\/www.delicias-uk.com\/pt-pt\/produto\/farofa-de-mandioca-com-carne-seca-amafil-250g\/","title":{"rendered":"Farofa de Mandioca Sabor Carne Seca Amafil 250g"},"content":{"rendered":"<p><span xml:lang=\"pt-br\" lang=\"pt-br\" class=\"TextRun SCXW106395021 BCX8\" style=\"margin:0px;padding:0px;background-color:#ffffff;color:#1f1f1f;font-size:11pt;line-height:19.7625px;font-family:Calibri, 'Calibri_EmbeddedFont', 'Calibri_MSFontService', sans-serif;\"><span class=\"NormalTextRun SCXW106395021 BCX8\" style=\"margin:0px;padding:0px;\">A Farofa sabor <\/span><span class=\"NormalTextRun SCXW106395021 BCX8\" style=\"margin:0px;padding:0px;\">Carne Seca <\/span><span class=\"NormalTextRun SCXW106395021 BCX8\" style=\"margin:0px;padding:0px;\">\u00a0<\/span><span class=\"NormalTextRun SpellingErrorV2Themed SCXW106395021 BCX8\" style=\"margin:0px;padding:0px;background-position:0px 100%;background-repeat:repeat-x;border-bottom:1px solid transparent;\">Amafil<\/span><span class=\"NormalTextRun SCXW106395021 BCX8\" style=\"margin:0px;padding:0px;\"> <\/span><\/span><span xml:lang=\"pt-br\" lang=\"pt-br\" class=\"TextRun SCXW106395021 BCX8\" style=\"margin:0px;padding:0px;background-color:#ffffff;color:#040c28;font-size:11pt;line-height:19.7625px;font-family:Calibri, 'Calibri_EmbeddedFont', 'Calibri_MSFontService', sans-serif;\"><span class=\"NormalTextRun SCXW106395021 BCX8\" style=\"margin:0px;padding:0px;\">\u00e9 um produto j\u00e1 pronto a consumir, feito a partir da farinha de mandioca<\/span><\/span><span xml:lang=\"pt-br\" lang=\"pt-br\" class=\"TextRun SCXW106395021 BCX8\" style=\"margin:0px;padding:0px;background-color:#ffffff;color:#1f1f1f;font-size:11pt;line-height:19.7625px;font-family:Calibri, 'Calibri_EmbeddedFont', 'Calibri_MSFontService', sans-serif;\"><span class=\"NormalTextRun SCXW106395021 BCX8\" style=\"margin:0px;padding:0px;\">. Saborosa e bem temperada, a farofa <\/span><span class=\"NormalTextRun SpellingErrorV2Themed SCXW106395021 BCX8\" style=\"margin:0px;padding:0px;background-position:0px 100%;background-repeat:repeat-x;border-bottom:1px solid transparent;\">Amafil<\/span><span class=\"NormalTextRun SCXW106395021 BCX8\" style=\"margin:0px;padding:0px;\">\u00a0com sabor <\/span><span class=\"NormalTextRun SCXW106395021 BCX8\" style=\"margin:0px;padding:0px;\">Carne Seca<\/span><span class=\"NormalTextRun SCXW106395021 BCX8\" style=\"margin:0px;padding:0px;\">\u00a0\u00e9 perfeita para o acompanhamento de diversos pratos e para dar um toque extra \u00e0s refei\u00e7\u00f5es. Produto naturalmente isento de gl\u00faten.<\/span><\/span><span class=\"EOP SCXW106395021 BCX8\" style=\"margin:0px;padding:0px;background-color:#ffffff;font-size:11pt;line-height:19.7625px;font-family:Calibri, 'Calibri_EmbeddedFont', 'Calibri_MSFontService', sans-serif;color:#1f1f1f;\"> <\/span><\/p>\n","protected":false},"excerpt":{"rendered":"<div class=\"OutlineElement Ltr SCXW194582960 BCX8\" style=\"margin:0px;padding:0px;clear:both;font-family:'Segoe UI', 'Segoe UI Web', Arial, Verdana, sans-serif;font-size:12px;background-color:#ffffff;\">\n<p class=\"Paragraph SCXW194582960 BCX8\" xml:lang=\"pt-br\" lang=\"pt-br\" style=\"margin:0px 0px 10.6667px;padding:0px;vertical-align:baseline;background-color:transparent;\"><span xml:lang=\"pt-br\" lang=\"pt-br\" class=\"TextRun SCXW194582960 BCX8\" style=\"margin:0px;padding:0px;color:#040c28;font-size:11pt;line-height:19.7625px;font-family:Calibri, 'Calibri_EmbeddedFont', 'Calibri_MSFontService', sans-serif;\"><span class=\"NormalTextRun SCXW194582960 BCX8\" style=\"margin:0px;padding:0px;\">. B<\/span><span class=\"NormalTextRun SCXW194582960 BCX8\" style=\"margin:0px;padding:0px;\">aixo \u00edndice glic\u00eamico<\/span><\/span><span class=\"EOP SCXW194582960 BCX8\" style=\"margin:0px;padding:0px;font-size:11pt;line-height:19.7625px;font-family:Calibri, 'Calibri_EmbeddedFont', 'Calibri_MSFontService', sans-serif;color:#040c28;\">\u00a0<\/span><\/p>\n<\/p><\/div>\n<div class=\"OutlineElement Ltr SCXW194582960 BCX8\" style=\"margin:0px;padding:0px;clear:both;font-family:'Segoe UI', 'Segoe UI Web', Arial, Verdana, sans-serif;font-size:12px;background-color:#ffffff;\">\n<p class=\"Paragraph SCXW194582960 BCX8\" xml:lang=\"pt-br\" lang=\"pt-br\" style=\"margin:0px 0px 10.6667px;padding:0px;vertical-align:baseline;background-color:transparent;\"><span xml:lang=\"pt-br\" lang=\"pt-br\" class=\"TextRun SCXW194582960 BCX8\" style=\"margin:0px;padding:0px;color:#242424;font-size:11pt;line-height:19.7625px;font-family:Calibri, 'Calibri_EmbeddedFont', 'Calibri_MSFontService', sans-serif;\"><span class=\"NormalTextRun SCXW194582960 BCX8\" style=\"margin:0px;padding:0px;\">. F<\/span><span class=\"NormalTextRun SCXW194582960 BCX8\" style=\"margin:0px;padding:0px;\">arofa \u00e9 crocante e saborosa<\/span><\/span><span class=\"EOP SCXW194582960 BCX8\" style=\"margin:0px;padding:0px;font-size:11pt;line-height:19.7625px;font-family:Calibri, 'Calibri_EmbeddedFont', 'Calibri_MSFontService', sans-serif;color:#242424;\">\u00a0<\/span><\/p>\n<\/p><\/div>\n<div class=\"OutlineElement Ltr SCXW194582960 BCX8\" style=\"margin:0px;padding:0px;clear:both;font-family:'Segoe UI', 'Segoe UI Web', Arial, Verdana, sans-serif;font-size:12px;background-color:#ffffff;\">\n<p class=\"Paragraph SCXW194582960 BCX8\" xml:lang=\"pt-br\" lang=\"pt-br\" style=\"margin:0px 0px 10.6667px;padding:0px;vertical-align:baseline;background-color:transparent;\"><span xml:lang=\"pt-br\" lang=\"pt-br\" class=\"TextRun SCXW194582960 BCX8\" style=\"margin:0px;padding:0px;color:#242424;font-size:11pt;line-height:19.7625px;font-family:Calibri, 'Calibri_EmbeddedFont', 'Calibri_MSFontService', sans-serif;\"><span class=\"NormalTextRun SCXW194582960 BCX8\" style=\"margin:0px;padding:0px;\">. <\/span><span class=\"NormalTextRun SCXW194582960 BCX8\" style=\"margin:0px;padding:0px;\">A farofa de mandioca \u00e9 um prato t\u00edpico da culin\u00e1ria brasileira<\/span><\/span><span class=\"EOP SCXW194582960 BCX8\" style=\"margin:0px;padding:0px;font-size:11pt;line-height:19.7625px;font-family:Calibri, 'Calibri_EmbeddedFont', 'Calibri_MSFontService', sans-serif;color:#242424;\"> <\/span><\/p>\n<\/p><\/div>\n","protected":false},"author":43533,"featured_media":225878,"comment_status":"open","ping_status":"closed","template":"","meta":[],"pwb-brand":[],"product_brand":[],"product_cat":[8289,8293,8401,8517,8783],"product_tag":[],"class_list":{"0":"post-213264","1":"product","2":"type-product","3":"status-publish","4":"has-post-thumbnail","6":"product_cat-inicio","7":"product_cat-produtos-brasileiros","8":"product_cat-mercearia-pt-pt","9":"product_cat-farinhas-e-graos","10":"product_cat-farofa","12":"first","13":"outofstock","14":"taxable","15":"shipping-taxable","16":"purchasable","17":"product-type-simple"},"aioseo_notices":[],"brands":[],"_links":{"self":[{"href":"https:\/\/www.delicias-uk.com\/pt-pt\/wp-json\/wp\/v2\/product\/213264","targetHints":{"allow":["GET"]}}],"collection":[{"href":"https:\/\/www.delicias-uk.com\/pt-pt\/wp-json\/wp\/v2\/product"}],"about":[{"href":"https:\/\/www.delicias-uk.com\/pt-pt\/wp-json\/wp\/v2\/types\/product"}],"author":[{"embeddable":true,"href":"https:\/\/www.delicias-uk.com\/pt-pt\/wp-json\/wp\/v2\/users\/43533"}],"replies":[{"embeddable":true,"href":"https:\/\/www.delicias-uk.com\/pt-pt\/wp-json\/wp\/v2\/comments?post=213264"}],"wp:featuredmedia":[{"embeddable":true,"href":"https:\/\/www.delicias-uk.com\/pt-pt\/wp-json\/wp\/v2\/media\/225878"}],"wp:attachment":[{"href":"https:\/\/www.delicias-uk.com\/pt-pt\/wp-json\/wp\/v2\/media?parent=213264"}],"wp:term":[{"taxonomy":"pwb-brand","embeddable":true,"href":"https:\/\/www.delicias-uk.com\/pt-pt\/wp-json\/wp\/v2\/pwb-brand?post=213264"},{"taxonomy":"product_brand","embeddable":true,"href":"https:\/\/www.delicias-uk.com\/pt-pt\/wp-json\/wp\/v2\/product_brand?post=213264"},{"taxonomy":"product_cat","embeddable":true,"href":"https:\/\/www.delicias-uk.com\/pt-pt\/wp-json\/wp\/v2\/product_cat?post=213264"},{"taxonomy":"product_tag","embeddable":true,"href":"https:\/\/www.delicias-uk.com\/pt-pt\/wp-json\/wp\/v2\/product_tag?post=213264"}],"curies":[{"name":"wp","href":"https:\/\/api.w.org\/{rel}","templated":true}]}}