{"id":213256,"date":"2020-08-12T10:57:15","date_gmt":"2020-08-12T09:57:15","guid":{"rendered":"https:\/\/www.delicias-uk.com\/product\/queijo-palhais-cabra-original-r22-2100g-2\/"},"modified":"2026-02-09T10:35:00","modified_gmt":"2026-02-09T10:35:00","slug":"queijo-palhais-cabra-original-r22-2100g-2","status":"publish","type":"product","link":"https:\/\/www.delicias-uk.com\/pt-pt\/produto\/queijo-palhais-cabra-original-r22-2100g-2\/","title":{"rendered":"Queijo de Cabra Palhais Original 100g x 2"},"content":{"rendered":"<p>O palhais original \u00e9 um queijo de cabra puro e salgado, com uma textura firme e semi-dura e um sabor inconfund\u00edvel. A escolha certa para quem aprecia um sabor intenso e not\u00e1vel de um queijo de cabra feito com habilidade e tradi\u00e7\u00e3o supremas.<\/p>\n","protected":false},"excerpt":{"rendered":"<p>O palhais original \u00e9 um queijo de cabra puro e salgado, com uma textura firme e semi-dura e um sabor inconfund\u00edvel. A escolha certa para quem aprecia um sabor intenso e not\u00e1vel de um queijo de cabra feito com habilidade e tradi\u00e7\u00e3o supremas.<\/p>\n","protected":false},"author":43533,"featured_media":87406,"comment_status":"open","ping_status":"closed","template":"","meta":[],"pwb-brand":[],"product_brand":[],"product_cat":[9322,9323,8289,8715],"product_tag":[],"class_list":{"0":"post-213256","1":"product","2":"type-product","3":"status-publish","4":"has-post-thumbnail","6":"product_cat-salgados-de-natal","7":"product_cat-selecao-de-queijos","8":"product_cat-inicio","9":"product_cat-cabra-pt-pt","11":"first","12":"outofstock","13":"taxable","14":"shipping-taxable","15":"purchasable","16":"product-type-simple"},"aioseo_notices":[],"brands":[],"_links":{"self":[{"href":"https:\/\/www.delicias-uk.com\/pt-pt\/wp-json\/wp\/v2\/product\/213256","targetHints":{"allow":["GET"]}}],"collection":[{"href":"https:\/\/www.delicias-uk.com\/pt-pt\/wp-json\/wp\/v2\/product"}],"about":[{"href":"https:\/\/www.delicias-uk.com\/pt-pt\/wp-json\/wp\/v2\/types\/product"}],"author":[{"embeddable":true,"href":"https:\/\/www.delicias-uk.com\/pt-pt\/wp-json\/wp\/v2\/users\/43533"}],"replies":[{"embeddable":true,"href":"https:\/\/www.delicias-uk.com\/pt-pt\/wp-json\/wp\/v2\/comments?post=213256"}],"wp:featuredmedia":[{"embeddable":true,"href":"https:\/\/www.delicias-uk.com\/pt-pt\/wp-json\/wp\/v2\/media\/87406"}],"wp:attachment":[{"href":"https:\/\/www.delicias-uk.com\/pt-pt\/wp-json\/wp\/v2\/media?parent=213256"}],"wp:term":[{"taxonomy":"pwb-brand","embeddable":true,"href":"https:\/\/www.delicias-uk.com\/pt-pt\/wp-json\/wp\/v2\/pwb-brand?post=213256"},{"taxonomy":"product_brand","embeddable":true,"href":"https:\/\/www.delicias-uk.com\/pt-pt\/wp-json\/wp\/v2\/product_brand?post=213256"},{"taxonomy":"product_cat","embeddable":true,"href":"https:\/\/www.delicias-uk.com\/pt-pt\/wp-json\/wp\/v2\/product_cat?post=213256"},{"taxonomy":"product_tag","embeddable":true,"href":"https:\/\/www.delicias-uk.com\/pt-pt\/wp-json\/wp\/v2\/product_tag?post=213256"}],"curies":[{"name":"wp","href":"https:\/\/api.w.org\/{rel}","templated":true}]}}