{"id":213226,"date":"2020-08-10T11:35:21","date_gmt":"2020-08-10T11:35:21","guid":{"rendered":"https:\/\/www.delicias-uk.com\/product\/sardinhas-ramirez-em-tomate-picante-lata-125g\/"},"modified":"2026-05-02T10:48:56","modified_gmt":"2026-05-02T09:48:56","slug":"sardinhas-ramirez-em-tomate-picante-lata-125g","status":"publish","type":"product","link":"https:\/\/www.delicias-uk.com\/pt-pt\/produto\/sardinhas-ramirez-em-tomate-picante-lata-125g\/","title":{"rendered":"Sardinhas em Tomate Picante Ramirez 125g"},"content":{"rendered":"<p>Para aqueles que apreciam sardinhas em conserva, mas que gostam de variar na forma de as consumir, a Ramirez recomenda tamb\u00e9m as suas sardinhas em tomate com piripiri, que, para al\u00e9m estimular o palato, t\u00eam um papel importante no sistema imunit\u00e1rio. A sardinha \u00e9 o peixe de refer\u00eancia da dieta mediterr\u00e2nica e \u00e9 aconselhada por nutricionistas em todo o mundo devido, fundamentalmente, ao seu alto teor de \u00d3mega 3, um \u00e1cido gordo polinsaturado, que protege o cora\u00e7\u00e3o e ajuda a reduzir o risco Ne ataque card\u00edaco, controlando os n\u00edveis de colesterol presentes no sangue. O tomate \u00e9 fonte de diversas vitaminas, tais como a C, que lhe confere propriedades antioxidantes, assim como de licopeno, tamb\u00e9m ele antioxidante e com um efeito cardioprotetor<\/p>\n","protected":false},"excerpt":{"rendered":"<ul style=\"list-style-type:disc;\">\n<li>Peso l\u00edquido 125g<\/li>\n<li>Fonte de prote\u00edna<\/li>\n<li>Pronto para comer<\/li>\n<li>Produto Portugu\u00eas<\/li>\n<\/ul>\n","protected":false},"author":43533,"featured_media":87352,"comment_status":"open","ping_status":"closed","template":"","meta":[],"pwb-brand":[],"product_brand":[],"product_cat":[9325,8289,8291,8411,8479,8499],"product_tag":[],"class_list":{"0":"post-213226","1":"product","2":"type-product","3":"status-publish","4":"has-post-thumbnail","6":"product_cat-pickles-conservas","7":"product_cat-inicio","8":"product_cat-produtos-portugueses","9":"product_cat-conservas","10":"product_cat-sardinha","11":"product_cat-sem-glutem","13":"first","14":"instock","15":"taxable","16":"shipping-taxable","17":"purchasable","18":"product-type-simple"},"aioseo_notices":[],"brands":[],"_links":{"self":[{"href":"https:\/\/www.delicias-uk.com\/pt-pt\/wp-json\/wp\/v2\/product\/213226","targetHints":{"allow":["GET"]}}],"collection":[{"href":"https:\/\/www.delicias-uk.com\/pt-pt\/wp-json\/wp\/v2\/product"}],"about":[{"href":"https:\/\/www.delicias-uk.com\/pt-pt\/wp-json\/wp\/v2\/types\/product"}],"author":[{"embeddable":true,"href":"https:\/\/www.delicias-uk.com\/pt-pt\/wp-json\/wp\/v2\/users\/43533"}],"replies":[{"embeddable":true,"href":"https:\/\/www.delicias-uk.com\/pt-pt\/wp-json\/wp\/v2\/comments?post=213226"}],"wp:featuredmedia":[{"embeddable":true,"href":"https:\/\/www.delicias-uk.com\/pt-pt\/wp-json\/wp\/v2\/media\/87352"}],"wp:attachment":[{"href":"https:\/\/www.delicias-uk.com\/pt-pt\/wp-json\/wp\/v2\/media?parent=213226"}],"wp:term":[{"taxonomy":"pwb-brand","embeddable":true,"href":"https:\/\/www.delicias-uk.com\/pt-pt\/wp-json\/wp\/v2\/pwb-brand?post=213226"},{"taxonomy":"product_brand","embeddable":true,"href":"https:\/\/www.delicias-uk.com\/pt-pt\/wp-json\/wp\/v2\/product_brand?post=213226"},{"taxonomy":"product_cat","embeddable":true,"href":"https:\/\/www.delicias-uk.com\/pt-pt\/wp-json\/wp\/v2\/product_cat?post=213226"},{"taxonomy":"product_tag","embeddable":true,"href":"https:\/\/www.delicias-uk.com\/pt-pt\/wp-json\/wp\/v2\/product_tag?post=213226"}],"curies":[{"name":"wp","href":"https:\/\/api.w.org\/{rel}","templated":true}]}}