{"id":213222,"date":"2020-08-10T11:17:05","date_gmt":"2020-08-10T11:17:05","guid":{"rendered":"https:\/\/www.delicias-uk.com\/product\/sardinhas-em-oleo-vegetal-picante-ramirez-lata-125g\/"},"modified":"2025-02-06T17:18:18","modified_gmt":"2025-02-06T17:18:18","slug":"sardinhas-em-oleo-vegetal-picante-ramirez-lata-125g","status":"publish","type":"product","link":"https:\/\/www.delicias-uk.com\/pt-pt\/produto\/sardinhas-em-oleo-vegetal-picante-ramirez-lata-125g\/","title":{"rendered":"Sardinhas em \u00d3leo Vegetal Picante Ramirez Lata 125g"},"content":{"rendered":"<p>A sardinha de conserva em \u00d3leo Vegetal \u00e9 um produto a que \u00e9 acrescentado uma malagueta de piripiri inteira pora lata, por forma a acrescentar um travo picante \u00e0s sardinhas, muito considerado pelos apreciadores. O fruto fresco da malagueta inteira, utilizada pela Ramirez, confere ao molho um sabor mais envolvente do que o piripiri em p\u00f3 utilizado pela maior parte das marcas.<\/p>\n<p>A sardinha \u00e9 o peixe por excel\u00eancia da dieta mediterr\u00e2nica, que \u00e9 aconselhada por nutricionistas em todo o mundo devido, fundamentalmente, ao seu alto teor de Omega 3, um \u00e1cido gordo polinsaturado, que protege o cora\u00e7\u00e3o e ajuda a reduzir o risco de ataque card\u00edaco, controlando os n\u00edveis de colesterol presentes no sangue.<\/p>\n","protected":false},"excerpt":{"rendered":"<ul style=\"list-style-type:disc;\">\n<li>Peso l\u00edquido 125g<\/li>\n<li>Fonte de prote\u00edna<\/li>\n<li>Pronto para comer<\/li>\n<li>Produto Portugu\u00eas<\/li>\n<\/ul>\n","protected":false},"author":43533,"featured_media":87344,"comment_status":"open","ping_status":"closed","template":"","meta":[],"pwb-brand":[],"product_brand":[],"product_cat":[9325,8289,8291,8411,8479,8499],"product_tag":[],"class_list":{"0":"post-213222","1":"product","2":"type-product","3":"status-publish","4":"has-post-thumbnail","6":"product_cat-pickles-conservas","7":"product_cat-inicio","8":"product_cat-produtos-portugueses","9":"product_cat-conservas","10":"product_cat-sardinha","11":"product_cat-sem-glutem","13":"first","14":"instock","15":"taxable","16":"shipping-taxable","17":"purchasable","18":"product-type-simple"},"aioseo_notices":[],"brands":[],"_links":{"self":[{"href":"https:\/\/www.delicias-uk.com\/pt-pt\/wp-json\/wp\/v2\/product\/213222","targetHints":{"allow":["GET"]}}],"collection":[{"href":"https:\/\/www.delicias-uk.com\/pt-pt\/wp-json\/wp\/v2\/product"}],"about":[{"href":"https:\/\/www.delicias-uk.com\/pt-pt\/wp-json\/wp\/v2\/types\/product"}],"author":[{"embeddable":true,"href":"https:\/\/www.delicias-uk.com\/pt-pt\/wp-json\/wp\/v2\/users\/43533"}],"replies":[{"embeddable":true,"href":"https:\/\/www.delicias-uk.com\/pt-pt\/wp-json\/wp\/v2\/comments?post=213222"}],"wp:featuredmedia":[{"embeddable":true,"href":"https:\/\/www.delicias-uk.com\/pt-pt\/wp-json\/wp\/v2\/media\/87344"}],"wp:attachment":[{"href":"https:\/\/www.delicias-uk.com\/pt-pt\/wp-json\/wp\/v2\/media?parent=213222"}],"wp:term":[{"taxonomy":"pwb-brand","embeddable":true,"href":"https:\/\/www.delicias-uk.com\/pt-pt\/wp-json\/wp\/v2\/pwb-brand?post=213222"},{"taxonomy":"product_brand","embeddable":true,"href":"https:\/\/www.delicias-uk.com\/pt-pt\/wp-json\/wp\/v2\/product_brand?post=213222"},{"taxonomy":"product_cat","embeddable":true,"href":"https:\/\/www.delicias-uk.com\/pt-pt\/wp-json\/wp\/v2\/product_cat?post=213222"},{"taxonomy":"product_tag","embeddable":true,"href":"https:\/\/www.delicias-uk.com\/pt-pt\/wp-json\/wp\/v2\/product_tag?post=213222"}],"curies":[{"name":"wp","href":"https:\/\/api.w.org\/{rel}","templated":true}]}}