{"id":213216,"date":"2020-08-10T10:54:56","date_gmt":"2020-08-10T09:54:56","guid":{"rendered":"https:\/\/www.delicias-uk.com\/product\/sardinhas-selvagens-em-azeite-biologico-lata-120g\/"},"modified":"2026-04-20T17:33:43","modified_gmt":"2026-04-20T16:33:43","slug":"sardinhas-selvagens-em-azeite-biologico-lata-120g","status":"publish","type":"product","link":"https:\/\/www.delicias-uk.com\/pt-pt\/produto\/sardinhas-selvagens-em-azeite-biologico-lata-120g\/","title":{"rendered":"Sardinhas Selvagens em Azeite Biol\u00f3gico Ramirez Lata 120g"},"content":{"rendered":"<p>Com todos os benef\u00edcios para a sa\u00fade, conservados na sua forma mais primitiva, as sardinhas selvagens s\u00e3o beneficiadas em sabor e qualidade pelo azeite Extra Virgem que as envolve, garantido a gordura-rainha da dieta mediterr\u00e2nica, no seu estado mais puro e delicado pela proveni\u00eancia da agricultura biol\u00f3gica<\/p>\n","protected":false},"excerpt":{"rendered":"<ul style=\"list-style-type:disc\">\n<li>Peso l\u00edquido 120g<\/li>\n<li>Fonte de prote\u00edna<\/li>\n<li>Pronto para comer<\/li>\n<li>Produto Portugu\u00eas<\/li>\n<\/ul>\n","protected":false},"author":43533,"featured_media":87332,"comment_status":"open","ping_status":"closed","template":"","meta":[],"pwb-brand":[],"product_brand":[],"product_cat":[9325,8289,8291,8411,8479,8307,8499,8331],"product_tag":[],"class_list":{"0":"post-213216","1":"product","2":"type-product","3":"status-publish","4":"has-post-thumbnail","6":"product_cat-pickles-conservas","7":"product_cat-inicio","8":"product_cat-produtos-portugueses","9":"product_cat-conservas","10":"product_cat-sardinha","11":"product_cat-dieta-e-estilo-de-vida-produtos","12":"product_cat-sem-glutem","13":"product_cat-organico","15":"first","16":"outofstock","17":"taxable","18":"shipping-taxable","19":"purchasable","20":"product-type-simple"},"aioseo_notices":[],"brands":[],"_links":{"self":[{"href":"https:\/\/www.delicias-uk.com\/pt-pt\/wp-json\/wp\/v2\/product\/213216","targetHints":{"allow":["GET"]}}],"collection":[{"href":"https:\/\/www.delicias-uk.com\/pt-pt\/wp-json\/wp\/v2\/product"}],"about":[{"href":"https:\/\/www.delicias-uk.com\/pt-pt\/wp-json\/wp\/v2\/types\/product"}],"author":[{"embeddable":true,"href":"https:\/\/www.delicias-uk.com\/pt-pt\/wp-json\/wp\/v2\/users\/43533"}],"replies":[{"embeddable":true,"href":"https:\/\/www.delicias-uk.com\/pt-pt\/wp-json\/wp\/v2\/comments?post=213216"}],"wp:featuredmedia":[{"embeddable":true,"href":"https:\/\/www.delicias-uk.com\/pt-pt\/wp-json\/wp\/v2\/media\/87332"}],"wp:attachment":[{"href":"https:\/\/www.delicias-uk.com\/pt-pt\/wp-json\/wp\/v2\/media?parent=213216"}],"wp:term":[{"taxonomy":"pwb-brand","embeddable":true,"href":"https:\/\/www.delicias-uk.com\/pt-pt\/wp-json\/wp\/v2\/pwb-brand?post=213216"},{"taxonomy":"product_brand","embeddable":true,"href":"https:\/\/www.delicias-uk.com\/pt-pt\/wp-json\/wp\/v2\/product_brand?post=213216"},{"taxonomy":"product_cat","embeddable":true,"href":"https:\/\/www.delicias-uk.com\/pt-pt\/wp-json\/wp\/v2\/product_cat?post=213216"},{"taxonomy":"product_tag","embeddable":true,"href":"https:\/\/www.delicias-uk.com\/pt-pt\/wp-json\/wp\/v2\/product_tag?post=213216"}],"curies":[{"name":"wp","href":"https:\/\/api.w.org\/{rel}","templated":true}]}}