{"id":213212,"date":"2020-08-07T17:25:46","date_gmt":"2020-08-07T17:25:46","guid":{"rendered":"https:\/\/www.delicias-uk.com\/product\/painho-de-porco-preto-alentejano-sel-saqueta-300g\/"},"modified":"2026-04-19T11:02:20","modified_gmt":"2026-04-19T10:02:20","slug":"painho-de-porco-preto-alentejano-sel-saqueta-300g","status":"publish","type":"product","link":"https:\/\/www.delicias-uk.com\/pt-pt\/produto\/painho-de-porco-preto-alentejano-sel-saqueta-300g\/","title":{"rendered":"Painho de Porco Preto Alentejano SEL Saqueta 300g"},"content":{"rendered":"<p>Obtido a partir de carnes criteriosamente selecionadas, \u00e9 um enchido com sabor pr\u00f3prio e pouco salgado. De aspecto marmoreado a laranja e aroma forte e persistente, o Painho \u00e9 uma pe\u00e7a consistente e muito suculenta.<\/p>\n<p><strong>Ingredientes: <\/strong>Carne de porco (Origem: UE) (93%), \u00e1gua, pasta de pimenta vermelha, sal, alho, conservantes: (nitrito de s\u00f3dio e nitrato de pot\u00e1ssio) e antioxidantes: (\u00e1cido asc\u00f3rbico, ascorbato de s\u00f3dio, citrato de s\u00f3dio). Recheado em tripa natural. Fumado com madeira de azinheira. Cont\u00e9m a\u00e7\u00facares naturais.<\/p>\n<p><strong>Alergenicos:\u00a0<\/strong>nenhum<\/p>\n<p><strong>Informa\u00e7\u00e3o nutricional 100g:<\/strong><\/p>\n<ul style=\"list-style-type:disc;\">\n<li>Energia 1860 kJ \/ 449 Kcal<\/li>\n<li>Gorduras 40g das quais saturadas 16g<\/li>\n<li>Carboidratos 2,5g das quais A\u00e7\u00facares 0g<\/li>\n<li>Fibra 0g<\/li>\n<li>Prote\u00edna 21g<\/li>\n<li>Sal 4,4g<\/li>\n<\/ul>\n<p><strong>Pa\u00eds de origem<\/strong>: Portugal<\/p>\n","protected":false},"excerpt":{"rendered":"<ul style=\"list-style-type:disc;\">\n<li>Peso l\u00edquido 300g<\/li>\n<li>Sem gl\u00faten, lactose e a\u00e7\u00facar<\/li>\n<li>Fonte de prote\u00edna<\/li>\n<\/ul>\n","protected":false},"author":43533,"featured_media":87322,"comment_status":"open","ping_status":"closed","template":"","meta":[],"pwb-brand":[],"product_brand":[],"product_cat":[8289,8291,8337,8669,8499],"product_tag":[],"class_list":{"0":"post-213212","1":"product","2":"type-product","3":"status-publish","4":"has-post-thumbnail","6":"product_cat-inicio","7":"product_cat-produtos-portugueses","8":"product_cat-charcutaria","9":"product_cat-paio-outros","10":"product_cat-sem-glutem","12":"first","13":"instock","14":"taxable","15":"shipping-taxable","16":"purchasable","17":"product-type-simple"},"aioseo_notices":[],"brands":[],"_links":{"self":[{"href":"https:\/\/www.delicias-uk.com\/pt-pt\/wp-json\/wp\/v2\/product\/213212","targetHints":{"allow":["GET"]}}],"collection":[{"href":"https:\/\/www.delicias-uk.com\/pt-pt\/wp-json\/wp\/v2\/product"}],"about":[{"href":"https:\/\/www.delicias-uk.com\/pt-pt\/wp-json\/wp\/v2\/types\/product"}],"author":[{"embeddable":true,"href":"https:\/\/www.delicias-uk.com\/pt-pt\/wp-json\/wp\/v2\/users\/43533"}],"replies":[{"embeddable":true,"href":"https:\/\/www.delicias-uk.com\/pt-pt\/wp-json\/wp\/v2\/comments?post=213212"}],"wp:featuredmedia":[{"embeddable":true,"href":"https:\/\/www.delicias-uk.com\/pt-pt\/wp-json\/wp\/v2\/media\/87322"}],"wp:attachment":[{"href":"https:\/\/www.delicias-uk.com\/pt-pt\/wp-json\/wp\/v2\/media?parent=213212"}],"wp:term":[{"taxonomy":"pwb-brand","embeddable":true,"href":"https:\/\/www.delicias-uk.com\/pt-pt\/wp-json\/wp\/v2\/pwb-brand?post=213212"},{"taxonomy":"product_brand","embeddable":true,"href":"https:\/\/www.delicias-uk.com\/pt-pt\/wp-json\/wp\/v2\/product_brand?post=213212"},{"taxonomy":"product_cat","embeddable":true,"href":"https:\/\/www.delicias-uk.com\/pt-pt\/wp-json\/wp\/v2\/product_cat?post=213212"},{"taxonomy":"product_tag","embeddable":true,"href":"https:\/\/www.delicias-uk.com\/pt-pt\/wp-json\/wp\/v2\/product_tag?post=213212"}],"curies":[{"name":"wp","href":"https:\/\/api.w.org\/{rel}","templated":true}]}}