{"id":213202,"date":"2020-08-07T17:20:21","date_gmt":"2020-08-07T16:20:21","guid":{"rendered":"https:\/\/www.delicias-uk.com\/product\/nido-portuguese-milk-powder-700g-2\/"},"modified":"2026-02-24T11:52:02","modified_gmt":"2026-02-24T11:52:02","slug":"nido-portuguese-milk-powder-700g-2","status":"publish","type":"product","link":"https:\/\/www.delicias-uk.com\/pt-pt\/produto\/nido-portuguese-milk-powder-700g-2\/","title":{"rendered":"Leite em P\u00f3 Nido Nestl\u00e9 680g"},"content":{"rendered":"<p>A marca Nido tem a confian\u00e7a das m\u00e3es, com um sabor que os mi\u00fados adoram. Com seu foco em fornecer uma base nutricional para o crescimento e o desenvolvimento, a marca Nido tem ajudado m\u00e3es em todo o mundo a cuidar e criar crian\u00e7as nos \u00faltimos 70 anos.<\/p>\n<p>Os produtos Nido apresentam leite integral seco instant\u00e2neo com vitaminas A e D. \u00c9 uma boa fonte de c\u00e1lcio para ajudar as crian\u00e7as a desenvolver e manter ossos e dentes saud\u00e1veis.<\/p>\n","protected":false},"excerpt":{"rendered":"<p>A marca Nido tem a confian\u00e7a das m\u00e3es, com um sabor que os mi\u00fados adoram. Com seu foco em fornecer uma base nutricional para o crescimento e o desenvolvimento, a marca Nido tem ajudado m\u00e3es em todo o mundo a cuidar e criar crian\u00e7as nos \u00faltimos 70 anos. Os produtos Nido apresentam leite integral seco [&hellip;]<\/p>\n","protected":false},"author":43533,"featured_media":87302,"comment_status":"open","ping_status":"closed","template":"","meta":[],"pwb-brand":[],"product_brand":[],"product_cat":[8289,8699],"product_tag":[],"class_list":{"0":"post-213202","1":"product","2":"type-product","3":"status-publish","4":"has-post-thumbnail","6":"product_cat-inicio","7":"product_cat-leite","9":"first","10":"instock","11":"taxable","12":"shipping-taxable","13":"purchasable","14":"product-type-simple"},"aioseo_notices":[],"brands":[],"_links":{"self":[{"href":"https:\/\/www.delicias-uk.com\/pt-pt\/wp-json\/wp\/v2\/product\/213202","targetHints":{"allow":["GET"]}}],"collection":[{"href":"https:\/\/www.delicias-uk.com\/pt-pt\/wp-json\/wp\/v2\/product"}],"about":[{"href":"https:\/\/www.delicias-uk.com\/pt-pt\/wp-json\/wp\/v2\/types\/product"}],"author":[{"embeddable":true,"href":"https:\/\/www.delicias-uk.com\/pt-pt\/wp-json\/wp\/v2\/users\/43533"}],"replies":[{"embeddable":true,"href":"https:\/\/www.delicias-uk.com\/pt-pt\/wp-json\/wp\/v2\/comments?post=213202"}],"wp:featuredmedia":[{"embeddable":true,"href":"https:\/\/www.delicias-uk.com\/pt-pt\/wp-json\/wp\/v2\/media\/87302"}],"wp:attachment":[{"href":"https:\/\/www.delicias-uk.com\/pt-pt\/wp-json\/wp\/v2\/media?parent=213202"}],"wp:term":[{"taxonomy":"pwb-brand","embeddable":true,"href":"https:\/\/www.delicias-uk.com\/pt-pt\/wp-json\/wp\/v2\/pwb-brand?post=213202"},{"taxonomy":"product_brand","embeddable":true,"href":"https:\/\/www.delicias-uk.com\/pt-pt\/wp-json\/wp\/v2\/product_brand?post=213202"},{"taxonomy":"product_cat","embeddable":true,"href":"https:\/\/www.delicias-uk.com\/pt-pt\/wp-json\/wp\/v2\/product_cat?post=213202"},{"taxonomy":"product_tag","embeddable":true,"href":"https:\/\/www.delicias-uk.com\/pt-pt\/wp-json\/wp\/v2\/product_tag?post=213202"}],"curies":[{"name":"wp","href":"https:\/\/api.w.org\/{rel}","templated":true}]}}