{"id":213196,"date":"2020-08-07T15:32:42","date_gmt":"2020-08-07T15:32:42","guid":{"rendered":"https:\/\/www.delicias-uk.com\/product\/farinha-nacional-pronta-para-pao-caseiro-1kg\/"},"modified":"2020-08-07T15:32:42","modified_gmt":"2020-08-07T15:32:42","slug":"farinha-nacional-pronta-para-pao-caseiro-1kg","status":"publish","type":"product","link":"https:\/\/www.delicias-uk.com\/pt-pt\/produto\/farinha-nacional-pronta-para-pao-caseiro-1kg\/","title":{"rendered":"Farinha Nacional Pronta Para P\u00e3o Caseiro 1kg"},"content":{"rendered":"<p>A farinha preparada para P\u00e3o Caseiro da Nacional \u00e9 uma mistura especialmente concebida para a confe\u00e7\u00e3o de p\u00e3o branco. Com as nossas sugest\u00f5es e a sua criatividade, poder\u00e1 preparar um p\u00e3o diferente todos os dias. Basta adicionar os ingredientes que mais gosta.<\/p>\n","protected":false},"excerpt":{"rendered":"<ul style=\"list-style-type:disc;\">\n<li>Peso l\u00edquido 1kg<\/li>\n<li>Para confec\u00e7\u00e3o \u00e0 m\u00e3o ou m\u00e1quina<\/li>\n<li>Produto Portugu\u00eas<\/li>\n<\/ul>\n","protected":false},"author":43533,"featured_media":87290,"comment_status":"open","ping_status":"closed","template":"","meta":[],"pwb-brand":[],"product_brand":[],"product_cat":[8527,8347],"product_tag":[],"class_list":{"0":"post-213196","1":"product","2":"type-product","3":"status-publish","4":"has-post-thumbnail","6":"product_cat-farinhas-pao-ralado","7":"product_cat-vegetariano","9":"first","10":"instock","11":"taxable","12":"shipping-taxable","13":"purchasable","14":"product-type-simple"},"aioseo_notices":[],"brands":[],"_links":{"self":[{"href":"https:\/\/www.delicias-uk.com\/pt-pt\/wp-json\/wp\/v2\/product\/213196","targetHints":{"allow":["GET"]}}],"collection":[{"href":"https:\/\/www.delicias-uk.com\/pt-pt\/wp-json\/wp\/v2\/product"}],"about":[{"href":"https:\/\/www.delicias-uk.com\/pt-pt\/wp-json\/wp\/v2\/types\/product"}],"author":[{"embeddable":true,"href":"https:\/\/www.delicias-uk.com\/pt-pt\/wp-json\/wp\/v2\/users\/43533"}],"replies":[{"embeddable":true,"href":"https:\/\/www.delicias-uk.com\/pt-pt\/wp-json\/wp\/v2\/comments?post=213196"}],"wp:featuredmedia":[{"embeddable":true,"href":"https:\/\/www.delicias-uk.com\/pt-pt\/wp-json\/wp\/v2\/media\/87290"}],"wp:attachment":[{"href":"https:\/\/www.delicias-uk.com\/pt-pt\/wp-json\/wp\/v2\/media?parent=213196"}],"wp:term":[{"taxonomy":"pwb-brand","embeddable":true,"href":"https:\/\/www.delicias-uk.com\/pt-pt\/wp-json\/wp\/v2\/pwb-brand?post=213196"},{"taxonomy":"product_brand","embeddable":true,"href":"https:\/\/www.delicias-uk.com\/pt-pt\/wp-json\/wp\/v2\/product_brand?post=213196"},{"taxonomy":"product_cat","embeddable":true,"href":"https:\/\/www.delicias-uk.com\/pt-pt\/wp-json\/wp\/v2\/product_cat?post=213196"},{"taxonomy":"product_tag","embeddable":true,"href":"https:\/\/www.delicias-uk.com\/pt-pt\/wp-json\/wp\/v2\/product_tag?post=213196"}],"curies":[{"name":"wp","href":"https:\/\/api.w.org\/{rel}","templated":true}]}}