{"id":213192,"date":"2020-08-07T12:23:34","date_gmt":"2020-08-07T12:23:34","guid":{"rendered":"https:\/\/www.delicias-uk.com\/product\/bacalhau-salgado-seco-cortado-lombos-atn-sublime-lugrade-1kg\/"},"modified":"2025-12-08T22:42:22","modified_gmt":"2025-12-08T22:42:22","slug":"bacalhau-salgado-seco-cortado-lombos-atn-sublime-lugrade-1kg","status":"publish","type":"product","link":"https:\/\/www.delicias-uk.com\/pt-pt\/produto\/bacalhau-salgado-seco-cortado-lombos-atn-sublime-lugrade-1kg\/","title":{"rendered":"Bacalhau Salgado Seco Cortado Lombos Extra Lugrade 2.2Kg"},"content":{"rendered":"<p>O Bacalhau Salgado Seco Cortado Lombos Extra Lugrade \u00e9 considerado uma das partes mais nobres do bacalhau. Ele \u00e9 produzido pela marca Lugrade, conhecida por sua qualidade na sele\u00e7\u00e3o e cura do bacalhau. Os lombos extra s\u00e3o a parte central e mais carnuda do peixe, ideal para pratos refinados e tradicionais.<\/p>\n<p>Caracter\u00edsticas do Lombo de Bacalhau Extra Lugrade<\/p>\n<p>Sabor: Intenso e aut\u00eantico, devido ao processo de salga e cura.<\/p>\n<p>Uso: Perfeito para assados, grelhados, ou pratos cl\u00e1ssicos como o bacalhau \u00e0 lagareiro, bacalhau com natas, ou bacalhau espiritual.<\/p>\n","protected":false},"excerpt":{"rendered":"<ul style=\"list-style-type:disc;\">\n<li>Bacalhau Salgado Seco Cortado Lombos<\/li>\n<li>Marca: Lugrade<\/li>\n<li>Esp\u00e9cie: Gadus Morhua<\/li>\n<li>Origem: Isl\u00e2ndia | Noruega | Atl\u00e2ntico Norte | Ilhas Faro\u00e9<\/li>\n<\/ul>\n","protected":false},"author":43533,"featured_media":87282,"comment_status":"open","ping_status":"closed","template":"","meta":[],"pwb-brand":[],"product_brand":[],"product_cat":[9327,8289,8291,8387],"product_tag":[],"class_list":{"0":"post-213192","1":"product","2":"type-product","3":"status-publish","4":"has-post-thumbnail","6":"product_cat-lombo","7":"product_cat-inicio","8":"product_cat-produtos-portugueses","9":"product_cat-bacalhau-seco","11":"first","12":"instock","13":"taxable","14":"shipping-taxable","15":"purchasable","16":"product-type-simple"},"aioseo_notices":[],"brands":[],"_links":{"self":[{"href":"https:\/\/www.delicias-uk.com\/pt-pt\/wp-json\/wp\/v2\/product\/213192","targetHints":{"allow":["GET"]}}],"collection":[{"href":"https:\/\/www.delicias-uk.com\/pt-pt\/wp-json\/wp\/v2\/product"}],"about":[{"href":"https:\/\/www.delicias-uk.com\/pt-pt\/wp-json\/wp\/v2\/types\/product"}],"author":[{"embeddable":true,"href":"https:\/\/www.delicias-uk.com\/pt-pt\/wp-json\/wp\/v2\/users\/43533"}],"replies":[{"embeddable":true,"href":"https:\/\/www.delicias-uk.com\/pt-pt\/wp-json\/wp\/v2\/comments?post=213192"}],"wp:featuredmedia":[{"embeddable":true,"href":"https:\/\/www.delicias-uk.com\/pt-pt\/wp-json\/wp\/v2\/media\/87282"}],"wp:attachment":[{"href":"https:\/\/www.delicias-uk.com\/pt-pt\/wp-json\/wp\/v2\/media?parent=213192"}],"wp:term":[{"taxonomy":"pwb-brand","embeddable":true,"href":"https:\/\/www.delicias-uk.com\/pt-pt\/wp-json\/wp\/v2\/pwb-brand?post=213192"},{"taxonomy":"product_brand","embeddable":true,"href":"https:\/\/www.delicias-uk.com\/pt-pt\/wp-json\/wp\/v2\/product_brand?post=213192"},{"taxonomy":"product_cat","embeddable":true,"href":"https:\/\/www.delicias-uk.com\/pt-pt\/wp-json\/wp\/v2\/product_cat?post=213192"},{"taxonomy":"product_tag","embeddable":true,"href":"https:\/\/www.delicias-uk.com\/pt-pt\/wp-json\/wp\/v2\/product_tag?post=213192"}],"curies":[{"name":"wp","href":"https:\/\/api.w.org\/{rel}","templated":true}]}}