{"id":213190,"date":"2020-08-07T11:27:36","date_gmt":"2020-08-07T11:27:36","guid":{"rendered":"https:\/\/www.delicias-uk.com\/product\/chourico-alentejano-sel-saqueta-250g\/"},"modified":"2026-03-29T15:37:07","modified_gmt":"2026-03-29T14:37:07","slug":"chourico-alentejano-sel-saqueta-250g","status":"publish","type":"product","link":"https:\/\/www.delicias-uk.com\/pt-pt\/produto\/chourico-alentejano-sel-saqueta-250g\/","title":{"rendered":"Chouri\u00e7o Alentejano SEL Saqueta 250g"},"content":{"rendered":"<p>Charcutaria sem aditivos, 100% natural. A melhor carne \u00e9 selecionada e, depois de finamente picada, \u00e9 temperada com condimentos tradicionais alentejanos. Tem um aroma ativo e persistente e um sabor intenso, ligeiramente salgado. \u00c9 uma pe\u00e7a com uma textura consistente, mas muito tenra.<\/p>\n<p><strong>Ingredientes<\/strong>: Carne de porco (Origem: 100% portuguesa) (91%), \u00e1gua, sal, massa de pimenta, alho. Enchido em tripa natural. Fumado com madeira de azinho. Cont\u00e9m a\u00e7\u00facares naturalmente presentes.<\/p>\n<p><strong>Al\u00e9rgenos<\/strong>: nenhum<\/p>\n<p><strong>Informa\u00e7\u00f5es nutricionais por 100g:<\/strong><\/p>\n<ul style=\"list-style-type:disc;\">\n<li>Energia \u2013 1742 kJ \/ 416 Kcal<\/li>\n<li>L\u00edpidos \u2013 34,5 g<\/li>\n<li>dos quais saturados \u2013 13,8 g<\/li>\n<li>Carboidratos 4,9 g<\/li>\n<li>dos quais a\u00e7\u00facares \u2013 0,2 g<\/li>\n<li>Fibra \u2013 0,1 g<\/li>\n<li>Prote\u00edna \u2013 21,4 g<\/li>\n<li>Sal \u2013 3,5 g<\/li>\n<\/ul>\n<p><strong>Pa\u00eds de origem<\/strong>: Portugal<\/p>\n","protected":false},"excerpt":{"rendered":"<ul style=\"list-style-type:disc;\">\n<li>Peso l\u00edquido 250g<\/li>\n<li>Sem gl\u00faten, lactose e a\u00e7\u00facar<\/li>\n<li>100% natural<\/li>\n<\/ul>\n","protected":false},"author":43533,"featured_media":87276,"comment_status":"open","ping_status":"closed","template":"","meta":[],"pwb-brand":[],"product_brand":[],"product_cat":[8289,8291,8337,8663,8499],"product_tag":[],"class_list":{"0":"post-213190","1":"product","2":"type-product","3":"status-publish","4":"has-post-thumbnail","6":"product_cat-inicio","7":"product_cat-produtos-portugueses","8":"product_cat-charcutaria","9":"product_cat-chourico-e-salsicha","10":"product_cat-sem-glutem","12":"first","13":"instock","14":"taxable","15":"shipping-taxable","16":"purchasable","17":"product-type-simple"},"aioseo_notices":[],"brands":[],"_links":{"self":[{"href":"https:\/\/www.delicias-uk.com\/pt-pt\/wp-json\/wp\/v2\/product\/213190","targetHints":{"allow":["GET"]}}],"collection":[{"href":"https:\/\/www.delicias-uk.com\/pt-pt\/wp-json\/wp\/v2\/product"}],"about":[{"href":"https:\/\/www.delicias-uk.com\/pt-pt\/wp-json\/wp\/v2\/types\/product"}],"author":[{"embeddable":true,"href":"https:\/\/www.delicias-uk.com\/pt-pt\/wp-json\/wp\/v2\/users\/43533"}],"replies":[{"embeddable":true,"href":"https:\/\/www.delicias-uk.com\/pt-pt\/wp-json\/wp\/v2\/comments?post=213190"}],"wp:featuredmedia":[{"embeddable":true,"href":"https:\/\/www.delicias-uk.com\/pt-pt\/wp-json\/wp\/v2\/media\/87276"}],"wp:attachment":[{"href":"https:\/\/www.delicias-uk.com\/pt-pt\/wp-json\/wp\/v2\/media?parent=213190"}],"wp:term":[{"taxonomy":"pwb-brand","embeddable":true,"href":"https:\/\/www.delicias-uk.com\/pt-pt\/wp-json\/wp\/v2\/pwb-brand?post=213190"},{"taxonomy":"product_brand","embeddable":true,"href":"https:\/\/www.delicias-uk.com\/pt-pt\/wp-json\/wp\/v2\/product_brand?post=213190"},{"taxonomy":"product_cat","embeddable":true,"href":"https:\/\/www.delicias-uk.com\/pt-pt\/wp-json\/wp\/v2\/product_cat?post=213190"},{"taxonomy":"product_tag","embeddable":true,"href":"https:\/\/www.delicias-uk.com\/pt-pt\/wp-json\/wp\/v2\/product_tag?post=213190"}],"curies":[{"name":"wp","href":"https:\/\/api.w.org\/{rel}","templated":true}]}}