{"id":213186,"date":"2020-08-07T11:15:34","date_gmt":"2020-08-07T11:15:34","guid":{"rendered":"https:\/\/www.delicias-uk.com\/product\/cataplana-de-cobre-martelado-18cm-1unid-4\/"},"modified":"2025-02-06T17:17:41","modified_gmt":"2025-02-06T17:17:41","slug":"cataplana-de-cobre-martelado-18cm-1unid-4","status":"publish","type":"product","link":"https:\/\/www.delicias-uk.com\/pt-pt\/produto\/cataplana-de-cobre-martelado-18cm-1unid-4\/","title":{"rendered":"Cataplana de Cobre Martelado 24cm"},"content":{"rendered":"<p style=\"margin-top:0pt;margin-bottom:0pt;margin-left:0in;text-align:left;\"><span style=\"font-size:11pt;font-family:Calibri;color:#000000;font-weight:normal;font-style:normal;\">Panela <\/span><span style=\"font-size:11pt;font-family:Calibri;color:#000000;font-weight:normal;font-style:normal;\">Portuguesa Cataplana de Cobre <\/span><span style=\"font-size:11pt;font-family:Calibri;color:#000000;font-weight:normal;font-style:normal;\">Martelada<\/span><span style=\"font-size:11pt;font-family:Calibri;color:#000000;\"><br \/><\/span><span style=\"font-size:11pt;font-family:Calibri;color:#000000;font-weight:normal;font-style:normal;\">Utilizada <\/span><span style=\"font-size:11pt;font-family:Calibri;color:#000000;font-weight:normal;font-style:normal;\">para cozinhar receitas tipicamente mediterr\u00e2nicas, muito especialmente am\u00eaijoas e mariscos, <\/span><span style=\"font-size:11pt;font-family:Calibri;color:#000000;font-weight:normal;font-style:normal;\">o <\/span><span style=\"font-size:11pt;font-family:Calibri;color:#000000;font-weight:normal;font-style:normal;\">processo de cozedura utilizado na Cataplana impede a perda dos aromas dos alimentos, garantindo um pleno e excelente sabor<\/span><span style=\"font-size:11pt;font-family:Calibri;color:#000000;font-weight:normal;font-style:normal;\">.<\/span><span style=\"font-size:11pt;font-family:Calibri;color:#000000;font-weight:normal;font-style:normal;\"> <\/span><span style=\"font-size:11pt;font-family:Calibri;color:#000000;font-weight:normal;font-style:normal;\">Al\u00e9m <\/span><span style=\"font-size:11pt;font-family:Calibri;color:#000000;font-weight:normal;font-style:normal;\">disso, a cozedura na Cataplana \u00e9 mais saud\u00e1vel, pois permite reduzir calorias e gordura na confec\u00e7\u00e3o das suas receitas. A t\u00edpica Cataplana em cobre (estanhada no interior<\/span><span style=\"font-size:11pt;font-family:Calibri;color:#000000;font-weight:normal;font-style:normal;\">), distribui <\/span><span style=\"font-size:11pt;font-family:Calibri;color:#000000;font-weight:normal;font-style:normal;\">o calor de forma mais uniforme e eficiente<\/span><span style=\"font-size:11pt;font-family:Calibri;color:#000000;font-weight:normal;font-style:normal;\">. <\/span><\/p>\n<p style=\"margin-top:0pt;margin-bottom:0pt;margin-left:0in;text-align:left;\">\n<p style=\"margin-top:0pt;margin-bottom:0pt;margin-left:0in;text-align:left;\">\n","protected":false},"excerpt":{"rendered":"<p>Panela Portuguesa Cataplana de Cobre MarteladaUtilizada para cozinhar receitas tipicamente mediterr\u00e2nicas, muito especialmente am\u00eaijoas e mariscos, o processo de cozedura utilizado na Cataplana impede a perda dos aromas dos alimentos, garantindo um pleno e excelente sabor. Al\u00e9m disso, a cozedura na Cataplana \u00e9 mais saud\u00e1vel, pois permite reduzir calorias e gordura na confec\u00e7\u00e3o das suas [&hellip;]<\/p>\n","protected":false},"author":43533,"featured_media":87268,"comment_status":"open","ping_status":"closed","template":"","meta":[],"pwb-brand":[],"product_brand":[],"product_cat":[8289,8441,8425],"product_tag":[],"class_list":{"0":"post-213186","1":"product","2":"type-product","3":"status-publish","4":"has-post-thumbnail","6":"product_cat-inicio","7":"product_cat-utensilios-de-cozinha-pt-pt","8":"product_cat-utensilios-de-cozinha","10":"first","11":"instock","12":"taxable","13":"shipping-taxable","14":"purchasable","15":"product-type-simple"},"aioseo_notices":[],"brands":[],"_links":{"self":[{"href":"https:\/\/www.delicias-uk.com\/pt-pt\/wp-json\/wp\/v2\/product\/213186","targetHints":{"allow":["GET"]}}],"collection":[{"href":"https:\/\/www.delicias-uk.com\/pt-pt\/wp-json\/wp\/v2\/product"}],"about":[{"href":"https:\/\/www.delicias-uk.com\/pt-pt\/wp-json\/wp\/v2\/types\/product"}],"author":[{"embeddable":true,"href":"https:\/\/www.delicias-uk.com\/pt-pt\/wp-json\/wp\/v2\/users\/43533"}],"replies":[{"embeddable":true,"href":"https:\/\/www.delicias-uk.com\/pt-pt\/wp-json\/wp\/v2\/comments?post=213186"}],"wp:featuredmedia":[{"embeddable":true,"href":"https:\/\/www.delicias-uk.com\/pt-pt\/wp-json\/wp\/v2\/media\/87268"}],"wp:attachment":[{"href":"https:\/\/www.delicias-uk.com\/pt-pt\/wp-json\/wp\/v2\/media?parent=213186"}],"wp:term":[{"taxonomy":"pwb-brand","embeddable":true,"href":"https:\/\/www.delicias-uk.com\/pt-pt\/wp-json\/wp\/v2\/pwb-brand?post=213186"},{"taxonomy":"product_brand","embeddable":true,"href":"https:\/\/www.delicias-uk.com\/pt-pt\/wp-json\/wp\/v2\/product_brand?post=213186"},{"taxonomy":"product_cat","embeddable":true,"href":"https:\/\/www.delicias-uk.com\/pt-pt\/wp-json\/wp\/v2\/product_cat?post=213186"},{"taxonomy":"product_tag","embeddable":true,"href":"https:\/\/www.delicias-uk.com\/pt-pt\/wp-json\/wp\/v2\/product_tag?post=213186"}],"curies":[{"name":"wp","href":"https:\/\/api.w.org\/{rel}","templated":true}]}}