{"id":213184,"date":"2020-08-07T11:14:18","date_gmt":"2020-08-07T11:14:18","guid":{"rendered":"https:\/\/www.delicias-uk.com\/product\/cataplana-de-cobre-martelado-18cm-1unid-3\/"},"modified":"2020-08-07T11:14:18","modified_gmt":"2020-08-07T11:14:18","slug":"cataplana-de-cobre-martelado-18cm-1unid-3","status":"publish","type":"product","link":"https:\/\/www.delicias-uk.com\/pt-pt\/produto\/cataplana-de-cobre-martelado-18cm-1unid-3\/","title":{"rendered":"Cataplana de Cobre Martelado 21cm"},"content":{"rendered":"<p>Utilizada para cozinhar receitas tipicamente mediterr\u00e2nicas, muito especialmente am\u00eaijoas e mariscos, o processo de cozedura utilizado na Cataplana impede a perda dos aromas dos alimentos, garantindo um pleno e excelente sabor. Al\u00e9m disso, a cozedura na Cataplana \u00e9 mais saud\u00e1vel, pois permite reduzir calorias e gordura na confec\u00e7\u00e3o das suas receitas. A t\u00edpica Cataplana em cobre (estanhada no interior), distribui o calor de forma mais uniforme e eficiente.<\/p>\n","protected":false},"excerpt":{"rendered":"<p>Utilizada para cozinhar receitas tipicamente mediterr\u00e2nicas, muito especialmente am\u00eaijoas e mariscos, o processo de cozedura utilizado na Cataplana impede a perda dos aromas dos alimentos, garantindo um pleno e excelente sabor. Al\u00e9m disso, a cozedura na Cataplana \u00e9 mais saud\u00e1vel, pois permite reduzir calorias e gordura na confec\u00e7\u00e3o das suas receitas. A t\u00edpica Cataplana em [&hellip;]<\/p>\n","protected":false},"author":43533,"featured_media":87264,"comment_status":"open","ping_status":"closed","template":"","meta":[],"pwb-brand":[],"product_brand":[],"product_cat":[8289,8441,8425],"product_tag":[],"class_list":{"0":"post-213184","1":"product","2":"type-product","3":"status-publish","4":"has-post-thumbnail","6":"product_cat-inicio","7":"product_cat-utensilios-de-cozinha-pt-pt","8":"product_cat-utensilios-de-cozinha","10":"first","11":"outofstock","12":"taxable","13":"shipping-taxable","14":"purchasable","15":"product-type-simple"},"aioseo_notices":[],"brands":[],"_links":{"self":[{"href":"https:\/\/www.delicias-uk.com\/pt-pt\/wp-json\/wp\/v2\/product\/213184","targetHints":{"allow":["GET"]}}],"collection":[{"href":"https:\/\/www.delicias-uk.com\/pt-pt\/wp-json\/wp\/v2\/product"}],"about":[{"href":"https:\/\/www.delicias-uk.com\/pt-pt\/wp-json\/wp\/v2\/types\/product"}],"author":[{"embeddable":true,"href":"https:\/\/www.delicias-uk.com\/pt-pt\/wp-json\/wp\/v2\/users\/43533"}],"replies":[{"embeddable":true,"href":"https:\/\/www.delicias-uk.com\/pt-pt\/wp-json\/wp\/v2\/comments?post=213184"}],"wp:featuredmedia":[{"embeddable":true,"href":"https:\/\/www.delicias-uk.com\/pt-pt\/wp-json\/wp\/v2\/media\/87264"}],"wp:attachment":[{"href":"https:\/\/www.delicias-uk.com\/pt-pt\/wp-json\/wp\/v2\/media?parent=213184"}],"wp:term":[{"taxonomy":"pwb-brand","embeddable":true,"href":"https:\/\/www.delicias-uk.com\/pt-pt\/wp-json\/wp\/v2\/pwb-brand?post=213184"},{"taxonomy":"product_brand","embeddable":true,"href":"https:\/\/www.delicias-uk.com\/pt-pt\/wp-json\/wp\/v2\/product_brand?post=213184"},{"taxonomy":"product_cat","embeddable":true,"href":"https:\/\/www.delicias-uk.com\/pt-pt\/wp-json\/wp\/v2\/product_cat?post=213184"},{"taxonomy":"product_tag","embeddable":true,"href":"https:\/\/www.delicias-uk.com\/pt-pt\/wp-json\/wp\/v2\/product_tag?post=213184"}],"curies":[{"name":"wp","href":"https:\/\/api.w.org\/{rel}","templated":true}]}}