{"id":213142,"date":"2020-06-26T13:53:17","date_gmt":"2020-06-26T12:53:17","guid":{"rendered":"https:\/\/www.delicias-uk.com\/product\/pimenta-comari-cepera-70ml\/"},"modified":"2026-02-24T11:52:25","modified_gmt":"2026-02-24T11:52:25","slug":"pimenta-comari-cepera-70ml","status":"publish","type":"product","link":"https:\/\/www.delicias-uk.com\/pt-pt\/produto\/pimenta-comari-cepera-70ml\/","title":{"rendered":"Pimenta Comari Cep\u00eara 70ml"},"content":{"rendered":"<p><span xml:lang=\"pt-br\" lang=\"pt-br\" class=\"TextRun SCXW81621994 BCX8\" style=\"margin:0px;padding:0px;background-color:#ffffff;font-size:11pt;line-height:19.7625px;font-family:Calibri, 'Calibri_EmbeddedFont', 'Calibri_MSFontService', sans-serif;\"><span class=\"NormalTextRun SCXW81621994 BCX8\" style=\"margin:0px;padding:0px;\">Entre as mais picantes est\u00e1 a <\/span><span class=\"NormalTextRun SpellingErrorV2Themed SCXW81621994 BCX8\" style=\"margin:0px;padding:0px;background-position:0px 100%;background-repeat:repeat-x;border-bottom:1px solid transparent;\">cumari<\/span><span class=\"NormalTextRun SCXW81621994 BCX8\" style=\"margin:0px;padding:0px;\">. Nativa da regi\u00e3o amaz\u00f4nica, ela \u00e9 pequena e de sabor forte. Estudos mostram que ela\u00a0<\/span><span class=\"NormalTextRun SCXW81621994 BCX8\" style=\"margin:0px;padding:0px;\">\u00e9 uma das mais ricas em antioxidantes<\/span><span class=\"NormalTextRun SCXW81621994 BCX8\" style=\"margin:0px;padding:0px;\">. Essa pimenta combina com molhos e marinadas, al\u00e9m der \u00f3tima para conservas.<\/span><\/span><span xml:lang=\"pt-br\" lang=\"pt-br\" class=\"TextRun SCXW81621994 BCX8\" style=\"margin:0px;padding:0px;background-color:#ffffff;font-size:11pt;line-height:19.7625px;font-family:Calibri, 'Calibri_EmbeddedFont', 'Calibri_MSFontService', sans-serif;\"><span class=\"NormalTextRun SCXW81621994 BCX8\" style=\"margin:0px;padding:0px;\"> <\/span><\/span><span xml:lang=\"pt-br\" lang=\"pt-br\" class=\"TextRun SCXW81621994 BCX8\" style=\"margin:0px;padding:0px;background-color:#ffffff;font-size:11pt;line-height:19.7625px;font-family:Calibri, 'Calibri_EmbeddedFont', 'Calibri_MSFontService', sans-serif;\"><span class=\"NormalTextRun SCXW81621994 BCX8\" style=\"margin:0px;padding:0px;\">Indicada para molhos, cozidos e marinados. Ingredientes:\u00a0Pimenta-<\/span><span class=\"NormalTextRun SpellingErrorV2Themed SCXW81621994 BCX8\" style=\"margin:0px;padding:0px;background-position:0px 100%;background-repeat:repeat-x;border-bottom:1px solid transparent;\">comari<\/span><span class=\"NormalTextRun SCXW81621994 BCX8\" style=\"margin:0px;padding:0px;\">, vinagre e sal. N\u00e3o cont\u00e9m Gl\u00faten.<\/span><\/span><span class=\"EOP SCXW81621994 BCX8\" style=\"margin:0px;padding:0px;background-color:#ffffff;font-size:11pt;line-height:19.7625px;font-family:Calibri, 'Calibri_EmbeddedFont', 'Calibri_MSFontService', sans-serif;\"> <\/span><\/p>\n","protected":false},"excerpt":{"rendered":"<div class=\"OutlineElement Ltr SCXW22303010 BCX8\" style=\"margin:0px;padding:0px;clear:both;font-family:'Segoe UI', 'Segoe UI Web', Arial, Verdana, sans-serif;font-size:12px;background-color:#ffffff;\">\n<p class=\"Paragraph SCXW22303010 BCX8\" xml:lang=\"pt-br\" lang=\"pt-br\" style=\"margin:0px 0px 10.6667px;padding:0px;vertical-align:baseline;background-color:transparent;\"><span xml:lang=\"pt-br\" lang=\"pt-br\" class=\"TextRun SCXW22303010 BCX8\" style=\"margin:0px;padding:0px;font-size:11pt;line-height:19.7625px;font-family:Calibri, 'Calibri_EmbeddedFont', 'Calibri_MSFontService', sans-serif;\"><span class=\"NormalTextRun SCXW22303010 BCX8\" style=\"margin:0px;padding:0px;\">. A Pimenta brasileira muito cultivada no<\/span><span class=\"NormalTextRun SCXW22303010 BCX8\" style=\"margin:0px;padding:0px;\"> <\/span><\/span><span xml:lang=\"pt-br\" lang=\"pt-br\" class=\"TextRun SCXW22303010 BCX8\" style=\"margin:0px;padding:0px;font-size:11pt;line-height:19.7625px;font-family:Calibri, 'Calibri_EmbeddedFont', 'Calibri_MSFontService', sans-serif;\">amaz\u00f4nica.<\/span><span class=\"EOP SCXW22303010 BCX8\" style=\"margin:0px;padding:0px;font-size:11pt;line-height:19.7625px;font-family:Calibri, 'Calibri_EmbeddedFont', 'Calibri_MSFontService', sans-serif;\">\u00a0<\/span><\/p>\n<\/p><\/div>\n<div class=\"OutlineElement Ltr SCXW22303010 BCX8\" style=\"margin:0px;padding:0px;clear:both;font-family:'Segoe UI', 'Segoe UI Web', Arial, Verdana, sans-serif;font-size:12px;background-color:#ffffff;\">\n<p class=\"Paragraph SCXW22303010 BCX8\" xml:lang=\"pt-br\" lang=\"pt-br\" style=\"margin:0px 0px 10.6667px;padding:0px;vertical-align:baseline;background-color:transparent;\"><span xml:lang=\"pt-br\" lang=\"pt-br\" class=\"TextRun SCXW22303010 BCX8\" style=\"margin:0px;padding:0px;font-size:11pt;line-height:19.7625px;font-family:Calibri, 'Calibri_EmbeddedFont', 'Calibri_MSFontService', sans-serif;\"><span class=\"NormalTextRun SCXW22303010 BCX8\" style=\"margin:0px;padding:0px;\">. <\/span><span class=\"NormalTextRun SCXW22303010 BCX8\" style=\"margin:0px;padding:0px;\">Possui um aroma e sabor deliciosos.<\/span><\/span><span class=\"EOP SCXW22303010 BCX8\" style=\"margin:0px;padding:0px;font-size:11pt;line-height:19.7625px;font-family:Calibri, 'Calibri_EmbeddedFont', 'Calibri_MSFontService', sans-serif;\">\u00a0<\/span><\/p>\n<\/p><\/div>\n<div class=\"OutlineElement Ltr SCXW22303010 BCX8\" style=\"margin:0px;padding:0px;clear:both;font-family:'Segoe UI', 'Segoe UI Web', Arial, Verdana, sans-serif;font-size:12px;background-color:#ffffff;\">\n<p class=\"Paragraph SCXW22303010 BCX8\" xml:lang=\"pt-br\" lang=\"pt-br\" style=\"margin:0px 0px 10.6667px;padding:0px;vertical-align:baseline;background-color:transparent;\"><span xml:lang=\"pt-br\" lang=\"pt-br\" class=\"TextRun SCXW22303010 BCX8\" style=\"margin:0px;padding:0px;font-size:11pt;line-height:19.7625px;font-family:Calibri, 'Calibri_EmbeddedFont', 'Calibri_MSFontService', sans-serif;\"><span class=\"NormalTextRun SCXW22303010 BCX8\" style=\"margin:0px;padding:0px;\">. <\/span><span class=\"NormalTextRun SCXW22303010 BCX8\" style=\"margin:0px;padding:0px;\">Seu sabor \u00e9 frutado e quente, caracter\u00edstica das pimentas de cheiro.<\/span><\/span><span class=\"EOP SCXW22303010 BCX8\" style=\"margin:0px;padding:0px;font-size:11pt;line-height:19.7625px;font-family:Calibri, 'Calibri_EmbeddedFont', 'Calibri_MSFontService', sans-serif;\"> <\/span><\/p>\n<\/p><\/div>\n","protected":false},"author":43533,"featured_media":87174,"comment_status":"open","ping_status":"closed","template":"","meta":[],"pwb-brand":[],"product_brand":[],"product_cat":[8289,8293,8409,8477],"product_tag":[],"class_list":{"0":"post-213142","1":"product","2":"type-product","3":"status-publish","4":"has-post-thumbnail","6":"product_cat-inicio","7":"product_cat-produtos-brasileiros","8":"product_cat-temperos-molhos-e-legumes","9":"product_cat-pimentas-molhos","11":"first","12":"instock","13":"taxable","14":"shipping-taxable","15":"purchasable","16":"product-type-simple"},"aioseo_notices":[],"brands":[],"_links":{"self":[{"href":"https:\/\/www.delicias-uk.com\/pt-pt\/wp-json\/wp\/v2\/product\/213142","targetHints":{"allow":["GET"]}}],"collection":[{"href":"https:\/\/www.delicias-uk.com\/pt-pt\/wp-json\/wp\/v2\/product"}],"about":[{"href":"https:\/\/www.delicias-uk.com\/pt-pt\/wp-json\/wp\/v2\/types\/product"}],"author":[{"embeddable":true,"href":"https:\/\/www.delicias-uk.com\/pt-pt\/wp-json\/wp\/v2\/users\/43533"}],"replies":[{"embeddable":true,"href":"https:\/\/www.delicias-uk.com\/pt-pt\/wp-json\/wp\/v2\/comments?post=213142"}],"wp:featuredmedia":[{"embeddable":true,"href":"https:\/\/www.delicias-uk.com\/pt-pt\/wp-json\/wp\/v2\/media\/87174"}],"wp:attachment":[{"href":"https:\/\/www.delicias-uk.com\/pt-pt\/wp-json\/wp\/v2\/media?parent=213142"}],"wp:term":[{"taxonomy":"pwb-brand","embeddable":true,"href":"https:\/\/www.delicias-uk.com\/pt-pt\/wp-json\/wp\/v2\/pwb-brand?post=213142"},{"taxonomy":"product_brand","embeddable":true,"href":"https:\/\/www.delicias-uk.com\/pt-pt\/wp-json\/wp\/v2\/product_brand?post=213142"},{"taxonomy":"product_cat","embeddable":true,"href":"https:\/\/www.delicias-uk.com\/pt-pt\/wp-json\/wp\/v2\/product_cat?post=213142"},{"taxonomy":"product_tag","embeddable":true,"href":"https:\/\/www.delicias-uk.com\/pt-pt\/wp-json\/wp\/v2\/product_tag?post=213142"}],"curies":[{"name":"wp","href":"https:\/\/api.w.org\/{rel}","templated":true}]}}