{"id":213140,"date":"2020-06-26T13:50:00","date_gmt":"2020-06-26T12:50:00","guid":{"rendered":"https:\/\/www.delicias-uk.com\/product\/molho-de-pimenta-caseirinho-cepera-frasco-60ml\/"},"modified":"2026-02-24T11:55:20","modified_gmt":"2026-02-24T11:55:20","slug":"molho-de-pimenta-caseirinho-cepera-frasco-60ml","status":"publish","type":"product","link":"https:\/\/www.delicias-uk.com\/pt-pt\/produto\/molho-de-pimenta-caseirinho-cepera-frasco-60ml\/","title":{"rendered":"Molho de Pimenta Caseirinho Cep\u00eara Frasco 60ml"},"content":{"rendered":"<p><span xml:lang=\"pt-br\" lang=\"pt-br\" class=\"TextRun SCXW32670282 BCX8\" style=\"margin:0px;padding:0px;background-color:#ffffff;color:#212529;font-size:11pt;line-height:19.7625px;font-family:Calibri, 'Calibri_EmbeddedFont', 'Calibri_MSFontService', sans-serif;\"><span class=\"NormalTextRun SCXW32670282 BCX8\" style=\"margin:0px;padding:0px;\">Elaborado com pimentas vermelhas e especiarias (cebola, alho, louro, salsinha e cebolinha) que d\u00e3o um sabor diferenciado ao molho. Possui uma maior viscosidade, que combina muito bem com todos os tipos de pratos e petiscos. Ingredientes:\u00a0\u00c1gua, vinagre, pimenta-vermelha, sal, \u00f3leo de soja, alho, cebola, salsa, louro, cebolinha, antioxidante \u00e1cido c\u00edtrico, espessante goma xantana e conservador <\/span><span class=\"NormalTextRun SpellingErrorV2Themed SCXW32670282 BCX8\" style=\"margin:0px;padding:0px;background-position:0px 100%;background-repeat:repeat-x;border-bottom:1px solid transparent;\">sorbato<\/span><span class=\"NormalTextRun SCXW32670282 BCX8\" style=\"margin:0px;padding:0px;\"> de pot\u00e1ssio. N\u00e3o cont\u00e9m Gl\u00faten. Al\u00e9rgicos: Cont\u00e9m soja.<\/span><\/span><span class=\"EOP SCXW32670282 BCX8\" style=\"margin:0px;padding:0px;background-color:#ffffff;font-size:11pt;line-height:19.7625px;font-family:Calibri, 'Calibri_EmbeddedFont', 'Calibri_MSFontService', sans-serif;color:#212529;\"> <\/span><\/p>\n","protected":false},"excerpt":{"rendered":"<div class=\"OutlineElement Ltr SCXW8323848 BCX8\" style=\"margin:0px;padding:0px;clear:both;font-family:'Segoe UI', 'Segoe UI Web', Arial, Verdana, sans-serif;font-size:12px;background-color:#ffffff;\">\n<p class=\"Paragraph SCXW8323848 BCX8\" xml:lang=\"pt-br\" lang=\"pt-br\" style=\"margin:0px 0px 10.6667px;padding:0px;vertical-align:baseline;background-color:transparent;\"><span xml:lang=\"pt-br\" lang=\"pt-br\" class=\"TextRun SCXW8323848 BCX8\" style=\"margin:0px;padding:0px;font-size:11pt;line-height:19.7625px;font-family:Calibri, 'Calibri_EmbeddedFont', 'Calibri_MSFontService', sans-serif;\"><span class=\"NormalTextRun SCXW8323848 BCX8\" style=\"margin:0px;padding:0px;\">. Com base em pimentas vermelhas (Malagueta e <\/span><span class=\"NormalTextRun SpellingErrorV2Themed SCXW8323848 BCX8\" style=\"margin:0px;padding:0px;background-position:0px 100%;background-repeat:repeat-x;border-bottom:1px solid transparent;\">Jalape\u00f1o<\/span><span class=\"NormalTextRun SCXW8323848 BCX8\" style=\"margin:0px;padding:0px;\">)<\/span><\/span><span class=\"EOP SCXW8323848 BCX8\" style=\"margin:0px;padding:0px;font-size:11pt;line-height:19.7625px;font-family:Calibri, 'Calibri_EmbeddedFont', 'Calibri_MSFontService', sans-serif;\">\u00a0<\/span><\/p>\n<\/p><\/div>\n<div class=\"OutlineElement Ltr SCXW8323848 BCX8\" style=\"margin:0px;padding:0px;clear:both;font-family:'Segoe UI', 'Segoe UI Web', Arial, Verdana, sans-serif;font-size:12px;background-color:#ffffff;\">\n<p class=\"Paragraph SCXW8323848 BCX8\" xml:lang=\"pt-br\" lang=\"pt-br\" style=\"margin:0px 0px 10.6667px;padding:0px;vertical-align:baseline;background-color:transparent;\"><span xml:lang=\"pt-br\" lang=\"pt-br\" class=\"TextRun SCXW8323848 BCX8\" style=\"margin:0px;padding:0px;font-size:11pt;line-height:19.7625px;font-family:Calibri, 'Calibri_EmbeddedFont', 'Calibri_MSFontService', sans-serif;\">. Rico em sabor caseiro, \u00e9 intensamente picante e saboroso.\u00a0<\/span><span xml:lang=\"pt-br\" lang=\"pt-br\" class=\"TextRun SCXW8323848 BCX8\" style=\"margin:0px;padding:0px;font-size:11pt;line-height:19.7625px;font-family:Calibri, 'Calibri_EmbeddedFont', 'Calibri_MSFontService', sans-serif;\"> <\/span><span class=\"EOP SCXW8323848 BCX8\" style=\"margin:0px;padding:0px;font-size:11pt;line-height:19.7625px;font-family:Calibri, 'Calibri_EmbeddedFont', 'Calibri_MSFontService', sans-serif;\">\u00a0<\/span><\/p>\n<\/p><\/div>\n<div class=\"OutlineElement Ltr SCXW8323848 BCX8\" style=\"margin:0px;padding:0px;clear:both;font-family:'Segoe UI', 'Segoe UI Web', Arial, Verdana, sans-serif;font-size:12px;background-color:#ffffff;\">\n<p class=\"Paragraph SCXW8323848 BCX8\" xml:lang=\"pt-br\" lang=\"pt-br\" style=\"margin:0px 0px 10.6667px;padding:0px;vertical-align:baseline;background-color:transparent;\"><span xml:lang=\"pt-br\" lang=\"pt-br\" class=\"TextRun SCXW8323848 BCX8\" style=\"margin:0px;padding:0px;font-size:11pt;line-height:19.7625px;font-family:Calibri, 'Calibri_EmbeddedFont', 'Calibri_MSFontService', sans-serif;\">. Sabor intenso das especiarias e ervas arom\u00e1ticas.<\/span><span class=\"EOP SCXW8323848 BCX8\" style=\"margin:0px;padding:0px;font-size:11pt;line-height:19.7625px;font-family:Calibri, 'Calibri_EmbeddedFont', 'Calibri_MSFontService', sans-serif;\"> <\/span><\/p>\n<\/p><\/div>\n","protected":false},"author":43533,"featured_media":87170,"comment_status":"open","ping_status":"closed","template":"","meta":[],"pwb-brand":[],"product_brand":[],"product_cat":[8289,8293,8409,8477,8499,8347],"product_tag":[],"class_list":{"0":"post-213140","1":"product","2":"type-product","3":"status-publish","4":"has-post-thumbnail","6":"product_cat-inicio","7":"product_cat-produtos-brasileiros","8":"product_cat-temperos-molhos-e-legumes","9":"product_cat-pimentas-molhos","10":"product_cat-sem-glutem","11":"product_cat-vegetariano","13":"first","14":"instock","15":"taxable","16":"shipping-taxable","17":"purchasable","18":"product-type-simple"},"aioseo_notices":[],"brands":[],"_links":{"self":[{"href":"https:\/\/www.delicias-uk.com\/pt-pt\/wp-json\/wp\/v2\/product\/213140","targetHints":{"allow":["GET"]}}],"collection":[{"href":"https:\/\/www.delicias-uk.com\/pt-pt\/wp-json\/wp\/v2\/product"}],"about":[{"href":"https:\/\/www.delicias-uk.com\/pt-pt\/wp-json\/wp\/v2\/types\/product"}],"author":[{"embeddable":true,"href":"https:\/\/www.delicias-uk.com\/pt-pt\/wp-json\/wp\/v2\/users\/43533"}],"replies":[{"embeddable":true,"href":"https:\/\/www.delicias-uk.com\/pt-pt\/wp-json\/wp\/v2\/comments?post=213140"}],"wp:featuredmedia":[{"embeddable":true,"href":"https:\/\/www.delicias-uk.com\/pt-pt\/wp-json\/wp\/v2\/media\/87170"}],"wp:attachment":[{"href":"https:\/\/www.delicias-uk.com\/pt-pt\/wp-json\/wp\/v2\/media?parent=213140"}],"wp:term":[{"taxonomy":"pwb-brand","embeddable":true,"href":"https:\/\/www.delicias-uk.com\/pt-pt\/wp-json\/wp\/v2\/pwb-brand?post=213140"},{"taxonomy":"product_brand","embeddable":true,"href":"https:\/\/www.delicias-uk.com\/pt-pt\/wp-json\/wp\/v2\/product_brand?post=213140"},{"taxonomy":"product_cat","embeddable":true,"href":"https:\/\/www.delicias-uk.com\/pt-pt\/wp-json\/wp\/v2\/product_cat?post=213140"},{"taxonomy":"product_tag","embeddable":true,"href":"https:\/\/www.delicias-uk.com\/pt-pt\/wp-json\/wp\/v2\/product_tag?post=213140"}],"curies":[{"name":"wp","href":"https:\/\/api.w.org\/{rel}","templated":true}]}}