{"id":213106,"date":"2020-06-26T11:09:37","date_gmt":"2020-06-26T10:09:37","guid":{"rendered":"https:\/\/www.delicias-uk.com\/product\/cha-matte-leao-original-pet-450ml\/"},"modified":"2026-04-14T16:01:42","modified_gmt":"2026-04-14T15:01:42","slug":"cha-matte-leao-original-pet-450ml","status":"publish","type":"product","link":"https:\/\/www.delicias-uk.com\/pt-pt\/produto\/cha-matte-leao-original-pet-450ml\/","title":{"rendered":"Ch\u00e1 Matte Le\u00e3o Original Pet 450ml"},"content":{"rendered":"<p data-start=\"40\" data-end=\"172\">O <strong data-start=\"42\" data-end=\"79\">Ch\u00e1 Matte Le\u00e3o Original PET 450ml<\/strong> \u00e9 uma bebida refrescante e pr\u00e1tica, ideal para quem aprecia o sabor tradicional do ch\u00e1 mate. Ch\u00e1 mate feito com folhas selecionadas de erva-mate e torrado em um processo \u00fanico, especialmente para voc\u00ea.<\/p>\n<p data-start=\"174\" data-end=\"205\"><strong data-start=\"174\" data-end=\"205\">Caracter\u00edsticas principais:<\/strong><\/p>\n<ul data-start=\"207\" data-end=\"680\">\n<li data-start=\"207\" data-end=\"321\"><strong data-start=\"209\" data-end=\"219\">Sabor:<\/strong> Apresenta o sabor caracter\u00edstico do ch\u00e1 mate, proporcionando uma experi\u00eancia aut\u00eantica e revigorante.<\/li>\n<li data-start=\"322\" data-end=\"421\"><strong data-start=\"324\" data-end=\"338\">Embalagem:<\/strong> Dispon\u00edvel em garrafa PET de 450ml, facilitando o consumo imediato e o transporte.<\/li>\n<li data-start=\"422\" data-end=\"628\"><strong data-start=\"424\" data-end=\"441\">Ingredientes:<\/strong> \u00c1gua, a\u00e7\u00facar, extrato aquoso de mate, acidulante \u00e1cido c\u00edtrico, antioxidante \u00e1cido asc\u00f3rbico, conservadores sorbato de pot\u00e1ssio e benzoato de s\u00f3dio.<\/li>\n<\/ul>\n","protected":false},"excerpt":{"rendered":"<ul style=\"list-style-type: disc\">\n<li>Peso l\u00edquido 450ml<\/li>\n<li>Pronto para beber<\/li>\n<li>Sem gl\u00faten<\/li>\n<li>Produto Brasileiro<\/li>\n<\/ul>\n","protected":false},"author":43533,"featured_media":87103,"comment_status":"open","ping_status":"closed","template":"","meta":[],"pwb-brand":[],"product_brand":[],"product_cat":[8289,8293,8319,8415,8585,8307,8315,8499],"product_tag":[],"class_list":{"0":"post-213106","1":"product","2":"type-product","3":"status-publish","4":"has-post-thumbnail","6":"product_cat-inicio","7":"product_cat-produtos-brasileiros","8":"product_cat-especiais-do-mes-pt-pt","9":"product_cat-bebidas","10":"product_cat-cha-gelado-pt-pt","11":"product_cat-dieta-e-estilo-de-vida-produtos","12":"product_cat-free-from-pt-pt","13":"product_cat-sem-glutem","15":"first","16":"outofstock","17":"featured","18":"taxable","19":"shipping-taxable","20":"purchasable","21":"product-type-simple"},"aioseo_notices":[],"brands":[],"_links":{"self":[{"href":"https:\/\/www.delicias-uk.com\/pt-pt\/wp-json\/wp\/v2\/product\/213106","targetHints":{"allow":["GET"]}}],"collection":[{"href":"https:\/\/www.delicias-uk.com\/pt-pt\/wp-json\/wp\/v2\/product"}],"about":[{"href":"https:\/\/www.delicias-uk.com\/pt-pt\/wp-json\/wp\/v2\/types\/product"}],"author":[{"embeddable":true,"href":"https:\/\/www.delicias-uk.com\/pt-pt\/wp-json\/wp\/v2\/users\/43533"}],"replies":[{"embeddable":true,"href":"https:\/\/www.delicias-uk.com\/pt-pt\/wp-json\/wp\/v2\/comments?post=213106"}],"wp:featuredmedia":[{"embeddable":true,"href":"https:\/\/www.delicias-uk.com\/pt-pt\/wp-json\/wp\/v2\/media\/87103"}],"wp:attachment":[{"href":"https:\/\/www.delicias-uk.com\/pt-pt\/wp-json\/wp\/v2\/media?parent=213106"}],"wp:term":[{"taxonomy":"pwb-brand","embeddable":true,"href":"https:\/\/www.delicias-uk.com\/pt-pt\/wp-json\/wp\/v2\/pwb-brand?post=213106"},{"taxonomy":"product_brand","embeddable":true,"href":"https:\/\/www.delicias-uk.com\/pt-pt\/wp-json\/wp\/v2\/product_brand?post=213106"},{"taxonomy":"product_cat","embeddable":true,"href":"https:\/\/www.delicias-uk.com\/pt-pt\/wp-json\/wp\/v2\/product_cat?post=213106"},{"taxonomy":"product_tag","embeddable":true,"href":"https:\/\/www.delicias-uk.com\/pt-pt\/wp-json\/wp\/v2\/product_tag?post=213106"}],"curies":[{"name":"wp","href":"https:\/\/api.w.org\/{rel}","templated":true}]}}