{"id":213062,"date":"2020-05-20T13:18:17","date_gmt":"2020-05-20T13:18:17","guid":{"rendered":"https:\/\/www.delicias-uk.com\/product\/porto-pacheca-20-anos-75cl-x-1-2\/"},"modified":"2025-12-15T12:58:23","modified_gmt":"2025-12-15T12:58:23","slug":"porto-pacheca-20-anos-75cl-x-1-2","status":"publish","type":"product","link":"https:\/\/www.delicias-uk.com\/pt-pt\/produto\/porto-pacheca-20-anos-75cl-x-1-2\/","title":{"rendered":"Porto Pacheca Tawny 20 Anos 50cl"},"content":{"rendered":"<p>O Pacheca Porto Tawny 20 anos \u00e9 um vinho resultante de v\u00e1rios vinhos do Porto que envelheceram em barris antigos de 550 litros ao longo de muitos anos no novo armaz\u00e9m da Quinta da Pacheca. Durante o envelhecimento, o vinho perde a sua cor e torna-se acastanhado e o aroma adquire notas do envelhecimento oxidativo.<\/p>\n<p>Sugest\u00f5es de acompanhamento: Deve ser bebido levemente fresco no final da refei\u00e7\u00e3o que acompanha sobremesas de pralin\u00e9 de caramelo, frutas secas ou doce de ovos. Deve ser servido entre 16 e 18\u00baC.<\/p>\n<p>Apresenta uma cor \u00e2mbar e brilhante com nariz elegante e notas evidentes de figos secos, nozes e caramelo. \u00c9 extremamente macio na boca, com uma acidez que lhe d\u00e1 frescura, destacando-se mais uma vez as notas de nozes e caramelo.<\/p>\n<\/p>\n<p>Produtor: Quinta da Pacheca<\/p>\n<p>Pa\u00eds: Portugal<\/p>\n<p>Regi\u00e3o: Douro<\/p>\n<p>Uva: Blend de diferentes castas tintas certificadas<\/p>\n<p>Garrafa: 50cl<\/p>\n<p>Teor Alcoolico: 20%<\/p>\n","protected":false},"excerpt":{"rendered":"<ul>\n<li>Produtor: Quinta da Pacheca<\/li>\n<li>Pa\u00eds: Portugal<\/li>\n<li>Regi\u00e3o: Douro<\/li>\n<li>Uva: Blend de diferentes castas tintas certificadas<\/li>\n<li>Garrafa: 50cl<\/li>\n<li>Teor Alcoolico: 20%<\/li>\n<\/ul>\n","protected":false},"author":43533,"featured_media":195102,"comment_status":"open","ping_status":"closed","template":"","meta":[],"pwb-brand":[],"product_brand":[],"product_cat":[9344,8289,8291,8431,8589],"product_tag":[],"class_list":{"0":"post-213062","1":"product","2":"type-product","3":"status-publish","4":"has-post-thumbnail","6":"product_cat-vinho-fortificado","7":"product_cat-inicio","8":"product_cat-produtos-portugueses","9":"product_cat-vinhos-pt-pt","10":"product_cat-porto","12":"first","13":"instock","14":"taxable","15":"shipping-taxable","16":"purchasable","17":"product-type-simple"},"aioseo_notices":[],"brands":[],"_links":{"self":[{"href":"https:\/\/www.delicias-uk.com\/pt-pt\/wp-json\/wp\/v2\/product\/213062","targetHints":{"allow":["GET"]}}],"collection":[{"href":"https:\/\/www.delicias-uk.com\/pt-pt\/wp-json\/wp\/v2\/product"}],"about":[{"href":"https:\/\/www.delicias-uk.com\/pt-pt\/wp-json\/wp\/v2\/types\/product"}],"author":[{"embeddable":true,"href":"https:\/\/www.delicias-uk.com\/pt-pt\/wp-json\/wp\/v2\/users\/43533"}],"replies":[{"embeddable":true,"href":"https:\/\/www.delicias-uk.com\/pt-pt\/wp-json\/wp\/v2\/comments?post=213062"}],"wp:featuredmedia":[{"embeddable":true,"href":"https:\/\/www.delicias-uk.com\/pt-pt\/wp-json\/wp\/v2\/media\/195102"}],"wp:attachment":[{"href":"https:\/\/www.delicias-uk.com\/pt-pt\/wp-json\/wp\/v2\/media?parent=213062"}],"wp:term":[{"taxonomy":"pwb-brand","embeddable":true,"href":"https:\/\/www.delicias-uk.com\/pt-pt\/wp-json\/wp\/v2\/pwb-brand?post=213062"},{"taxonomy":"product_brand","embeddable":true,"href":"https:\/\/www.delicias-uk.com\/pt-pt\/wp-json\/wp\/v2\/product_brand?post=213062"},{"taxonomy":"product_cat","embeddable":true,"href":"https:\/\/www.delicias-uk.com\/pt-pt\/wp-json\/wp\/v2\/product_cat?post=213062"},{"taxonomy":"product_tag","embeddable":true,"href":"https:\/\/www.delicias-uk.com\/pt-pt\/wp-json\/wp\/v2\/product_tag?post=213062"}],"curies":[{"name":"wp","href":"https:\/\/api.w.org\/{rel}","templated":true}]}}