{"id":213004,"date":"2020-05-06T15:01:36","date_gmt":"2020-05-06T14:01:36","guid":{"rendered":"https:\/\/www.delicias-uk.com\/product\/queijo-barra-terra-nostra-fatiado-200g\/"},"modified":"2026-04-13T17:00:11","modified_gmt":"2026-04-13T16:00:11","slug":"queijo-barra-terra-nostra-fatiado-200g","status":"publish","type":"product","link":"https:\/\/www.delicias-uk.com\/pt-pt\/produto\/queijo-barra-terra-nostra-fatiado-200g\/","title":{"rendered":"Queijo Terra Nostra Fatiado 200g"},"content":{"rendered":"<p class=\"isSelectedEnd\">Desfrute do sabor aut\u00eantico dos A\u00e7ores com o Queijo Terra Nostra, agora na pr\u00e1tica vers\u00e3o fatiada. Produzido a partir de leite de vaca de elevada qualidade, proveniente de animais que pastam em pastagens naturais, este queijo destaca-se pela sua textura cremosa e sabor suave e equilibrado.<\/p>\n<p class=\"isSelectedEnd\">As fatias s\u00e3o cuidadosamente preparadas <strong>em loja<\/strong>, garantindo frescura e conveni\u00eancia para o seu dia a dia. Ideal para sandu\u00edches, tostas, hamb\u00fargueres ou para complementar uma t\u00e1bua de queijos.<\/p>\n<ul data-spread=\"false\">\n<li>Peso: 200g<\/li>\n<li>Queijo fatiado <strong>em loja<\/strong><\/li>\n<li>Produzido com leite de vaca pasteurizado<\/li>\n<li>Textura cremosa e sabor suave e amanteigado<\/li>\n<li>Origem: A\u00e7ores, Portugal<\/li>\n<li>Pronto a consumir<\/li>\n<\/ul>\n","protected":false},"excerpt":{"rendered":"<ul data-spread=\"false\">\n<li>Peso: 200g<\/li>\n<li>Queijo fatiado <strong>em loja<\/strong><\/li>\n<li>Produzido com leite de vaca pasteurizado<\/li>\n<li>Textura cremosa e sabor suave e amanteigado<\/li>\n<li>Origem: A\u00e7ores, Portugal<\/li>\n<li>Pronto a consumir<\/li>\n<\/ul>\n","protected":false},"author":43533,"featured_media":252568,"comment_status":"open","ping_status":"closed","template":"","meta":[],"pwb-brand":[],"product_brand":[],"product_cat":[8289,8291,8377,8487,8855,8675,8363],"product_tag":[],"class_list":{"0":"post-213004","1":"product","2":"type-product","3":"status-publish","4":"has-post-thumbnail","6":"product_cat-inicio","7":"product_cat-produtos-portugueses","8":"product_cat-lacticinios","9":"product_cat-queijos","10":"product_cat-fatiado","11":"product_cat-vaca-pt-pt","12":"product_cat-halal-pt-pt","14":"first","15":"outofstock","16":"taxable","17":"shipping-taxable","18":"purchasable","19":"product-type-simple"},"aioseo_notices":[],"brands":[],"_links":{"self":[{"href":"https:\/\/www.delicias-uk.com\/pt-pt\/wp-json\/wp\/v2\/product\/213004","targetHints":{"allow":["GET"]}}],"collection":[{"href":"https:\/\/www.delicias-uk.com\/pt-pt\/wp-json\/wp\/v2\/product"}],"about":[{"href":"https:\/\/www.delicias-uk.com\/pt-pt\/wp-json\/wp\/v2\/types\/product"}],"author":[{"embeddable":true,"href":"https:\/\/www.delicias-uk.com\/pt-pt\/wp-json\/wp\/v2\/users\/43533"}],"replies":[{"embeddable":true,"href":"https:\/\/www.delicias-uk.com\/pt-pt\/wp-json\/wp\/v2\/comments?post=213004"}],"wp:featuredmedia":[{"embeddable":true,"href":"https:\/\/www.delicias-uk.com\/pt-pt\/wp-json\/wp\/v2\/media\/252568"}],"wp:attachment":[{"href":"https:\/\/www.delicias-uk.com\/pt-pt\/wp-json\/wp\/v2\/media?parent=213004"}],"wp:term":[{"taxonomy":"pwb-brand","embeddable":true,"href":"https:\/\/www.delicias-uk.com\/pt-pt\/wp-json\/wp\/v2\/pwb-brand?post=213004"},{"taxonomy":"product_brand","embeddable":true,"href":"https:\/\/www.delicias-uk.com\/pt-pt\/wp-json\/wp\/v2\/product_brand?post=213004"},{"taxonomy":"product_cat","embeddable":true,"href":"https:\/\/www.delicias-uk.com\/pt-pt\/wp-json\/wp\/v2\/product_cat?post=213004"},{"taxonomy":"product_tag","embeddable":true,"href":"https:\/\/www.delicias-uk.com\/pt-pt\/wp-json\/wp\/v2\/product_tag?post=213004"}],"curies":[{"name":"wp","href":"https:\/\/api.w.org\/{rel}","templated":true}]}}