{"id":212994,"date":"2020-05-06T10:52:03","date_gmt":"2020-05-06T10:52:03","guid":{"rendered":"https:\/\/www.delicias-uk.com\/product\/presunto-de-porco-preto-dop-fatiado-200g\/"},"modified":"2025-02-06T17:15:40","modified_gmt":"2025-02-06T17:15:40","slug":"presunto-de-porco-preto-dop-fatiado-200g","status":"publish","type":"product","link":"https:\/\/www.delicias-uk.com\/pt-pt\/produto\/presunto-de-porco-preto-dop-fatiado-200g\/","title":{"rendered":"Presunto de Porco Preto DOP Fatiado 200g"},"content":{"rendered":"<p>Presunto alentejano reconhecido com a Denomina\u00e7\u00e3o de Origem Protegida (DOP), obtido a partir de Pernas de Porco Preto Alentejano Certificadas. Cada presunto cont\u00e9m um perfil de aroma intenso, curado e persistente. Cada unidade \u00e9 um exemplar perfeito de Presunto de Porco Preto Alentejano, que passa por um processo de Cura Natural. Cada presunto apresenta uma suavidade de gordura e um aspeto marmoreado com tons rubi brilhantes, este presunto apresenta um sabor ligeiramente salgado e ligeiramente \u00e1cido.<\/p>\n<p><strong>Ingredientes<\/strong>: Perna de Porco de Ra\u00e7a Alentejana (97%), sal, a\u00e7\u00facares, antioxidante ascorbato de s\u00f3dio (E-301) e conservantes: Nitrato de pot\u00e1ssio e Nitrito de s\u00f3dio (E-252 e E-250).<\/p>\n<p><strong>Al\u00e9rgenos<\/strong>: nenhum<\/p>\n<p><strong>Informa\u00e7\u00f5es nutricionais por 100g:<\/strong><\/p>\n<ul style=\"list-style-type:disc;\">\n<li>Energia 1529 kJ \u2013 343 kcal<\/li>\n<li>Gordura: 24 g<\/li>\n<li>Dos quais saturada: 8,5 g<\/li>\n<li>Carboidratos: 2,7 g<\/li>\n<li>Dos quais a\u00e7\u00facares: &lt;0,5 g<\/li>\n<li>Fibra: 1,0 g<\/li>\n<li>Prote\u00edna: 31 g<\/li>\n<li>Sal: 4,23 g<\/li>\n<\/ul>\n<p><strong>Pa\u00eds de origem<\/strong>: Portugal<\/p>\n","protected":false},"excerpt":{"rendered":"<ul style=\"list-style-type:disc;\">\n<li>Peso l\u00edquido 200g<\/li>\n<li>Fonte de prote\u00edna<\/li>\n<li>Fatiado \u00e0 m\u00e3o<\/li>\n<\/ul>\n","protected":false},"author":43533,"featured_media":86876,"comment_status":"open","ping_status":"closed","template":"","meta":[],"pwb-brand":[],"product_brand":[],"product_cat":[9334,8289,8291,8337,8665],"product_tag":[],"class_list":{"0":"post-212994","1":"product","2":"type-product","3":"status-publish","4":"has-post-thumbnail","6":"product_cat-presunto-curado-pt-pt","7":"product_cat-inicio","8":"product_cat-produtos-portugueses","9":"product_cat-charcutaria","10":"product_cat-presunto-curado","12":"first","13":"instock","14":"taxable","15":"shipping-taxable","16":"purchasable","17":"product-type-simple"},"aioseo_notices":[],"brands":[],"_links":{"self":[{"href":"https:\/\/www.delicias-uk.com\/pt-pt\/wp-json\/wp\/v2\/product\/212994","targetHints":{"allow":["GET"]}}],"collection":[{"href":"https:\/\/www.delicias-uk.com\/pt-pt\/wp-json\/wp\/v2\/product"}],"about":[{"href":"https:\/\/www.delicias-uk.com\/pt-pt\/wp-json\/wp\/v2\/types\/product"}],"author":[{"embeddable":true,"href":"https:\/\/www.delicias-uk.com\/pt-pt\/wp-json\/wp\/v2\/users\/43533"}],"replies":[{"embeddable":true,"href":"https:\/\/www.delicias-uk.com\/pt-pt\/wp-json\/wp\/v2\/comments?post=212994"}],"wp:featuredmedia":[{"embeddable":true,"href":"https:\/\/www.delicias-uk.com\/pt-pt\/wp-json\/wp\/v2\/media\/86876"}],"wp:attachment":[{"href":"https:\/\/www.delicias-uk.com\/pt-pt\/wp-json\/wp\/v2\/media?parent=212994"}],"wp:term":[{"taxonomy":"pwb-brand","embeddable":true,"href":"https:\/\/www.delicias-uk.com\/pt-pt\/wp-json\/wp\/v2\/pwb-brand?post=212994"},{"taxonomy":"product_brand","embeddable":true,"href":"https:\/\/www.delicias-uk.com\/pt-pt\/wp-json\/wp\/v2\/product_brand?post=212994"},{"taxonomy":"product_cat","embeddable":true,"href":"https:\/\/www.delicias-uk.com\/pt-pt\/wp-json\/wp\/v2\/product_cat?post=212994"},{"taxonomy":"product_tag","embeddable":true,"href":"https:\/\/www.delicias-uk.com\/pt-pt\/wp-json\/wp\/v2\/product_tag?post=212994"}],"curies":[{"name":"wp","href":"https:\/\/api.w.org\/{rel}","templated":true}]}}