{"id":212956,"date":"2020-05-04T18:27:47","date_gmt":"2020-05-04T17:27:47","guid":{"rendered":"https:\/\/www.delicias-uk.com\/product\/sorbet-de-acai-native-zero-acucar-160ml\/"},"modified":"2026-02-24T11:54:29","modified_gmt":"2026-02-24T11:54:29","slug":"sorbet-de-acai-native-zero-acucar-160ml","status":"publish","type":"product","link":"https:\/\/www.delicias-uk.com\/pt-pt\/produto\/sorbet-de-acai-native-zero-acucar-160ml\/","title":{"rendered":"Sorbet de A\u00e7a\u00ed Zero A\u00e7\u00facar Native 160ml"},"content":{"rendered":"<p>A\u00e7a\u00ed com Zero A\u00e7\u00facar produzido a partir de a\u00e7a\u00ed biol\u00f3gico proveniente da Amaz\u00f3nia, sem corantes e conservantes. Apresenta uma textura cremosa, ideal para consumo direto ou para utiliza\u00e7\u00e3o conjunta com outros ingredientes.<\/p>\n<p>Retire do congelador cerca de 10 minutos antes de consumir para aproveitar sua textura cremosa.<\/p>\n<p><strong>Sem Gl\u00faten<\/strong><\/p>\n<p>A polpa de a\u00e7a\u00ed \u00e9 naturalmente sem gl\u00faten. Na Native Foods, quando produzimos o Native A\u00e7a\u00ed, garantimos que o sorvete tamb\u00e9m seja sem gl\u00faten.<\/p>\n<p>O Native A\u00e7a\u00ed \u00e9 um produto sem gl\u00faten e, consumido puro, \u00e9 indicado para pessoas com doen\u00e7a cel\u00edaca, intoler\u00e2ncia ou alergia ao gl\u00faten. Tamb\u00e9m pode ser consumido em combina\u00e7\u00e3o com outros ingredientes, desde que tamb\u00e9m sejam sem gl\u00faten.<\/p>\n<p><strong>Sem Lactose<\/strong><\/p>\n<p>O Native A\u00e7a\u00ed n\u00e3o cont\u00e9m lactose em sua composi\u00e7\u00e3o, sendo uma excelente op\u00e7\u00e3o para quem mant\u00e9m uma dieta livre desse nutriente.<\/p>\n<p><strong>Sem A\u00e7\u00facar<\/strong><\/p>\n<p>O Native A\u00e7a\u00ed Zero A\u00e7\u00facar \u00e9 ado\u00e7ado apenas com est\u00e9via, n\u00e3o cont\u00e9m a\u00e7\u00facar, corantes ou conservantes. \u00c9 uma op\u00e7\u00e3o perfeita para quem mant\u00e9m uma dieta sem a\u00e7\u00facar e at\u00e9 mesmo para diab\u00e9ticos que desejam incluir a\u00e7a\u00ed na dieta.<\/p>\n<p><strong>Vegano<\/strong><\/p>\n<p>Por n\u00e3o conter nenhum ingrediente de origem animal, o Native A\u00e7a\u00ed \u00e9 considerado um alimento vegano.<\/p>\n","protected":false},"excerpt":{"rendered":"<ul style=\"list-style-type: disc;\">\n<li>Sorbet de a\u00e7a\u00ed<\/li>\n<li>Zero a\u00e7\u00facar<\/li>\n<li>Peso 160ml<\/li>\n<li>Sem Gluten<\/li>\n<li>Sem Lactose<\/li>\n<li>Vegano<\/li>\n<\/ul>\n","protected":false},"author":43533,"featured_media":227703,"comment_status":"open","ping_status":"closed","template":"","meta":[],"pwb-brand":[],"product_brand":[],"product_cat":[9223,8289,8293,8305,8383,8307,8315,8573,8499,8539,8347],"product_tag":[],"class_list":{"0":"post-212956","1":"product","2":"type-product","3":"status-publish","4":"has-post-thumbnail","6":"product_cat-acai-pt-pt","7":"product_cat-inicio","8":"product_cat-produtos-brasileiros","9":"product_cat-produtos-congelados","10":"product_cat-sorvete-e-sorbet-congelado","11":"product_cat-dieta-e-estilo-de-vida-produtos","12":"product_cat-free-from-pt-pt","13":"product_cat-sem-acucar","14":"product_cat-sem-glutem","15":"product_cat-sem-lactose","16":"product_cat-vegetariano","18":"first","19":"instock","20":"taxable","21":"shipping-taxable","22":"purchasable","23":"product-type-simple"},"aioseo_notices":[],"brands":[],"_links":{"self":[{"href":"https:\/\/www.delicias-uk.com\/pt-pt\/wp-json\/wp\/v2\/product\/212956","targetHints":{"allow":["GET"]}}],"collection":[{"href":"https:\/\/www.delicias-uk.com\/pt-pt\/wp-json\/wp\/v2\/product"}],"about":[{"href":"https:\/\/www.delicias-uk.com\/pt-pt\/wp-json\/wp\/v2\/types\/product"}],"author":[{"embeddable":true,"href":"https:\/\/www.delicias-uk.com\/pt-pt\/wp-json\/wp\/v2\/users\/43533"}],"replies":[{"embeddable":true,"href":"https:\/\/www.delicias-uk.com\/pt-pt\/wp-json\/wp\/v2\/comments?post=212956"}],"wp:featuredmedia":[{"embeddable":true,"href":"https:\/\/www.delicias-uk.com\/pt-pt\/wp-json\/wp\/v2\/media\/227703"}],"wp:attachment":[{"href":"https:\/\/www.delicias-uk.com\/pt-pt\/wp-json\/wp\/v2\/media?parent=212956"}],"wp:term":[{"taxonomy":"pwb-brand","embeddable":true,"href":"https:\/\/www.delicias-uk.com\/pt-pt\/wp-json\/wp\/v2\/pwb-brand?post=212956"},{"taxonomy":"product_brand","embeddable":true,"href":"https:\/\/www.delicias-uk.com\/pt-pt\/wp-json\/wp\/v2\/product_brand?post=212956"},{"taxonomy":"product_cat","embeddable":true,"href":"https:\/\/www.delicias-uk.com\/pt-pt\/wp-json\/wp\/v2\/product_cat?post=212956"},{"taxonomy":"product_tag","embeddable":true,"href":"https:\/\/www.delicias-uk.com\/pt-pt\/wp-json\/wp\/v2\/product_tag?post=212956"}],"curies":[{"name":"wp","href":"https:\/\/api.w.org\/{rel}","templated":true}]}}