{"id":212902,"date":"2020-05-04T17:27:29","date_gmt":"2020-05-04T16:27:29","guid":{"rendered":"https:\/\/www.delicias-uk.com\/product\/00136-164-2\/"},"modified":"2026-04-28T19:23:42","modified_gmt":"2026-04-28T18:23:42","slug":"00136-164-2","status":"publish","type":"product","link":"https:\/\/www.delicias-uk.com\/pt-pt\/produto\/00136-164-2\/","title":{"rendered":"Posta de Peixe Espada Preto Sem Pele Congelado Gelpeixe 1kg"},"content":{"rendered":"<p>Saboreie o sabor premium do oceano com os nossos Filetes de Espada Preto Sem Pele, habilmente preparados para uma experi\u00eancia de marisco deliciosa e f\u00e1cil de cozinhar. Estes filetes oferecem uma textura firme e carnuda e um sabor suave e delicado que os torna perfeitos para grelhar, assar ou tostar na frigideira. Sem pele e ossos, garantem um processo de cozedura descomplicado, ao mesmo tempo que proporcionam um sabor fresco e de elevada qualidade.<\/p>\n<p>Ricos em prote\u00ednas e \u00e1cidos gordos \u00f3mega-3, os Filetes de Espada Preto s\u00e3o uma escolha nutritiva para uma dieta saud\u00e1vel. Quer esteja a preparar um prato gourmet de marisco ou uma simples refei\u00e7\u00e3o durante a semana, estes filetes v\u00e3o certamente impressionar pela sua versatilidade e sabor.<\/p>\n<p><em>Produto congelado. Ser\u00e1 descongelado durante o processo de transporte. Condicionado com materiais termicos (caixa ou bolsa) e gelo.<\/em><\/p>\n","protected":false},"excerpt":{"rendered":"<p>Saboreie o sabor premium do oceano com os nossos Filetes de Espada Preto Sem Pele, habilmente preparados para uma experi\u00eancia de marisco deliciosa e f\u00e1cil de cozinhar. Estes filetes oferecem uma textura firme e carnuda e um sabor suave e delicado que os torna perfeitos para grelhar, assar ou tostar na frigideira. Sem pele e [&hellip;]<\/p>\n","protected":false},"author":43533,"featured_media":252269,"comment_status":"open","ping_status":"closed","template":"","meta":[],"pwb-brand":[],"product_brand":[],"product_cat":[8289,8305,8341],"product_tag":[],"class_list":{"0":"post-212902","1":"product","2":"type-product","3":"status-publish","4":"has-post-thumbnail","6":"product_cat-inicio","7":"product_cat-produtos-congelados","8":"product_cat-peixe-congelado","10":"first","11":"instock","12":"taxable","13":"shipping-taxable","14":"purchasable","15":"product-type-simple"},"aioseo_notices":[],"brands":[],"_links":{"self":[{"href":"https:\/\/www.delicias-uk.com\/pt-pt\/wp-json\/wp\/v2\/product\/212902","targetHints":{"allow":["GET"]}}],"collection":[{"href":"https:\/\/www.delicias-uk.com\/pt-pt\/wp-json\/wp\/v2\/product"}],"about":[{"href":"https:\/\/www.delicias-uk.com\/pt-pt\/wp-json\/wp\/v2\/types\/product"}],"author":[{"embeddable":true,"href":"https:\/\/www.delicias-uk.com\/pt-pt\/wp-json\/wp\/v2\/users\/43533"}],"replies":[{"embeddable":true,"href":"https:\/\/www.delicias-uk.com\/pt-pt\/wp-json\/wp\/v2\/comments?post=212902"}],"wp:featuredmedia":[{"embeddable":true,"href":"https:\/\/www.delicias-uk.com\/pt-pt\/wp-json\/wp\/v2\/media\/252269"}],"wp:attachment":[{"href":"https:\/\/www.delicias-uk.com\/pt-pt\/wp-json\/wp\/v2\/media?parent=212902"}],"wp:term":[{"taxonomy":"pwb-brand","embeddable":true,"href":"https:\/\/www.delicias-uk.com\/pt-pt\/wp-json\/wp\/v2\/pwb-brand?post=212902"},{"taxonomy":"product_brand","embeddable":true,"href":"https:\/\/www.delicias-uk.com\/pt-pt\/wp-json\/wp\/v2\/product_brand?post=212902"},{"taxonomy":"product_cat","embeddable":true,"href":"https:\/\/www.delicias-uk.com\/pt-pt\/wp-json\/wp\/v2\/product_cat?post=212902"},{"taxonomy":"product_tag","embeddable":true,"href":"https:\/\/www.delicias-uk.com\/pt-pt\/wp-json\/wp\/v2\/product_tag?post=212902"}],"curies":[{"name":"wp","href":"https:\/\/api.w.org\/{rel}","templated":true}]}}