{"id":212856,"date":"2020-05-04T17:27:22","date_gmt":"2020-05-04T17:27:22","guid":{"rendered":"https:\/\/www.delicias-uk.com\/product\/3878-2846-2\/"},"modified":"2026-02-17T08:15:38","modified_gmt":"2026-02-17T08:15:38","slug":"3878-2846-2","status":"publish","type":"product","link":"https:\/\/www.delicias-uk.com\/pt-pt\/produto\/3878-2846-2\/","title":{"rendered":"P\u00e3o Pr\u00e9-Cozido de Alfarroba Nutriva 80g x 6"},"content":{"rendered":"<p class=\"MsoNormal\"><span lang=\"pt\" style=\"font-size:10pt;line-height:107%;color:#19212b;background:#FFFFFF;\" xml:lang=\"pt\">Sabem que se pode substituir cacau por alfarroba? A farinha de alfarroba \u00e9 bastante rica e nutritiva e o p\u00e3o fica com um sabor e textura fant\u00e1sticos!<\/span><span lang=\"pt\" xml:lang=\"pt\"><\/span><\/p><\/p>\n","protected":false},"excerpt":{"rendered":"<p>. Pao de Alfarroba<\/p>\n<p>. Nutriva<\/p>\n<p>. Produto Pre-Cozido e Congelado<\/p>\n","protected":false},"author":43533,"featured_media":61716,"comment_status":"open","ping_status":"closed","template":"","meta":[],"pwb-brand":[],"product_brand":[],"product_cat":[8289,8305,8313],"product_tag":[],"class_list":{"0":"post-212856","1":"product","2":"type-product","3":"status-publish","4":"has-post-thumbnail","6":"product_cat-inicio","7":"product_cat-produtos-congelados","8":"product_cat-pao-congelado","10":"first","11":"instock","12":"taxable","13":"shipping-taxable","14":"purchasable","15":"product-type-simple"},"aioseo_notices":[],"brands":[],"_links":{"self":[{"href":"https:\/\/www.delicias-uk.com\/pt-pt\/wp-json\/wp\/v2\/product\/212856","targetHints":{"allow":["GET"]}}],"collection":[{"href":"https:\/\/www.delicias-uk.com\/pt-pt\/wp-json\/wp\/v2\/product"}],"about":[{"href":"https:\/\/www.delicias-uk.com\/pt-pt\/wp-json\/wp\/v2\/types\/product"}],"author":[{"embeddable":true,"href":"https:\/\/www.delicias-uk.com\/pt-pt\/wp-json\/wp\/v2\/users\/43533"}],"replies":[{"embeddable":true,"href":"https:\/\/www.delicias-uk.com\/pt-pt\/wp-json\/wp\/v2\/comments?post=212856"}],"wp:featuredmedia":[{"embeddable":true,"href":"https:\/\/www.delicias-uk.com\/pt-pt\/wp-json\/wp\/v2\/media\/61716"}],"wp:attachment":[{"href":"https:\/\/www.delicias-uk.com\/pt-pt\/wp-json\/wp\/v2\/media?parent=212856"}],"wp:term":[{"taxonomy":"pwb-brand","embeddable":true,"href":"https:\/\/www.delicias-uk.com\/pt-pt\/wp-json\/wp\/v2\/pwb-brand?post=212856"},{"taxonomy":"product_brand","embeddable":true,"href":"https:\/\/www.delicias-uk.com\/pt-pt\/wp-json\/wp\/v2\/product_brand?post=212856"},{"taxonomy":"product_cat","embeddable":true,"href":"https:\/\/www.delicias-uk.com\/pt-pt\/wp-json\/wp\/v2\/product_cat?post=212856"},{"taxonomy":"product_tag","embeddable":true,"href":"https:\/\/www.delicias-uk.com\/pt-pt\/wp-json\/wp\/v2\/product_tag?post=212856"}],"curies":[{"name":"wp","href":"https:\/\/api.w.org\/{rel}","templated":true}]}}