{"id":212826,"date":"2020-05-04T17:27:12","date_gmt":"2020-05-04T16:27:12","guid":{"rendered":"https:\/\/www.delicias-uk.com\/product\/00431-2195-2\/"},"modified":"2026-03-22T14:47:19","modified_gmt":"2026-03-22T14:47:19","slug":"00431-2195-2","status":"publish","type":"product","link":"https:\/\/www.delicias-uk.com\/pt-pt\/produto\/00431-2195-2\/","title":{"rendered":"Frango Assado Com Lim\u00e3o Congelado Frangus 740g"},"content":{"rendered":"<p>Enriquecido com o secreto tempero \u201cda casa\u201d, o melhor e mais fresco frango nacional \u2013 Classe A \u2013 \u00e9 cuidadosamente selecionado e preparado com o carinho e o saber acumulado ao longo de dezenas de anos. Grelhado \u00e0 m\u00e3o em carv\u00e3o vegetal, o sabor s\u00f3 \u00e9 igualado\u2026 pela tradi\u00e7\u00e3o.<\/p>\n<p><strong>Ingredientes:<\/strong>\u00a0Frango (86%), \u00f3leo de girassol refinado, sumo de lim\u00e3o (2%), vinho (sulfitos), sal, vinagre (sulfitos), bebidas espirituosas, alho (sulfitos), especiarias (sulfitos, mostarda) e plantas arom\u00e1ticas. Pode conter vest\u00edgios de gl\u00faten.<\/p>\n","protected":false},"excerpt":{"rendered":"<ul style=\"list-style-type:disc;\">\n<li>Peso l\u00edquido 740g<\/li>\n<li>Pronto para comer<\/li>\n<li>Produto congelado<\/li>\n<li>Frangus \u00e9 uma marca Portuguesa<\/li>\n<\/ul>\n","protected":false},"author":43533,"featured_media":86608,"comment_status":"open","ping_status":"closed","template":"","meta":[],"pwb-brand":[],"product_brand":[],"product_cat":[8289,8305,8407],"product_tag":[],"class_list":{"0":"post-212826","1":"product","2":"type-product","3":"status-publish","4":"has-post-thumbnail","6":"product_cat-inicio","7":"product_cat-produtos-congelados","8":"product_cat-refeicao-pronta-congelada","10":"first","11":"instock","12":"taxable","13":"shipping-taxable","14":"purchasable","15":"product-type-simple"},"aioseo_notices":[],"brands":[],"_links":{"self":[{"href":"https:\/\/www.delicias-uk.com\/pt-pt\/wp-json\/wp\/v2\/product\/212826","targetHints":{"allow":["GET"]}}],"collection":[{"href":"https:\/\/www.delicias-uk.com\/pt-pt\/wp-json\/wp\/v2\/product"}],"about":[{"href":"https:\/\/www.delicias-uk.com\/pt-pt\/wp-json\/wp\/v2\/types\/product"}],"author":[{"embeddable":true,"href":"https:\/\/www.delicias-uk.com\/pt-pt\/wp-json\/wp\/v2\/users\/43533"}],"replies":[{"embeddable":true,"href":"https:\/\/www.delicias-uk.com\/pt-pt\/wp-json\/wp\/v2\/comments?post=212826"}],"wp:featuredmedia":[{"embeddable":true,"href":"https:\/\/www.delicias-uk.com\/pt-pt\/wp-json\/wp\/v2\/media\/86608"}],"wp:attachment":[{"href":"https:\/\/www.delicias-uk.com\/pt-pt\/wp-json\/wp\/v2\/media?parent=212826"}],"wp:term":[{"taxonomy":"pwb-brand","embeddable":true,"href":"https:\/\/www.delicias-uk.com\/pt-pt\/wp-json\/wp\/v2\/pwb-brand?post=212826"},{"taxonomy":"product_brand","embeddable":true,"href":"https:\/\/www.delicias-uk.com\/pt-pt\/wp-json\/wp\/v2\/product_brand?post=212826"},{"taxonomy":"product_cat","embeddable":true,"href":"https:\/\/www.delicias-uk.com\/pt-pt\/wp-json\/wp\/v2\/product_cat?post=212826"},{"taxonomy":"product_tag","embeddable":true,"href":"https:\/\/www.delicias-uk.com\/pt-pt\/wp-json\/wp\/v2\/product_tag?post=212826"}],"curies":[{"name":"wp","href":"https:\/\/api.w.org\/{rel}","templated":true}]}}