{"id":212810,"date":"2020-05-01T17:11:22","date_gmt":"2020-05-01T16:11:22","guid":{"rendered":"https:\/\/www.delicias-uk.com\/product\/croquete-de-carne-congelado-prosilar-covete-450g\/"},"modified":"2026-04-23T17:57:08","modified_gmt":"2026-04-23T16:57:08","slug":"croquete-de-carne-congelado-prosilar-covete-450g","status":"publish","type":"product","link":"https:\/\/www.delicias-uk.com\/pt-pt\/produto\/croquete-de-carne-congelado-prosilar-covete-450g\/","title":{"rendered":"Croquetes de Carne Congelado Prosilar 450g"},"content":{"rendered":"<p>Os croquetes s\u00e3o um dos pratos mais populares e conhecidos da gastronomia portuguesa. Eles s\u00e3o feitos com praticamente qualquer tipo de carne e s\u00e3o perfeitos sozinhos ou como acompanhamento. Os mais tradicionais destes croquetes s\u00e3o os Croquetes de Carne, ou croquetes de carne portuguesa. Estes bolos de carne e chourico t\u00eam a forma de um cilindro e s\u00e3o envolvidos por uma casca crocante de massa frita dourada. Eles s\u00e3o embalados com muito sabor delicioso e \u00f3timos para servir quando os convidados est\u00e3o por perto.<\/p>\n","protected":false},"excerpt":{"rendered":"<ul style=\"list-style-type: disc;\">\n<li>Peso l\u00edquido 450g &#8211; approx. 12 unidades<\/li>\n<li>Produto congelado<\/li>\n<li>Produto Portugu\u00eas<\/li>\n<\/ul>\n","protected":false},"author":43533,"featured_media":86585,"comment_status":"open","ping_status":"closed","template":"","meta":[],"pwb-brand":[],"product_brand":[],"product_cat":[9324,8413],"product_tag":[],"class_list":{"0":"post-212810","1":"product","2":"type-product","3":"status-publish","4":"has-post-thumbnail","6":"product_cat-para-petiscar","7":"product_cat-salgado-congelado","9":"first","10":"instock","11":"taxable","12":"shipping-taxable","13":"purchasable","14":"product-type-simple"},"aioseo_notices":[],"brands":[],"_links":{"self":[{"href":"https:\/\/www.delicias-uk.com\/pt-pt\/wp-json\/wp\/v2\/product\/212810","targetHints":{"allow":["GET"]}}],"collection":[{"href":"https:\/\/www.delicias-uk.com\/pt-pt\/wp-json\/wp\/v2\/product"}],"about":[{"href":"https:\/\/www.delicias-uk.com\/pt-pt\/wp-json\/wp\/v2\/types\/product"}],"author":[{"embeddable":true,"href":"https:\/\/www.delicias-uk.com\/pt-pt\/wp-json\/wp\/v2\/users\/43533"}],"replies":[{"embeddable":true,"href":"https:\/\/www.delicias-uk.com\/pt-pt\/wp-json\/wp\/v2\/comments?post=212810"}],"wp:featuredmedia":[{"embeddable":true,"href":"https:\/\/www.delicias-uk.com\/pt-pt\/wp-json\/wp\/v2\/media\/86585"}],"wp:attachment":[{"href":"https:\/\/www.delicias-uk.com\/pt-pt\/wp-json\/wp\/v2\/media?parent=212810"}],"wp:term":[{"taxonomy":"pwb-brand","embeddable":true,"href":"https:\/\/www.delicias-uk.com\/pt-pt\/wp-json\/wp\/v2\/pwb-brand?post=212810"},{"taxonomy":"product_brand","embeddable":true,"href":"https:\/\/www.delicias-uk.com\/pt-pt\/wp-json\/wp\/v2\/product_brand?post=212810"},{"taxonomy":"product_cat","embeddable":true,"href":"https:\/\/www.delicias-uk.com\/pt-pt\/wp-json\/wp\/v2\/product_cat?post=212810"},{"taxonomy":"product_tag","embeddable":true,"href":"https:\/\/www.delicias-uk.com\/pt-pt\/wp-json\/wp\/v2\/product_tag?post=212810"}],"curies":[{"name":"wp","href":"https:\/\/api.w.org\/{rel}","templated":true}]}}