{"id":212798,"date":"2020-05-01T16:29:20","date_gmt":"2020-05-01T16:29:20","guid":{"rendered":"https:\/\/www.delicias-uk.com\/product\/wild-tiger-shrimp-6-8-nigeria-2\/"},"modified":"2025-12-27T14:49:07","modified_gmt":"2025-12-27T14:49:07","slug":"wild-tiger-shrimp-6-8-nigeria-2","status":"publish","type":"product","link":"https:\/\/www.delicias-uk.com\/pt-pt\/produto\/wild-tiger-shrimp-6-8-nigeria-2\/","title":{"rendered":"Camar\u00e3o Tigre Selvagem Congelado da Nig\u00e9ria (6-8) 2kg"},"content":{"rendered":"<p>Produto congelado. Ser\u00e1 descongelado durante o processo de transporte. Condicionado com materiais termicos (caixa ou bolsa) e gelo.<\/p>\n","protected":false},"excerpt":{"rendered":"<p>CAMARAO SELV. TIGRE (6-8) NIGERIA 2KG<\/p>\n","protected":false},"author":43533,"featured_media":86560,"comment_status":"open","ping_status":"closed","template":"","meta":[],"pwb-brand":[],"product_brand":[],"product_cat":[9341,8289,8305,8419],"product_tag":[],"class_list":{"0":"post-212798","1":"product","2":"type-product","3":"status-publish","4":"has-post-thumbnail","6":"product_cat-camarao","7":"product_cat-inicio","8":"product_cat-produtos-congelados","9":"product_cat-frutos-do-mar-congelado","11":"first","12":"instock","13":"taxable","14":"shipping-taxable","15":"purchasable","16":"product-type-simple"},"aioseo_notices":[],"brands":[],"_links":{"self":[{"href":"https:\/\/www.delicias-uk.com\/pt-pt\/wp-json\/wp\/v2\/product\/212798","targetHints":{"allow":["GET"]}}],"collection":[{"href":"https:\/\/www.delicias-uk.com\/pt-pt\/wp-json\/wp\/v2\/product"}],"about":[{"href":"https:\/\/www.delicias-uk.com\/pt-pt\/wp-json\/wp\/v2\/types\/product"}],"author":[{"embeddable":true,"href":"https:\/\/www.delicias-uk.com\/pt-pt\/wp-json\/wp\/v2\/users\/43533"}],"replies":[{"embeddable":true,"href":"https:\/\/www.delicias-uk.com\/pt-pt\/wp-json\/wp\/v2\/comments?post=212798"}],"wp:featuredmedia":[{"embeddable":true,"href":"https:\/\/www.delicias-uk.com\/pt-pt\/wp-json\/wp\/v2\/media\/86560"}],"wp:attachment":[{"href":"https:\/\/www.delicias-uk.com\/pt-pt\/wp-json\/wp\/v2\/media?parent=212798"}],"wp:term":[{"taxonomy":"pwb-brand","embeddable":true,"href":"https:\/\/www.delicias-uk.com\/pt-pt\/wp-json\/wp\/v2\/pwb-brand?post=212798"},{"taxonomy":"product_brand","embeddable":true,"href":"https:\/\/www.delicias-uk.com\/pt-pt\/wp-json\/wp\/v2\/product_brand?post=212798"},{"taxonomy":"product_cat","embeddable":true,"href":"https:\/\/www.delicias-uk.com\/pt-pt\/wp-json\/wp\/v2\/product_cat?post=212798"},{"taxonomy":"product_tag","embeddable":true,"href":"https:\/\/www.delicias-uk.com\/pt-pt\/wp-json\/wp\/v2\/product_tag?post=212798"}],"curies":[{"name":"wp","href":"https:\/\/api.w.org\/{rel}","templated":true}]}}