{"id":212784,"date":"2020-05-01T15:40:45","date_gmt":"2020-05-01T15:40:45","guid":{"rendered":"https:\/\/www.delicias-uk.com\/product\/bacalhau-congsrbacalhau-lombos-higien-280g\/"},"modified":"2025-12-15T18:56:12","modified_gmt":"2025-12-15T18:56:12","slug":"bacalhau-congsrbacalhau-lombos-higien-280g","status":"publish","type":"product","link":"https:\/\/www.delicias-uk.com\/pt-pt\/produto\/bacalhau-congsrbacalhau-lombos-higien-280g\/","title":{"rendered":"Lombos de Bacalhau Higienizado Congelado Sr. Bacalhau 280g"},"content":{"rendered":"<p>Os Lombos de Bacalhau Higienizado Congelado Sr. Bacalhau (280g) s\u00e3o uma escolha pr\u00e1tica e de alta qualidade, ideais para quem busca cortes nobres e saborosos do verdadeiro bacalhau Gadus morhua, com a conveni\u00eancia de j\u00e1 estarem higienizados e prontos para o preparo.<\/p>\n<\/p>\n<p>Caracter\u00edsticas dos Lombos de Bacalhau Higienizado Congelado Sr. Bacalhau<\/p>\n<p>Higienizados:<\/p>\n<p>Passam por um processo rigoroso de limpeza, garantindo maior seguran\u00e7a e praticidade.<\/p>\n<p>Congelados:<\/p>\n<p>Mant\u00eam o frescor, sabor e textura originais gra\u00e7as ao congelamento r\u00e1pido.<\/p>\n<p>Por\u00e7\u00e3o pr\u00e1tica:<\/p>\n<p>Embalagem de 280g, ideal para refei\u00e7\u00f5es individuais ou pequenos pratos.<\/p>\n<p>Corte nobre:<\/p>\n<p>Os lombos s\u00e3o a parte mais suculenta e macia do bacalhau, perfeitos para grelhar, assar ou cozinhar.<\/p>\n<p>Origem garantida:<\/p>\n<p>Produzido a partir do aut\u00eantico bacalhau noruegu\u00eas, reconhecido mundialmente por sua qualidade.<\/p>\n","protected":false},"excerpt":{"rendered":"<ul style=\"list-style-type:disc;\">\n<li>Lombo de bacalhau congelado<\/li>\n<li>Marca: Sr. Bacalhau<\/li>\n<li>Esp\u00e9cie: Gadus Morhua<\/li>\n<\/ul>\n","protected":false},"author":43533,"featured_media":86530,"comment_status":"open","ping_status":"closed","template":"","meta":[],"pwb-brand":[],"product_brand":[],"product_cat":[9330,8357,8499],"product_tag":[],"class_list":{"0":"post-212784","1":"product","2":"type-product","3":"status-publish","4":"has-post-thumbnail","6":"product_cat-pronto-para-cozinhar","7":"product_cat-bacalhau-congelado","8":"product_cat-sem-glutem","10":"first","11":"outofstock","12":"taxable","13":"shipping-taxable","14":"purchasable","15":"product-type-simple"},"aioseo_notices":[],"brands":[],"_links":{"self":[{"href":"https:\/\/www.delicias-uk.com\/pt-pt\/wp-json\/wp\/v2\/product\/212784","targetHints":{"allow":["GET"]}}],"collection":[{"href":"https:\/\/www.delicias-uk.com\/pt-pt\/wp-json\/wp\/v2\/product"}],"about":[{"href":"https:\/\/www.delicias-uk.com\/pt-pt\/wp-json\/wp\/v2\/types\/product"}],"author":[{"embeddable":true,"href":"https:\/\/www.delicias-uk.com\/pt-pt\/wp-json\/wp\/v2\/users\/43533"}],"replies":[{"embeddable":true,"href":"https:\/\/www.delicias-uk.com\/pt-pt\/wp-json\/wp\/v2\/comments?post=212784"}],"wp:featuredmedia":[{"embeddable":true,"href":"https:\/\/www.delicias-uk.com\/pt-pt\/wp-json\/wp\/v2\/media\/86530"}],"wp:attachment":[{"href":"https:\/\/www.delicias-uk.com\/pt-pt\/wp-json\/wp\/v2\/media?parent=212784"}],"wp:term":[{"taxonomy":"pwb-brand","embeddable":true,"href":"https:\/\/www.delicias-uk.com\/pt-pt\/wp-json\/wp\/v2\/pwb-brand?post=212784"},{"taxonomy":"product_brand","embeddable":true,"href":"https:\/\/www.delicias-uk.com\/pt-pt\/wp-json\/wp\/v2\/product_brand?post=212784"},{"taxonomy":"product_cat","embeddable":true,"href":"https:\/\/www.delicias-uk.com\/pt-pt\/wp-json\/wp\/v2\/product_cat?post=212784"},{"taxonomy":"product_tag","embeddable":true,"href":"https:\/\/www.delicias-uk.com\/pt-pt\/wp-json\/wp\/v2\/product_tag?post=212784"}],"curies":[{"name":"wp","href":"https:\/\/api.w.org\/{rel}","templated":true}]}}