{"id":212760,"date":"2020-04-30T09:55:07","date_gmt":"2020-04-30T09:55:07","guid":{"rendered":"https:\/\/www.delicias-uk.com\/product\/it-wine-red-marzocchi-san-nicola-vino-rosso-75cl-2\/"},"modified":"2025-02-06T17:14:05","modified_gmt":"2025-02-06T17:14:05","slug":"it-wine-red-marzocchi-san-nicola-vino-rosso-75cl-2","status":"publish","type":"product","link":"https:\/\/www.delicias-uk.com\/pt-pt\/produto\/it-wine-red-marzocchi-san-nicola-vino-rosso-75cl-2\/","title":{"rendered":"Marzocchi San Nicola Vino Rosso 75cl"},"content":{"rendered":"<p class=\"MsoNormal\" style=\"margin-bottom:0cm;line-height:normal;\"><span lang=\"pt\" xml:lang=\"pt\">San Nicola \u00e9 obtido a partir de uvas selecionadas. Ap\u00f3s uma prensagem suave e uma macera\u00e7\u00e3o muito curta nas pel\u00edculas, procede-se \u00e0 vinifica\u00e7\u00e3o termocontrolada.<\/span><\/p>\n<\/p>\n<p class=\"MsoNormal\" style=\"margin-bottom:0cm;line-height:normal;\"><span lang=\"pt\" xml:lang=\"pt\">O resultado \u00e9 um vinho tinto rubi com tons viol\u00e1ceos. Aroma jovem e cereja. Sabor fresco e ligeiramente vivo.<\/span><\/p>\n<\/p>\n<p class=\"MsoNormal\">\n<p class=\"MsoNormal\" style=\"margin-bottom:0cm;line-height:normal;\"><span lang=\"pt\" xml:lang=\"pt\">Ideal durante toda a refei\u00e7\u00e3o, excelente com pratos da dieta mediterr\u00e2nica.<\/span><\/p><\/p>\n","protected":false},"excerpt":{"rendered":"<p>San Nicola \u00e9 obtido a partir de uvas selecionadas. Ap\u00f3s uma prensagem suave e uma macera\u00e7\u00e3o muito curta nas pel\u00edculas, procede-se \u00e0 vinifica\u00e7\u00e3o termocontrolada. O resultado \u00e9 um vinho tinto rubi com tons viol\u00e1ceos. Aroma jovem e cereja. Sabor fresco e ligeiramente vivo. Ideal durante toda a refei\u00e7\u00e3o, excelente com pratos da dieta mediterr\u00e2nica.<\/p>\n","protected":false},"author":43533,"featured_media":86480,"comment_status":"open","ping_status":"closed","template":"","meta":[],"pwb-brand":[],"product_brand":[],"product_cat":[8289],"product_tag":[],"class_list":{"0":"post-212760","1":"product","2":"type-product","3":"status-publish","4":"has-post-thumbnail","6":"product_cat-inicio","8":"first","9":"outofstock","10":"taxable","11":"shipping-taxable","12":"purchasable","13":"product-type-simple"},"aioseo_notices":[],"brands":[],"_links":{"self":[{"href":"https:\/\/www.delicias-uk.com\/pt-pt\/wp-json\/wp\/v2\/product\/212760","targetHints":{"allow":["GET"]}}],"collection":[{"href":"https:\/\/www.delicias-uk.com\/pt-pt\/wp-json\/wp\/v2\/product"}],"about":[{"href":"https:\/\/www.delicias-uk.com\/pt-pt\/wp-json\/wp\/v2\/types\/product"}],"author":[{"embeddable":true,"href":"https:\/\/www.delicias-uk.com\/pt-pt\/wp-json\/wp\/v2\/users\/43533"}],"replies":[{"embeddable":true,"href":"https:\/\/www.delicias-uk.com\/pt-pt\/wp-json\/wp\/v2\/comments?post=212760"}],"wp:featuredmedia":[{"embeddable":true,"href":"https:\/\/www.delicias-uk.com\/pt-pt\/wp-json\/wp\/v2\/media\/86480"}],"wp:attachment":[{"href":"https:\/\/www.delicias-uk.com\/pt-pt\/wp-json\/wp\/v2\/media?parent=212760"}],"wp:term":[{"taxonomy":"pwb-brand","embeddable":true,"href":"https:\/\/www.delicias-uk.com\/pt-pt\/wp-json\/wp\/v2\/pwb-brand?post=212760"},{"taxonomy":"product_brand","embeddable":true,"href":"https:\/\/www.delicias-uk.com\/pt-pt\/wp-json\/wp\/v2\/product_brand?post=212760"},{"taxonomy":"product_cat","embeddable":true,"href":"https:\/\/www.delicias-uk.com\/pt-pt\/wp-json\/wp\/v2\/product_cat?post=212760"},{"taxonomy":"product_tag","embeddable":true,"href":"https:\/\/www.delicias-uk.com\/pt-pt\/wp-json\/wp\/v2\/product_tag?post=212760"}],"curies":[{"name":"wp","href":"https:\/\/api.w.org\/{rel}","templated":true}]}}