{"id":212756,"date":"2020-04-30T09:25:57","date_gmt":"2020-04-30T08:25:57","guid":{"rendered":"https:\/\/www.delicias-uk.com\/product\/fumado-misto-de-porco-p-feijoada-500g\/"},"modified":"2026-03-05T14:20:44","modified_gmt":"2026-03-05T14:20:44","slug":"fumado-misto-de-porco-p-feijoada-500g","status":"publish","type":"product","link":"https:\/\/www.delicias-uk.com\/pt-pt\/produto\/fumado-misto-de-porco-p-feijoada-500g\/","title":{"rendered":"Fumado Misto de Porco para Feijoada 500g"},"content":{"rendered":"<p>Mix de enchidos selecionadas para a sua feijoada.<\/p>\n<p><strong>Ingredientes<\/strong>:<\/p>\n<p>Chouri\u00e7o: carne e gordura de porco, prote\u00ednas animais, especiarias, sal, soja, amido, a\u00e7\u00facar, antioxidantes (E301, E331), emulsionantes (E450, E451), hemoglobina de porco, regulador de acidez (E262) e conservantes ( E250, E252).<\/p>\n<p>Enchidos: carne e gordura de porco, prote\u00ednas animais, especiarias, sal, amido, a\u00e7\u00facar, antioxidantes (E301, E331), emulsionantes (E450, E451), hemoglobina de porco, regulador de acidez (E262) e conservantes (E250, E252).<\/p>\n<p>Moira: carne e gordura de porco, sangue de porco, cebola, vinho (sulfitos), sal, dextrose, especiarias, emulsionante (E451), conservante (E250, E252 e E202) e antioxidante (E260, E270, E301, E330, E331 ).<\/p>\n<p>Barriga Fumada: barriga de porco (96,12%), sal, dextrose, antioxidantes (E301, E331, E325), emulsionante (E451), hemoglobina de porco, conservantes (E250, E252).<\/p>\n<p>Fumado sobre madeira de azinheira.<\/p>\n<p><strong>Alerg\u00e9nios<\/strong>: cont\u00e9m\u00a0<strong>SULFITOS<\/strong>.<\/p>\n<p><strong>Informa\u00e7\u00e3o nutricional por 100g:<\/strong><\/p>\n<ul style=\"list-style-type: disc;\">\n<li>Energia: 1370 Kcal\/330 Kj<\/li>\n<li>L\u00edpidos: 27,3g, dos quais saturados: 11,4g<\/li>\n<li>Hidratos de carbono: 9,6g, com a\u00e7\u00facares: 8,1g<\/li>\n<li>Prote\u00ednas: 19,3g<\/li>\n<li>Sal: 2,8g<\/li>\n<\/ul>\n<p><strong>Pa\u00eds de origem:<\/strong>\u00a0Portugal<\/p>\n","protected":false},"excerpt":{"rendered":"<ul style=\"list-style-type: disc;\">\n<li>Peso l\u00edquido 500g<\/li>\n<li>Perfeito para sua feijoada<\/li>\n<li>Carnes selecionadas<\/li>\n<\/ul>\n","protected":false},"author":43533,"featured_media":86470,"comment_status":"open","ping_status":"closed","template":"","meta":[],"pwb-brand":[],"product_brand":[],"product_cat":[8289,8291,8337,8663],"product_tag":[],"class_list":{"0":"post-212756","1":"product","2":"type-product","3":"status-publish","4":"has-post-thumbnail","6":"product_cat-inicio","7":"product_cat-produtos-portugueses","8":"product_cat-charcutaria","9":"product_cat-chourico-e-salsicha","11":"first","12":"outofstock","13":"taxable","14":"shipping-taxable","15":"purchasable","16":"product-type-simple"},"aioseo_notices":[],"brands":[],"_links":{"self":[{"href":"https:\/\/www.delicias-uk.com\/pt-pt\/wp-json\/wp\/v2\/product\/212756","targetHints":{"allow":["GET"]}}],"collection":[{"href":"https:\/\/www.delicias-uk.com\/pt-pt\/wp-json\/wp\/v2\/product"}],"about":[{"href":"https:\/\/www.delicias-uk.com\/pt-pt\/wp-json\/wp\/v2\/types\/product"}],"author":[{"embeddable":true,"href":"https:\/\/www.delicias-uk.com\/pt-pt\/wp-json\/wp\/v2\/users\/43533"}],"replies":[{"embeddable":true,"href":"https:\/\/www.delicias-uk.com\/pt-pt\/wp-json\/wp\/v2\/comments?post=212756"}],"wp:featuredmedia":[{"embeddable":true,"href":"https:\/\/www.delicias-uk.com\/pt-pt\/wp-json\/wp\/v2\/media\/86470"}],"wp:attachment":[{"href":"https:\/\/www.delicias-uk.com\/pt-pt\/wp-json\/wp\/v2\/media?parent=212756"}],"wp:term":[{"taxonomy":"pwb-brand","embeddable":true,"href":"https:\/\/www.delicias-uk.com\/pt-pt\/wp-json\/wp\/v2\/pwb-brand?post=212756"},{"taxonomy":"product_brand","embeddable":true,"href":"https:\/\/www.delicias-uk.com\/pt-pt\/wp-json\/wp\/v2\/product_brand?post=212756"},{"taxonomy":"product_cat","embeddable":true,"href":"https:\/\/www.delicias-uk.com\/pt-pt\/wp-json\/wp\/v2\/product_cat?post=212756"},{"taxonomy":"product_tag","embeddable":true,"href":"https:\/\/www.delicias-uk.com\/pt-pt\/wp-json\/wp\/v2\/product_tag?post=212756"}],"curies":[{"name":"wp","href":"https:\/\/api.w.org\/{rel}","templated":true}]}}