{"id":212754,"date":"2020-04-29T19:02:47","date_gmt":"2020-04-29T18:02:47","guid":{"rendered":"https:\/\/www.delicias-uk.com\/product\/grelos-de-nabo-congelado-porcoes-em-cubos-1kg\/"},"modified":"2026-04-20T17:29:08","modified_gmt":"2026-04-20T16:29:08","slug":"grelos-de-nabo-congelado-porcoes-em-cubos-1kg","status":"publish","type":"product","link":"https:\/\/www.delicias-uk.com\/pt-pt\/produto\/grelos-de-nabo-congelado-porcoes-em-cubos-1kg\/","title":{"rendered":"Por\u00e7\u00f5es de Grelos de Nabos Congelados em Cubos 1kg"},"content":{"rendered":"<p class=\"\" data-start=\"153\" data-end=\"310\"><span class=\"relative -mx-px my-[-0.2rem] rounded px-px py-[0.2rem] transition-colors duration-100 ease-in-out\">Os grelos congelados s\u00e3o vers\u00e1teis na culin\u00e1ria e podem ser utilizados em diversas prepara\u00e7\u00f5es, como sopas, saladas, salteados, pratos de forno, assados, massadas, omeletes e recheios.<\/span> <span class=\"relative -mx-px my-[-0.2rem] rounded px-px py-[0.2rem] transition-colors duration-100 ease-in-out\">A Gelcentro destaca a import\u00e2ncia de colorir os pratos com uma variedade de vegetais para aumentar o consumo e aproveitar os benef\u00edcios nutricionais. Estes vegetais s\u00e3o altamente nutritivos, ricos em vitaminas, minerais e fibras, e t\u00eam baixo valor energ\u00e9tico\/cal\u00f3rico, o que os torna ben\u00e9ficos para a sa\u00fade .<\/span><\/p>\n<p class=\"\" data-start=\"312\" data-end=\"471\"><span class=\"relative -mx-px my-[-0.2rem] rounded px-px py-[0.2rem] transition-colors duration-100 ease-in-out\">A Gelcentro \u00e9 uma empresa portuguesa fundada em 1989, especializada na distribui\u00e7\u00e3o de produtos alimentares congelados para os setores de hotelaria, restaura\u00e7\u00e3o e catering.<\/span><\/p>\n<p>&nbsp;<\/p>\n<p><em><strong>Produto congelado. Ser\u00e1 descongelado durante o processo de transporte. Condicionado com materiais termicos (caixa ou bolsa) e gelo.<\/strong><\/em><\/p>\n","protected":false},"excerpt":{"rendered":"<ul style=\"list-style-type: disc;\">\n<li>Peso l\u00edquido 1kg<\/li>\n<li>Sem conservantes ou aditivos<\/li>\n<li>Produto congelado<\/li>\n<\/ul>\n","protected":false},"author":43533,"featured_media":227664,"comment_status":"open","ping_status":"closed","template":"","meta":[],"pwb-brand":[],"product_brand":[],"product_cat":[8289,8305,8427,8331,8347],"product_tag":[],"class_list":{"0":"post-212754","1":"product","2":"type-product","3":"status-publish","4":"has-post-thumbnail","6":"product_cat-inicio","7":"product_cat-produtos-congelados","8":"product_cat-legume-e-vegetal-congelado","9":"product_cat-organico","10":"product_cat-vegetariano","12":"first","13":"instock","14":"taxable","15":"shipping-taxable","16":"purchasable","17":"product-type-simple"},"aioseo_notices":[],"brands":[],"_links":{"self":[{"href":"https:\/\/www.delicias-uk.com\/pt-pt\/wp-json\/wp\/v2\/product\/212754","targetHints":{"allow":["GET"]}}],"collection":[{"href":"https:\/\/www.delicias-uk.com\/pt-pt\/wp-json\/wp\/v2\/product"}],"about":[{"href":"https:\/\/www.delicias-uk.com\/pt-pt\/wp-json\/wp\/v2\/types\/product"}],"author":[{"embeddable":true,"href":"https:\/\/www.delicias-uk.com\/pt-pt\/wp-json\/wp\/v2\/users\/43533"}],"replies":[{"embeddable":true,"href":"https:\/\/www.delicias-uk.com\/pt-pt\/wp-json\/wp\/v2\/comments?post=212754"}],"wp:featuredmedia":[{"embeddable":true,"href":"https:\/\/www.delicias-uk.com\/pt-pt\/wp-json\/wp\/v2\/media\/227664"}],"wp:attachment":[{"href":"https:\/\/www.delicias-uk.com\/pt-pt\/wp-json\/wp\/v2\/media?parent=212754"}],"wp:term":[{"taxonomy":"pwb-brand","embeddable":true,"href":"https:\/\/www.delicias-uk.com\/pt-pt\/wp-json\/wp\/v2\/pwb-brand?post=212754"},{"taxonomy":"product_brand","embeddable":true,"href":"https:\/\/www.delicias-uk.com\/pt-pt\/wp-json\/wp\/v2\/product_brand?post=212754"},{"taxonomy":"product_cat","embeddable":true,"href":"https:\/\/www.delicias-uk.com\/pt-pt\/wp-json\/wp\/v2\/product_cat?post=212754"},{"taxonomy":"product_tag","embeddable":true,"href":"https:\/\/www.delicias-uk.com\/pt-pt\/wp-json\/wp\/v2\/product_tag?post=212754"}],"curies":[{"name":"wp","href":"https:\/\/api.w.org\/{rel}","templated":true}]}}