{"id":212744,"date":"2020-04-29T18:21:17","date_gmt":"2020-04-29T18:21:17","guid":{"rendered":"https:\/\/www.delicias-uk.com\/product\/it-wine-red-marzocchi-chianti-docg-2018-75cl-2\/"},"modified":"2025-02-06T17:14:46","modified_gmt":"2025-02-06T17:14:46","slug":"it-wine-red-marzocchi-chianti-docg-2018-75cl-2","status":"publish","type":"product","link":"https:\/\/www.delicias-uk.com\/pt-pt\/produto\/it-wine-red-marzocchi-chianti-docg-2018-75cl-2\/","title":{"rendered":"Marzocchi Chianti Docg 2018 75cl"},"content":{"rendered":"<p class=\"MsoNormal\" style=\"margin-bottom:0cm;line-height:normal;\"><span lang=\"pt\" xml:lang=\"pt\">Denomina\u00e7\u00e3o de origem e garantia. Produzido com uvas Sangiovese e Canaiolo Nero, reflete as caracter\u00edsticas t\u00edpicas do Chianti.<\/span><\/p>\n<\/p>\n<p class=\"MsoNormal\" style=\"margin-bottom:0cm;line-height:normal;\"><span lang=\"pt\" xml:lang=\"pt\">Cor vermelha rubi com boa intensidade e tonalidade. Bouquet frutado, fino e elegante onde o fruto davegeta\u00e7\u00e3o rasteira, ligeiramente picante. Boa fruta no paladar com taninos certos e final persistente.<\/span><\/p><\/p>\n","protected":false},"excerpt":{"rendered":"<p>Denomina\u00e7\u00e3o de origem e garantia. Produzido com uvas Sangiovese e Canaiolo Nero, reflete as caracter\u00edsticas t\u00edpicas do Chianti. Cor vermelha rubi com boa intensidade e tonalidade. Bouquet frutado, fino e elegante onde o fruto davegeta\u00e7\u00e3o rasteira, ligeiramente picante. Boa fruta no paladar com taninos certos e final persistente.<\/p>\n","protected":false},"author":43533,"featured_media":61474,"comment_status":"open","ping_status":"closed","template":"","meta":[],"pwb-brand":[],"product_brand":[],"product_cat":[8289],"product_tag":[],"class_list":{"0":"post-212744","1":"product","2":"type-product","3":"status-publish","4":"has-post-thumbnail","6":"product_cat-inicio","8":"first","9":"instock","10":"taxable","11":"shipping-taxable","12":"purchasable","13":"product-type-simple"},"aioseo_notices":[],"brands":[],"_links":{"self":[{"href":"https:\/\/www.delicias-uk.com\/pt-pt\/wp-json\/wp\/v2\/product\/212744","targetHints":{"allow":["GET"]}}],"collection":[{"href":"https:\/\/www.delicias-uk.com\/pt-pt\/wp-json\/wp\/v2\/product"}],"about":[{"href":"https:\/\/www.delicias-uk.com\/pt-pt\/wp-json\/wp\/v2\/types\/product"}],"author":[{"embeddable":true,"href":"https:\/\/www.delicias-uk.com\/pt-pt\/wp-json\/wp\/v2\/users\/43533"}],"replies":[{"embeddable":true,"href":"https:\/\/www.delicias-uk.com\/pt-pt\/wp-json\/wp\/v2\/comments?post=212744"}],"wp:featuredmedia":[{"embeddable":true,"href":"https:\/\/www.delicias-uk.com\/pt-pt\/wp-json\/wp\/v2\/media\/61474"}],"wp:attachment":[{"href":"https:\/\/www.delicias-uk.com\/pt-pt\/wp-json\/wp\/v2\/media?parent=212744"}],"wp:term":[{"taxonomy":"pwb-brand","embeddable":true,"href":"https:\/\/www.delicias-uk.com\/pt-pt\/wp-json\/wp\/v2\/pwb-brand?post=212744"},{"taxonomy":"product_brand","embeddable":true,"href":"https:\/\/www.delicias-uk.com\/pt-pt\/wp-json\/wp\/v2\/product_brand?post=212744"},{"taxonomy":"product_cat","embeddable":true,"href":"https:\/\/www.delicias-uk.com\/pt-pt\/wp-json\/wp\/v2\/product_cat?post=212744"},{"taxonomy":"product_tag","embeddable":true,"href":"https:\/\/www.delicias-uk.com\/pt-pt\/wp-json\/wp\/v2\/product_tag?post=212744"}],"curies":[{"name":"wp","href":"https:\/\/api.w.org\/{rel}","templated":true}]}}