{"id":212718,"date":"2020-04-29T17:34:12","date_gmt":"2020-04-29T17:34:12","guid":{"rendered":"https:\/\/www.delicias-uk.com\/product\/pasteis-de-chaves-original-fs-80g-x-4-2\/"},"modified":"2025-11-29T13:47:22","modified_gmt":"2025-11-29T13:47:22","slug":"pasteis-de-chaves-original-fs-80g-x-4-2","status":"publish","type":"product","link":"https:\/\/www.delicias-uk.com\/pt-pt\/produto\/pasteis-de-chaves-original-fs-80g-x-4-2\/","title":{"rendered":"Past\u00e9is de Chaves Originais Congelados 80g x 4"},"content":{"rendered":"<p class=\"MsoNormal\"><span lang=\"pt\" xml:lang=\"pt\">O Pastel de Chaves \u00e9 um produto de pastelaria em forma de meia-lua, constitu\u00eddo por massa folhada em camadas finas, recheada com uma prepara\u00e7\u00e3o especial de carne picada de vitela.<\/span><\/p>\n<\/p>\n<p class=\"MsoNormal\">\n","protected":false},"excerpt":{"rendered":"<p class=\"MsoNormal\"><span lang=\"pt\" style=\"color:#53240c;background:#FFFFFF;\" xml:lang=\"pt\">. Pastel de Chaves<\/span><\/p>\n<\/p>\n<p class=\"MsoNormal\"><span lang=\"pt\" style=\"color:#53240c;background:#FFFFFF;\" xml:lang=\"pt\">. Fabridoce<\/span><\/p>\n<\/p>\n<p class=\"MsoNormal\"><span lang=\"pt\" style=\"color:#53240c;background:#FFFFFF;\" xml:lang=\"pt\">. Produto Congelado<\/span><\/p>\n","protected":false},"author":43533,"featured_media":86406,"comment_status":"open","ping_status":"closed","template":"","meta":[],"pwb-brand":[],"product_brand":[],"product_cat":[9324,8413],"product_tag":[],"class_list":{"0":"post-212718","1":"product","2":"type-product","3":"status-publish","4":"has-post-thumbnail","6":"product_cat-para-petiscar","7":"product_cat-salgado-congelado","9":"first","10":"instock","11":"taxable","12":"shipping-taxable","13":"purchasable","14":"product-type-simple"},"aioseo_notices":[],"brands":[],"_links":{"self":[{"href":"https:\/\/www.delicias-uk.com\/pt-pt\/wp-json\/wp\/v2\/product\/212718","targetHints":{"allow":["GET"]}}],"collection":[{"href":"https:\/\/www.delicias-uk.com\/pt-pt\/wp-json\/wp\/v2\/product"}],"about":[{"href":"https:\/\/www.delicias-uk.com\/pt-pt\/wp-json\/wp\/v2\/types\/product"}],"author":[{"embeddable":true,"href":"https:\/\/www.delicias-uk.com\/pt-pt\/wp-json\/wp\/v2\/users\/43533"}],"replies":[{"embeddable":true,"href":"https:\/\/www.delicias-uk.com\/pt-pt\/wp-json\/wp\/v2\/comments?post=212718"}],"wp:featuredmedia":[{"embeddable":true,"href":"https:\/\/www.delicias-uk.com\/pt-pt\/wp-json\/wp\/v2\/media\/86406"}],"wp:attachment":[{"href":"https:\/\/www.delicias-uk.com\/pt-pt\/wp-json\/wp\/v2\/media?parent=212718"}],"wp:term":[{"taxonomy":"pwb-brand","embeddable":true,"href":"https:\/\/www.delicias-uk.com\/pt-pt\/wp-json\/wp\/v2\/pwb-brand?post=212718"},{"taxonomy":"product_brand","embeddable":true,"href":"https:\/\/www.delicias-uk.com\/pt-pt\/wp-json\/wp\/v2\/product_brand?post=212718"},{"taxonomy":"product_cat","embeddable":true,"href":"https:\/\/www.delicias-uk.com\/pt-pt\/wp-json\/wp\/v2\/product_cat?post=212718"},{"taxonomy":"product_tag","embeddable":true,"href":"https:\/\/www.delicias-uk.com\/pt-pt\/wp-json\/wp\/v2\/product_tag?post=212718"}],"curies":[{"name":"wp","href":"https:\/\/api.w.org\/{rel}","templated":true}]}}