{"id":212696,"date":"2020-04-29T11:52:07","date_gmt":"2020-04-29T10:52:07","guid":{"rendered":"https:\/\/www.delicias-uk.com\/product\/carm-reserve-2016-75cl\/"},"modified":"2025-11-04T12:38:49","modified_gmt":"2025-11-04T12:38:49","slug":"carm-reserve-2024-75cl","status":"publish","type":"product","link":"https:\/\/www.delicias-uk.com\/pt-pt\/produto\/carm-reserve-2024-75cl\/","title":{"rendered":"Carm Reserva 2024 75cl"},"content":{"rendered":"<p>Com a mais moderna tecnologia e controlo total de temperatura , elimin\u00e1mos cachos que n\u00e3o se encontravam em perfeitas condi\u00e7\u00f5es. As uvas foram vinificadas com desengace total, seguido de esmagamento suave e macera\u00e7\u00e3o pelicular; durante cerca de 12h. Ap\u00f3s este per\u00edodo sobre atmosfera inerte fez-se a prensagem em prensa pneum\u00e1tica, seguindo-se ent\u00e3o um per\u00edodo de clarifica\u00e7\u00e3o do mosto, de 24 a 48h em fun\u00e7\u00e3o da casta e do estado de matura\u00e7\u00e3o. Vinifica\u00e7ao em hiper-redu\u00e7\u00e3o, fermenta\u00e7\u00e3o a 12\u00baC e trasfega sob atmosfera controlada. Os vinhos estagiaram sucessivamente em a\u00e7o inox e barricas de carvalho franc\u00eas sobre borra fina (battonage ) at\u00e9 ao engarrafamento.<\/p>\n<p>NOTAS DE PROVA No nariz, esta colheita de 201 7 permitiu a obten\u00e7\u00e3o de um vinho muito fresco e com &#8211; plexo, com fruta citr\u00edca, toranja, em har &#8211; monia com discretas nuances florais e fortes notas minerais pr\u00f3prias do \u201cterroir\u201d, com &#8211; plexado pelas notas resultantes do est\u00e1gio sobre borra fina e de barrica. A frescura e o volume de boca surpreendem, com final muito longo, fresco e mineral. Este vinho \u00e9 um branco ideal para acompanhar: peixe, marisco, carnes brancas e vegetais. Servir ligeiramente fresco, entre 11,5 e 12,5\u00baC.<\/p>\n","protected":false},"excerpt":{"rendered":"<ul style=\"list-style-type: disc\">\n<li>Produtor: CARM \u2013 Casa Agricola Roboredo Madeira<\/li>\n<li>Regi\u00e3o: Douro<\/li>\n<li>Pa\u00eds: Portugal<\/li>\n<li>Estilo de Vinho: Vinho Branco<\/li>\n<li>Casta: C\u00f4dega de Larinho, Rabigato e Viosinho<\/li>\n<li>Garrafa: 750ml<\/li>\n<li>Teor de \u00e1lcool: 13.5%<\/li>\n<\/ul>\n","protected":false},"author":43533,"featured_media":86373,"comment_status":"open","ping_status":"closed","template":"","meta":[],"pwb-brand":[],"product_brand":[],"product_cat":[9352,8289,8291,8431,8489,8825],"product_tag":[],"class_list":{"0":"post-212696","1":"product","2":"type-product","3":"status-publish","4":"has-post-thumbnail","6":"product_cat-vinho-branco-pt-pt-2","7":"product_cat-inicio","8":"product_cat-produtos-portugueses","9":"product_cat-vinhos-pt-pt","10":"product_cat-vinho-branco","11":"product_cat-douro-pt-pt-vinho-branco","13":"first","14":"outofstock","15":"taxable","16":"shipping-taxable","17":"purchasable","18":"product-type-simple"},"aioseo_notices":[],"brands":[],"_links":{"self":[{"href":"https:\/\/www.delicias-uk.com\/pt-pt\/wp-json\/wp\/v2\/product\/212696","targetHints":{"allow":["GET"]}}],"collection":[{"href":"https:\/\/www.delicias-uk.com\/pt-pt\/wp-json\/wp\/v2\/product"}],"about":[{"href":"https:\/\/www.delicias-uk.com\/pt-pt\/wp-json\/wp\/v2\/types\/product"}],"author":[{"embeddable":true,"href":"https:\/\/www.delicias-uk.com\/pt-pt\/wp-json\/wp\/v2\/users\/43533"}],"replies":[{"embeddable":true,"href":"https:\/\/www.delicias-uk.com\/pt-pt\/wp-json\/wp\/v2\/comments?post=212696"}],"wp:featuredmedia":[{"embeddable":true,"href":"https:\/\/www.delicias-uk.com\/pt-pt\/wp-json\/wp\/v2\/media\/86373"}],"wp:attachment":[{"href":"https:\/\/www.delicias-uk.com\/pt-pt\/wp-json\/wp\/v2\/media?parent=212696"}],"wp:term":[{"taxonomy":"pwb-brand","embeddable":true,"href":"https:\/\/www.delicias-uk.com\/pt-pt\/wp-json\/wp\/v2\/pwb-brand?post=212696"},{"taxonomy":"product_brand","embeddable":true,"href":"https:\/\/www.delicias-uk.com\/pt-pt\/wp-json\/wp\/v2\/product_brand?post=212696"},{"taxonomy":"product_cat","embeddable":true,"href":"https:\/\/www.delicias-uk.com\/pt-pt\/wp-json\/wp\/v2\/product_cat?post=212696"},{"taxonomy":"product_tag","embeddable":true,"href":"https:\/\/www.delicias-uk.com\/pt-pt\/wp-json\/wp\/v2\/product_tag?post=212696"}],"curies":[{"name":"wp","href":"https:\/\/api.w.org\/{rel}","templated":true}]}}