{"id":212668,"date":"2020-04-27T18:36:32","date_gmt":"2020-04-27T17:36:32","guid":{"rendered":"https:\/\/www.delicias-uk.com\/product\/chourica-extra-p-assar-prisca-saqueta-720g\/"},"modified":"2025-11-22T20:13:04","modified_gmt":"2025-11-22T20:13:04","slug":"chourica-extra-p-assar-prisca-saqueta-720g","status":"publish","type":"product","link":"https:\/\/www.delicias-uk.com\/pt-pt\/produto\/chourica-extra-p-assar-prisca-saqueta-720g\/","title":{"rendered":"Chouri\u00e7a Extra para Assar Prisca Saqueta 720g"},"content":{"rendered":"<p>A Casa da Prisca traz \u00e0 sua mesa uma Chouri\u00e7a Tradicional muito saborosa. Feita a partir de uma criteriosa sele\u00e7\u00e3o dos melhores cortes de carne de porco, o seu sabor \u00e9 real\u00e7ado pela excelente combina\u00e7\u00e3o e envolvimento da vinha de Dalhos, um saber-fazer bem guardado e hist\u00f3rico. Apresentando-se por excel\u00eancia como um enchido para momentos de partilha e confraterniza\u00e7\u00e3o, a chouri\u00e7a pode ser consumida crua, embora a sua prepara\u00e7\u00e3o assada na grelha ou em assadeira de barro com aguardente tradicional esteja fortemente presente no imagin\u00e1rio dos consumidores. Experimente tamb\u00e9m tost\u00e1-la com um fio de azeite bem quente ou ferv\u00ea-la e acompanh\u00e1-la em v\u00e1rios pratos da cozinha tradicional portuguesa.<\/p>\n<p><strong>Ingredientes<\/strong>: Carne de porco, gordura de porco, vinho, sal, \u00e1gua, dextrose, colorau, emulsionante (E451), hemoglobina de porco, conservante (E250, E252, E202), antioxidante (E301, E331).<\/p>\n<p><strong>Alerg\u00e9nios<\/strong>: cont\u00e9m <strong>SULFITOS<\/strong>.<\/p>\n<p><strong>Informa\u00e7\u00e3o nutricional por 100g:<\/strong><\/p>\n<ul style=\"list-style-type:disc\">\n<li>Valor energ\u00e9tico (Kj\/ Kcal): 1429\/344<\/li>\n<li>Gordura (g): 26,8<\/li>\n<li>Dos quais saturada (g): 10,05<\/li>\n<li>Carboidratos (g): 0,9<\/li>\n<li>Dos quais a\u00e7\u00facares (g): 0,9<\/li>\n<li>Fibra alimentar (g): 0,81<\/li>\n<li>Prote\u00edna (g): 24,4<\/li>\n<li>Sal (g): 1,12<\/li>\n<\/ul>\n<p><strong>Pa\u00eds de origem<\/strong>: Portugal<\/p>\n","protected":false},"excerpt":{"rendered":"<ul style=\"list-style-type:disc\">\n<li>Peso l\u00edquido 720g<\/li>\n<li>Pode ser consumida crua ou assada<\/li>\n<li>Fonte de prote\u00edna<\/li>\n<\/ul>\n","protected":false},"author":43533,"featured_media":86308,"comment_status":"open","ping_status":"closed","template":"","meta":[],"pwb-brand":[],"product_brand":[],"product_cat":[8289,8291,8337,8663],"product_tag":[],"class_list":{"0":"post-212668","1":"product","2":"type-product","3":"status-publish","4":"has-post-thumbnail","6":"product_cat-inicio","7":"product_cat-produtos-portugueses","8":"product_cat-charcutaria","9":"product_cat-chourico-e-salsicha","11":"first","12":"outofstock","13":"taxable","14":"shipping-taxable","15":"purchasable","16":"product-type-simple"},"aioseo_notices":[],"brands":[],"_links":{"self":[{"href":"https:\/\/www.delicias-uk.com\/pt-pt\/wp-json\/wp\/v2\/product\/212668","targetHints":{"allow":["GET"]}}],"collection":[{"href":"https:\/\/www.delicias-uk.com\/pt-pt\/wp-json\/wp\/v2\/product"}],"about":[{"href":"https:\/\/www.delicias-uk.com\/pt-pt\/wp-json\/wp\/v2\/types\/product"}],"author":[{"embeddable":true,"href":"https:\/\/www.delicias-uk.com\/pt-pt\/wp-json\/wp\/v2\/users\/43533"}],"replies":[{"embeddable":true,"href":"https:\/\/www.delicias-uk.com\/pt-pt\/wp-json\/wp\/v2\/comments?post=212668"}],"wp:featuredmedia":[{"embeddable":true,"href":"https:\/\/www.delicias-uk.com\/pt-pt\/wp-json\/wp\/v2\/media\/86308"}],"wp:attachment":[{"href":"https:\/\/www.delicias-uk.com\/pt-pt\/wp-json\/wp\/v2\/media?parent=212668"}],"wp:term":[{"taxonomy":"pwb-brand","embeddable":true,"href":"https:\/\/www.delicias-uk.com\/pt-pt\/wp-json\/wp\/v2\/pwb-brand?post=212668"},{"taxonomy":"product_brand","embeddable":true,"href":"https:\/\/www.delicias-uk.com\/pt-pt\/wp-json\/wp\/v2\/product_brand?post=212668"},{"taxonomy":"product_cat","embeddable":true,"href":"https:\/\/www.delicias-uk.com\/pt-pt\/wp-json\/wp\/v2\/product_cat?post=212668"},{"taxonomy":"product_tag","embeddable":true,"href":"https:\/\/www.delicias-uk.com\/pt-pt\/wp-json\/wp\/v2\/product_tag?post=212668"}],"curies":[{"name":"wp","href":"https:\/\/api.w.org\/{rel}","templated":true}]}}