{"id":212634,"date":"2020-04-27T14:14:48","date_gmt":"2020-04-27T13:14:48","guid":{"rendered":"https:\/\/www.delicias-uk.com\/product\/cogumelos-cortados-compal-lata-290g\/"},"modified":"2026-03-28T15:20:58","modified_gmt":"2026-03-28T15:20:58","slug":"cogumelos-cortados-compal-lata-290g","status":"publish","type":"product","link":"https:\/\/www.delicias-uk.com\/pt-pt\/produto\/cogumelos-cortados-compal-lata-290g\/","title":{"rendered":"Cogumelos Cortados Compal Lata 290g"},"content":{"rendered":"<p>Os <strong>Cogumelos Cortados Compal<\/strong> s\u00e3o uma excelente op\u00e7\u00e3o alimentar. Al\u00e9m da baixa quantidade de gordura e elevado teor de \u00e1gua, possuem v\u00e1rios amino\u00e1cidos essenciais e um valor proteico interessante para uma fonte vegetal.<br \/>\nOs nossos cogumelos laminados Compal da Horta t\u00eam um sabor suave e textura aveludada, tornando-os uma escolha vers\u00e1til e deliciosa na elabora\u00e7\u00e3o de qualquer prato.<\/p>\n<p>Perfeitos para cremes e aveludados, como acompanhamento ou como protagonista em diversos pratos, desde entradas a risottos.<\/p>\n<p><strong>Ingredientes:<\/strong> cogumelos, \u00e1gua, sal, regulador de acidez: \u00e1cido c\u00edtrico.<\/p>\n<p><strong>Outras informa\u00e7\u00f5es:<\/strong><br \/>\nSem conservantes.<br \/>\nNaturalmente rico em prote\u00edna vegetal.<\/p>\n","protected":false},"excerpt":{"rendered":"<ul>\n<li>Cogumelos Cortados.<\/li>\n<li>Sem conservantes.<\/li>\n<li>Naturalmente rico em prote\u00edna vegetal.<\/li>\n<\/ul>\n","protected":false},"author":43533,"featured_media":222703,"comment_status":"open","ping_status":"closed","template":"","meta":[],"pwb-brand":[],"product_brand":[],"product_cat":[8745],"product_tag":[],"class_list":{"0":"post-212634","1":"product","2":"type-product","3":"status-publish","4":"has-post-thumbnail","6":"product_cat-legumes-enlatados","8":"first","9":"instock","10":"taxable","11":"shipping-taxable","12":"purchasable","13":"product-type-simple"},"aioseo_notices":[],"brands":[],"_links":{"self":[{"href":"https:\/\/www.delicias-uk.com\/pt-pt\/wp-json\/wp\/v2\/product\/212634","targetHints":{"allow":["GET"]}}],"collection":[{"href":"https:\/\/www.delicias-uk.com\/pt-pt\/wp-json\/wp\/v2\/product"}],"about":[{"href":"https:\/\/www.delicias-uk.com\/pt-pt\/wp-json\/wp\/v2\/types\/product"}],"author":[{"embeddable":true,"href":"https:\/\/www.delicias-uk.com\/pt-pt\/wp-json\/wp\/v2\/users\/43533"}],"replies":[{"embeddable":true,"href":"https:\/\/www.delicias-uk.com\/pt-pt\/wp-json\/wp\/v2\/comments?post=212634"}],"wp:featuredmedia":[{"embeddable":true,"href":"https:\/\/www.delicias-uk.com\/pt-pt\/wp-json\/wp\/v2\/media\/222703"}],"wp:attachment":[{"href":"https:\/\/www.delicias-uk.com\/pt-pt\/wp-json\/wp\/v2\/media?parent=212634"}],"wp:term":[{"taxonomy":"pwb-brand","embeddable":true,"href":"https:\/\/www.delicias-uk.com\/pt-pt\/wp-json\/wp\/v2\/pwb-brand?post=212634"},{"taxonomy":"product_brand","embeddable":true,"href":"https:\/\/www.delicias-uk.com\/pt-pt\/wp-json\/wp\/v2\/product_brand?post=212634"},{"taxonomy":"product_cat","embeddable":true,"href":"https:\/\/www.delicias-uk.com\/pt-pt\/wp-json\/wp\/v2\/product_cat?post=212634"},{"taxonomy":"product_tag","embeddable":true,"href":"https:\/\/www.delicias-uk.com\/pt-pt\/wp-json\/wp\/v2\/product_tag?post=212634"}],"curies":[{"name":"wp","href":"https:\/\/api.w.org\/{rel}","templated":true}]}}