{"id":212610,"date":"2020-04-27T11:23:05","date_gmt":"2020-04-27T10:23:05","guid":{"rendered":"https:\/\/www.delicias-uk.com\/product\/nestle-cerelac-baby-food-pijama-2x200ml-x-6-2\/"},"modified":"2025-12-29T21:06:18","modified_gmt":"2025-12-29T21:06:18","slug":"nestle-cerelac-baby-food-pijama-2x200ml-x-6-2","status":"publish","type":"product","link":"https:\/\/www.delicias-uk.com\/pt-pt\/produto\/nestle-cerelac-baby-food-pijama-2x200ml-x-6-2\/","title":{"rendered":"Cerelac Pijama 200ml x 2 x 6"},"content":{"rendered":"<p><strong>Ingredientes:<\/strong>\u00a0Leite magro (45,5%), \u00e1gua, farinha (7,2%) (trigo hidrolisada, centeio, cevada, trigo, milho, aveia integral), amido de milho, \u00f3leos vegetais (girassol, coco, colza), maltodextrina, sumo de uva concentrado, gordura l\u00e1ctea, subst\u00e2ncias minerais (carbonato de c\u00e1lcio, fumarato ferroso, sulfato de zinco, iodeto de pot\u00e1ssio), s\u00eamola de arroz, vitaminas (C, E, PP, \u00e1cido pantot\u00e9nico, B1, A, B6, B2, \u00e1cido f\u00f3lico, K, biotina, D, B12), aromas.<\/p>\n<p><strong>Este produto cont\u00e9m gl\u00faten. Consulte o seu m\u00e9dico antes de dar a crian\u00e7as com alergia \u00e0s prote\u00ednas do leite de vaca.<\/strong><\/p>\n","protected":false},"excerpt":{"rendered":"<p><strong>Alimento \u00e0 base de cereais especialmente selecionados e cultivados para a alimenta\u00e7\u00e3o infantil.<\/strong><\/p>\n<p><span style=\"text-decoration:underline;\"><strong>Benef\u00edcios:<\/strong><\/span><\/p>\n<ul style=\"list-style-type:disc;\">\n<li>Textura ligeira, ideal para beber pelo biber\u00e3o<\/li>\n<li>Mais de 60% dos valores de refer\u00eancia di\u00e1rios*:<\/li>\n<li>Ferro, que contribui para o desenvolvimento cognitivo normal das crian\u00e7as<\/li>\n<li>C\u00e1lcio, necess\u00e1rio para o crescimento e desenvolvimento normais dos ossos das crian\u00e7as<\/li>\n<li>13 Vitaminas (C, E, PP, \u00e1cido pantot\u00e9nico, B1, A, B6, B2, \u00e1cido f\u00f3lico, K, biotina, D, B12)<\/li>\n<li>Sem corantes nem conservantes, de acordo com a legisla\u00e7\u00e3o em vigor<\/li>\n<li>Formato pr\u00e1tico, para beber a qualquer hora em qualquer lugar<\/li>\n<\/ul>\n","protected":false},"author":43533,"featured_media":86194,"comment_status":"open","ping_status":"closed","template":"","meta":[],"pwb-brand":[],"product_brand":[],"product_cat":[8289,8291,8395,8625],"product_tag":[],"class_list":{"0":"post-212610","1":"product","2":"type-product","3":"status-publish","4":"has-post-thumbnail","6":"product_cat-inicio","7":"product_cat-produtos-portugueses","8":"product_cat-mercearia","9":"product_cat-bebe-cereais","11":"first","12":"instock","13":"taxable","14":"shipping-taxable","15":"purchasable","16":"product-type-simple"},"aioseo_notices":[],"brands":[],"_links":{"self":[{"href":"https:\/\/www.delicias-uk.com\/pt-pt\/wp-json\/wp\/v2\/product\/212610","targetHints":{"allow":["GET"]}}],"collection":[{"href":"https:\/\/www.delicias-uk.com\/pt-pt\/wp-json\/wp\/v2\/product"}],"about":[{"href":"https:\/\/www.delicias-uk.com\/pt-pt\/wp-json\/wp\/v2\/types\/product"}],"author":[{"embeddable":true,"href":"https:\/\/www.delicias-uk.com\/pt-pt\/wp-json\/wp\/v2\/users\/43533"}],"replies":[{"embeddable":true,"href":"https:\/\/www.delicias-uk.com\/pt-pt\/wp-json\/wp\/v2\/comments?post=212610"}],"wp:featuredmedia":[{"embeddable":true,"href":"https:\/\/www.delicias-uk.com\/pt-pt\/wp-json\/wp\/v2\/media\/86194"}],"wp:attachment":[{"href":"https:\/\/www.delicias-uk.com\/pt-pt\/wp-json\/wp\/v2\/media?parent=212610"}],"wp:term":[{"taxonomy":"pwb-brand","embeddable":true,"href":"https:\/\/www.delicias-uk.com\/pt-pt\/wp-json\/wp\/v2\/pwb-brand?post=212610"},{"taxonomy":"product_brand","embeddable":true,"href":"https:\/\/www.delicias-uk.com\/pt-pt\/wp-json\/wp\/v2\/product_brand?post=212610"},{"taxonomy":"product_cat","embeddable":true,"href":"https:\/\/www.delicias-uk.com\/pt-pt\/wp-json\/wp\/v2\/product_cat?post=212610"},{"taxonomy":"product_tag","embeddable":true,"href":"https:\/\/www.delicias-uk.com\/pt-pt\/wp-json\/wp\/v2\/product_tag?post=212610"}],"curies":[{"name":"wp","href":"https:\/\/api.w.org\/{rel}","templated":true}]}}