{"id":212596,"date":"2020-04-24T17:22:47","date_gmt":"2020-04-24T16:22:47","guid":{"rendered":"https:\/\/www.delicias-uk.com\/product\/casal-garcia-rose-vverde-75cl-3\/"},"modified":"2026-02-24T11:55:28","modified_gmt":"2026-02-24T11:55:28","slug":"casal-garcia-rose-vverde-75cl-3","status":"publish","type":"product","link":"https:\/\/www.delicias-uk.com\/pt-pt\/produto\/casal-garcia-rose-vverde-75cl-3\/","title":{"rendered":"Casal Garcia Ros\u00e9 75cl x 6"},"content":{"rendered":"<p>Elaborado a partir das variedades de Vinh\u00e3o, Azal vermelho e Borra\u00e7al. Apresenta uma cor rosa fresca e uma apar\u00eancia clara. Este \u00e9 um vinho muito frutado refor\u00e7ado por notas de framboesas e morangos. Na boca, o sabor a frutos vermelhos tamb\u00e9m \u00e9 evidente, equilibrado com a acidez crocante que caracteriza este vinho com uma grande frescura. O sabor depois \u00e9 harmonioso, mostrando uma suavidade persistente. O Casal Garcia Rose \u00e9 ideal como aperitivo e \u00e9 servido com receitas t\u00edpicas italianas, saladas leves ou entradas como camar\u00e3o ao alho.<\/p>\n<p>O Casal Garcia Ros\u00e9 apresenta um perfil muito arom\u00e1tico, equilibrado e com um crocante no sabor que lhe d\u00e1 uma frescura imensa. \u00c9 um vinho frutado, sobressaindo no nariz notas de framboesa e morango. Na boca continua evidente a fruta vermelha, bem conjugada com uma acidez equilibrada, que confere a este vinho uma grande frescura. Apresenta um final harmonioso e de persist\u00eancia suave.<\/p>\n<p>Servi\u00e7o ideal: At\u00e9 2 anos ap\u00f3s engarrafamento. Temperatura m\u00e9dia ideal entre 8-10\u00baC.Servir em copo de p\u00e9 alto.<\/p>\n<p>Produtor: Aveleda<\/p>\n<p>Pa\u00eds: Portugal<\/p>\n<p>Castas: Vinh\u00e3o, Borra\u00e7al e Azal Tinto<\/p>\n<p>Solo: Gran\u00edtico e Arenoso<\/p>\n<p>Gradua\u00e7\u00e3o alco\u00f3lica: 9.5% Vol.<\/p>\n<p>Harmoniza\u00e7\u00f5es:\u00a0 Ideal para acompanhar pratos de peixe e marisco, grelhados, saladas e pratos italianos.<\/p>\n","protected":false},"excerpt":{"rendered":"<ul>\n<li>Produtor: Aveleda<\/li>\n<li>Pa\u00eds: Portugal<\/li>\n<li>Castas: Vinh\u00e3o, Borra\u00e7al e Azal Tinto<\/li>\n<li>Solo: Gran\u00edtico e Arenoso<\/li>\n<li>Gradua\u00e7\u00e3o alco\u00f3lica: 9.5% Vol.<\/li>\n<li>Harmoniza\u00e7\u00f5es:\u00a0 Ideal para acompanhar pratos de peixe e marisco, grelhados, saladas e pratos italianos.<\/li>\n<\/ul>\n","protected":false},"author":43533,"featured_media":194624,"comment_status":"open","ping_status":"closed","template":"","meta":[],"pwb-brand":[],"product_brand":[],"product_cat":[9349,8289,8291,8431,8523,8891],"product_tag":[],"class_list":{"0":"post-212596","1":"product","2":"type-product","3":"status-publish","4":"has-post-thumbnail","6":"product_cat-vinho-rose-pt-pt-2","7":"product_cat-inicio","8":"product_cat-produtos-portugueses","9":"product_cat-vinhos-pt-pt","10":"product_cat-vinho-rose","11":"product_cat-minho-pt-pt-vinho-rose","13":"first","14":"instock","15":"taxable","16":"shipping-taxable","17":"purchasable","18":"product-type-simple"},"aioseo_notices":[],"brands":[],"_links":{"self":[{"href":"https:\/\/www.delicias-uk.com\/pt-pt\/wp-json\/wp\/v2\/product\/212596","targetHints":{"allow":["GET"]}}],"collection":[{"href":"https:\/\/www.delicias-uk.com\/pt-pt\/wp-json\/wp\/v2\/product"}],"about":[{"href":"https:\/\/www.delicias-uk.com\/pt-pt\/wp-json\/wp\/v2\/types\/product"}],"author":[{"embeddable":true,"href":"https:\/\/www.delicias-uk.com\/pt-pt\/wp-json\/wp\/v2\/users\/43533"}],"replies":[{"embeddable":true,"href":"https:\/\/www.delicias-uk.com\/pt-pt\/wp-json\/wp\/v2\/comments?post=212596"}],"wp:featuredmedia":[{"embeddable":true,"href":"https:\/\/www.delicias-uk.com\/pt-pt\/wp-json\/wp\/v2\/media\/194624"}],"wp:attachment":[{"href":"https:\/\/www.delicias-uk.com\/pt-pt\/wp-json\/wp\/v2\/media?parent=212596"}],"wp:term":[{"taxonomy":"pwb-brand","embeddable":true,"href":"https:\/\/www.delicias-uk.com\/pt-pt\/wp-json\/wp\/v2\/pwb-brand?post=212596"},{"taxonomy":"product_brand","embeddable":true,"href":"https:\/\/www.delicias-uk.com\/pt-pt\/wp-json\/wp\/v2\/product_brand?post=212596"},{"taxonomy":"product_cat","embeddable":true,"href":"https:\/\/www.delicias-uk.com\/pt-pt\/wp-json\/wp\/v2\/product_cat?post=212596"},{"taxonomy":"product_tag","embeddable":true,"href":"https:\/\/www.delicias-uk.com\/pt-pt\/wp-json\/wp\/v2\/product_tag?post=212596"}],"curies":[{"name":"wp","href":"https:\/\/api.w.org\/{rel}","templated":true}]}}