{"id":212588,"date":"2020-04-24T15:57:04","date_gmt":"2020-04-24T15:57:04","guid":{"rendered":"https:\/\/www.delicias-uk.com\/product\/achocolatado-em-po-colacao-250g\/"},"modified":"2026-01-14T21:37:00","modified_gmt":"2026-01-14T21:37:00","slug":"achocolatado-em-po-colacao-250g","status":"publish","type":"product","link":"https:\/\/www.delicias-uk.com\/pt-pt\/produto\/achocolatado-em-po-colacao-250g\/","title":{"rendered":"Achocolatado em P\u00f3 Colacao 250g"},"content":{"rendered":"<p style=\"margin-top:0pt;margin-bottom:0pt;margin-left:0in;text-align:left;\"><span style=\"font-size:12pt;font-family:Calibri;color:#222222;\">Chocolate <\/span><span style=\"font-size:12pt;font-family:Calibri;color:#222222;\">em<\/span><span style=\"font-size:12pt;font-family:Calibri;color:#222222;\"> <\/span><span style=\"font-size:12pt;font-family:Calibri;color:#222222;\">po<\/span><span style=\"font-size:12pt;font-family:Calibri;color:#222222;\"> com fruta e cereais para <\/span><span style=\"font-size:12pt;font-family:Calibri;color:#222222;\">uma<\/span><span style=\"font-size:12pt;font-family:Calibri;color:#222222;\"> <\/span><span style=\"font-size:12pt;font-family:Calibri;color:#222222;\">bebida<\/span><span style=\"font-size:12pt;font-family:Calibri;color:#222222;\"> <\/span><span style=\"font-size:12pt;font-family:Calibri;color:#222222;\">energetica<\/span><span style=\"font-size:12pt;font-family:Calibri;color:#222222;\">. <\/span><span style=\"font-size:12pt;font-family:Calibri;color:#222222;\">Fornece<\/span><span style=\"font-size:12pt;font-family:Calibri;color:#222222;\"> <\/span><span style=\"font-size:12pt;font-family:Calibri;color:#222222;\">minerais<\/span><span style=\"font-size:12pt;font-family:Calibri;color:#222222;\"> e <\/span><span style=\"font-size:12pt;font-family:Calibri;color:#222222;\">vitaminas<\/span><span style=\"font-size:12pt;font-family:Calibri;color:#222222;\"> <\/span><span style=\"font-size:12pt;font-family:Calibri;color:#222222;\">essenciais<\/span><span style=\"font-size:12pt;font-family:Calibri;color:#222222;\">. Original de <\/span><span style=\"font-size:12pt;font-family:Calibri;color:#222222;\">Espanha<\/span><span style=\"font-size:12pt;font-family:Calibri;color:#222222;\">. <\/span><\/p>\n","protected":false},"excerpt":{"rendered":"<ul style=\"list-style-type:disc;\">\n<li>Peso l\u00edquido 250g<\/li>\n<li>Perfeito para refei\u00e7\u00f5es r\u00e1pidas<\/li>\n<li>Produto espanhol<\/li>\n<\/ul>\n","protected":false},"author":43533,"featured_media":86156,"comment_status":"open","ping_status":"closed","template":"","meta":[],"pwb-brand":[],"product_brand":[],"product_cat":[8289,8737,8295],"product_tag":[],"class_list":{"0":"post-212588","1":"product","2":"type-product","3":"status-publish","4":"has-post-thumbnail","6":"product_cat-inicio","7":"product_cat-achocolatado","8":"product_cat-produtos-espanhois","10":"first","11":"instock","12":"taxable","13":"shipping-taxable","14":"purchasable","15":"product-type-simple"},"aioseo_notices":[],"brands":[],"_links":{"self":[{"href":"https:\/\/www.delicias-uk.com\/pt-pt\/wp-json\/wp\/v2\/product\/212588","targetHints":{"allow":["GET"]}}],"collection":[{"href":"https:\/\/www.delicias-uk.com\/pt-pt\/wp-json\/wp\/v2\/product"}],"about":[{"href":"https:\/\/www.delicias-uk.com\/pt-pt\/wp-json\/wp\/v2\/types\/product"}],"author":[{"embeddable":true,"href":"https:\/\/www.delicias-uk.com\/pt-pt\/wp-json\/wp\/v2\/users\/43533"}],"replies":[{"embeddable":true,"href":"https:\/\/www.delicias-uk.com\/pt-pt\/wp-json\/wp\/v2\/comments?post=212588"}],"wp:featuredmedia":[{"embeddable":true,"href":"https:\/\/www.delicias-uk.com\/pt-pt\/wp-json\/wp\/v2\/media\/86156"}],"wp:attachment":[{"href":"https:\/\/www.delicias-uk.com\/pt-pt\/wp-json\/wp\/v2\/media?parent=212588"}],"wp:term":[{"taxonomy":"pwb-brand","embeddable":true,"href":"https:\/\/www.delicias-uk.com\/pt-pt\/wp-json\/wp\/v2\/pwb-brand?post=212588"},{"taxonomy":"product_brand","embeddable":true,"href":"https:\/\/www.delicias-uk.com\/pt-pt\/wp-json\/wp\/v2\/product_brand?post=212588"},{"taxonomy":"product_cat","embeddable":true,"href":"https:\/\/www.delicias-uk.com\/pt-pt\/wp-json\/wp\/v2\/product_cat?post=212588"},{"taxonomy":"product_tag","embeddable":true,"href":"https:\/\/www.delicias-uk.com\/pt-pt\/wp-json\/wp\/v2\/product_tag?post=212588"}],"curies":[{"name":"wp","href":"https:\/\/api.w.org\/{rel}","templated":true}]}}