{"id":212552,"date":"2020-04-22T11:08:07","date_gmt":"2020-04-22T10:08:07","guid":{"rendered":"https:\/\/www.delicias-uk.com\/product\/azeitona-qampo-mista-retalhada-cv-500g\/"},"modified":"2025-02-09T14:30:00","modified_gmt":"2025-02-09T14:30:00","slug":"azeitona-qampo-mista-retalhada-cv-500g","status":"publish","type":"product","link":"https:\/\/www.delicias-uk.com\/pt-pt\/produto\/azeitona-qampo-mista-retalhada-cv-500g\/","title":{"rendered":"Azeitona Mista Retalhada Qampo Cv 500g"},"content":{"rendered":"<p class=\"MsoNormal\">Azeitona Mista Retalhada<\/p>\n<p class=\"MsoNormal\">Provenientes da variedade Azeiteira ou Azeitoneira, d\u00e3o tamb\u00e9m pelo nome de azeitonas mistas, pelas suas cores caracter\u00edsticas: o verde pardo e o roxo. Sujeitas a um processo produtivo natural de Campo Maior, que lhes atribui caracter\u00edsticas diferenciadoras e um sabor \u00fanico, as azeitonas mistas Agrodelta s\u00e3o fermentadas exclusivamente com \u00e1gua e sal, sendo posteriormente colocadas em salmoura condimentada com ervas arom\u00e1ticas.<\/p>\n<p>Embalada a vacuo na loja.\u00a0<\/p>\n","protected":false},"excerpt":{"rendered":"<p>Azeitona Mista Retalhada Provenientes da variedade Azeiteira ou Azeitoneira, d\u00e3o tamb\u00e9m pelo nome de azeitonas mistas, pelas suas cores caracter\u00edsticas: o verde pardo e o roxo. Sujeitas a um processo produtivo natural de Campo Maior, que lhes atribui caracter\u00edsticas diferenciadoras e um sabor \u00fanico, as azeitonas mistas Agrodelta s\u00e3o fermentadas exclusivamente com \u00e1gua e sal, [&hellip;]<\/p>\n","protected":false},"author":43533,"featured_media":234868,"comment_status":"open","ping_status":"closed","template":"","meta":[],"pwb-brand":[],"product_brand":[],"product_cat":[8289,8291,8403,8521],"product_tag":[],"class_list":{"0":"post-212552","1":"product","2":"type-product","3":"status-publish","4":"has-post-thumbnail","6":"product_cat-inicio","7":"product_cat-produtos-portugueses","8":"product_cat-azeitona-azeite-vinagre","9":"product_cat-azeitonas-pt-pt","11":"first","12":"instock","13":"taxable","14":"shipping-taxable","15":"purchasable","16":"product-type-simple"},"aioseo_notices":[],"brands":[],"_links":{"self":[{"href":"https:\/\/www.delicias-uk.com\/pt-pt\/wp-json\/wp\/v2\/product\/212552","targetHints":{"allow":["GET"]}}],"collection":[{"href":"https:\/\/www.delicias-uk.com\/pt-pt\/wp-json\/wp\/v2\/product"}],"about":[{"href":"https:\/\/www.delicias-uk.com\/pt-pt\/wp-json\/wp\/v2\/types\/product"}],"author":[{"embeddable":true,"href":"https:\/\/www.delicias-uk.com\/pt-pt\/wp-json\/wp\/v2\/users\/43533"}],"replies":[{"embeddable":true,"href":"https:\/\/www.delicias-uk.com\/pt-pt\/wp-json\/wp\/v2\/comments?post=212552"}],"wp:featuredmedia":[{"embeddable":true,"href":"https:\/\/www.delicias-uk.com\/pt-pt\/wp-json\/wp\/v2\/media\/234868"}],"wp:attachment":[{"href":"https:\/\/www.delicias-uk.com\/pt-pt\/wp-json\/wp\/v2\/media?parent=212552"}],"wp:term":[{"taxonomy":"pwb-brand","embeddable":true,"href":"https:\/\/www.delicias-uk.com\/pt-pt\/wp-json\/wp\/v2\/pwb-brand?post=212552"},{"taxonomy":"product_brand","embeddable":true,"href":"https:\/\/www.delicias-uk.com\/pt-pt\/wp-json\/wp\/v2\/product_brand?post=212552"},{"taxonomy":"product_cat","embeddable":true,"href":"https:\/\/www.delicias-uk.com\/pt-pt\/wp-json\/wp\/v2\/product_cat?post=212552"},{"taxonomy":"product_tag","embeddable":true,"href":"https:\/\/www.delicias-uk.com\/pt-pt\/wp-json\/wp\/v2\/product_tag?post=212552"}],"curies":[{"name":"wp","href":"https:\/\/api.w.org\/{rel}","templated":true}]}}