{"id":212550,"date":"2020-04-22T11:02:32","date_gmt":"2020-04-22T11:02:32","guid":{"rendered":"https:\/\/www.delicias-uk.com\/product\/azeitona-qampo-britada-cv-500g\/"},"modified":"2026-04-16T12:42:14","modified_gmt":"2026-04-16T11:42:14","slug":"azeitona-qampo-britada-cv-500g","status":"publish","type":"product","link":"https:\/\/www.delicias-uk.com\/pt-pt\/produto\/azeitona-qampo-britada-cv-500g\/","title":{"rendered":"Azeitona Britada Qampo Cv 500g"},"content":{"rendered":"<p class=\"MsoNormal\">Azeitona Britada: Submetidas a um processo simples de produ\u00e7\u00e3o, em que s\u00e3o pisadas e ado\u00e7adas, as azeitonas britadas Agrodelta t\u00eam um sabor suave, temperado com especiarias.<\/p>\n<p>Embalada a vacuo na loja.<\/p>\n","protected":false},"excerpt":{"rendered":"<p>Azeitona Britada: Submetidas a um processo simples de produ\u00e7\u00e3o, em que s\u00e3o pisadas e ado\u00e7adas, as azeitonas britadas Agrodelta t\u00eam um sabor suave, temperado com especiarias. Embalada a vacuo na loja.<\/p>\n","protected":false},"author":43533,"featured_media":86076,"comment_status":"open","ping_status":"closed","template":"","meta":[],"pwb-brand":[],"product_brand":[],"product_cat":[8289,8291,8403,8521],"product_tag":[],"class_list":{"0":"post-212550","1":"product","2":"type-product","3":"status-publish","4":"has-post-thumbnail","6":"product_cat-inicio","7":"product_cat-produtos-portugueses","8":"product_cat-azeitona-azeite-vinagre","9":"product_cat-azeitonas-pt-pt","11":"first","12":"instock","13":"taxable","14":"shipping-taxable","15":"purchasable","16":"product-type-simple"},"aioseo_notices":[],"brands":[],"_links":{"self":[{"href":"https:\/\/www.delicias-uk.com\/pt-pt\/wp-json\/wp\/v2\/product\/212550","targetHints":{"allow":["GET"]}}],"collection":[{"href":"https:\/\/www.delicias-uk.com\/pt-pt\/wp-json\/wp\/v2\/product"}],"about":[{"href":"https:\/\/www.delicias-uk.com\/pt-pt\/wp-json\/wp\/v2\/types\/product"}],"author":[{"embeddable":true,"href":"https:\/\/www.delicias-uk.com\/pt-pt\/wp-json\/wp\/v2\/users\/43533"}],"replies":[{"embeddable":true,"href":"https:\/\/www.delicias-uk.com\/pt-pt\/wp-json\/wp\/v2\/comments?post=212550"}],"wp:featuredmedia":[{"embeddable":true,"href":"https:\/\/www.delicias-uk.com\/pt-pt\/wp-json\/wp\/v2\/media\/86076"}],"wp:attachment":[{"href":"https:\/\/www.delicias-uk.com\/pt-pt\/wp-json\/wp\/v2\/media?parent=212550"}],"wp:term":[{"taxonomy":"pwb-brand","embeddable":true,"href":"https:\/\/www.delicias-uk.com\/pt-pt\/wp-json\/wp\/v2\/pwb-brand?post=212550"},{"taxonomy":"product_brand","embeddable":true,"href":"https:\/\/www.delicias-uk.com\/pt-pt\/wp-json\/wp\/v2\/product_brand?post=212550"},{"taxonomy":"product_cat","embeddable":true,"href":"https:\/\/www.delicias-uk.com\/pt-pt\/wp-json\/wp\/v2\/product_cat?post=212550"},{"taxonomy":"product_tag","embeddable":true,"href":"https:\/\/www.delicias-uk.com\/pt-pt\/wp-json\/wp\/v2\/product_tag?post=212550"}],"curies":[{"name":"wp","href":"https:\/\/api.w.org\/{rel}","templated":true}]}}