{"id":212510,"date":"2020-04-15T10:26:10","date_gmt":"2020-04-15T10:26:10","guid":{"rendered":"https:\/\/www.delicias-uk.com\/product\/maria-mole-droetker-chocolate-po-50gr-2\/"},"modified":"2025-03-26T13:37:24","modified_gmt":"2025-03-26T13:37:24","slug":"maria-mole-droetker-chocolate-po-50gr-2","status":"publish","type":"product","link":"https:\/\/www.delicias-uk.com\/pt-pt\/produto\/maria-mole-droetker-chocolate-po-50gr-2\/","title":{"rendered":"Maria Mole Chocolate em P\u00f3 Dr. Oetker 50g"},"content":{"rendered":"<p><span xml:lang=\"en-us\" lang=\"en-us\" class=\"TextRun SCXW116784447 BCX8\" style=\"margin:0px;padding:0px;color:#292b29;font-size:11pt;line-height:19.7625px;font-family:Calibri, 'Calibri_EmbeddedFont', 'Calibri_MSFontService', sans-serif;\"><span class=\"NormalTextRun SCXW116784447 BCX8\" style=\"margin:0px;padding:0px;\">maria mole de <\/span><span class=\"NormalTextRun SCXW116784447 BCX8\" style=\"margin:0px;padding:0px;\">Chocolate<\/span><span class=\"NormalTextRun SCXW116784447 BCX8\" style=\"margin:0px;padding:0px;\">\u00a0\u00e9 uma sobremesa cl\u00e1ssica. De sabor doce e textura suave, \u00e9 uma \u00f3tima op\u00e7\u00e3o para diferentes p\u00fablicos.<\/span><\/span><span class=\"EOP SCXW116784447 BCX8\" style=\"margin:0px;padding:0px;font-size:11pt;line-height:19.7625px;font-family:Calibri, 'Calibri_EmbeddedFont', 'Calibri_MSFontService', sans-serif;color:#292b29;\"> <\/span><\/p>\n","protected":false},"excerpt":{"rendered":"<div class=\"OutlineElement Ltr SCXW66417222 BCX8\" style=\"margin:0px;padding:0px;clear:both;font-family:'Segoe UI', 'Segoe UI Web', Arial, Verdana, sans-serif;font-size:12px;background-color:#ffffff;\">\n<p class=\"Paragraph SCXW66417222 BCX8\" xml:lang=\"pt-br\" lang=\"pt-br\" style=\"margin:0px;padding:0px;vertical-align:baseline;background-color:transparent;\"><span xml:lang=\"en-us\" lang=\"en-us\" class=\"TextRun SCXW66417222 BCX8\" style=\"margin:0px;padding:0px;font-size:11pt;line-height:17px;font-family:Calibri, 'Calibri_EmbeddedFont', 'Calibri_MSFontService', sans-serif;\"><span class=\"NormalTextRun SCXW66417222 BCX8\" style=\"margin:0px;padding:0px;\">. <\/span><span class=\"NormalTextRun SpellingErrorV2Themed SCXW66417222 BCX8\" style=\"margin:0px;padding:0px;background-position:0px 100%;background-repeat:repeat-x;border-bottom:1px solid transparent;\">Consist\u00eancia<\/span><span class=\"NormalTextRun SCXW66417222 BCX8\" style=\"margin:0px;padding:0px;\"> e <\/span><span class=\"NormalTextRun SpellingErrorV2Themed SCXW66417222 BCX8\" style=\"margin:0px;padding:0px;background-position:0px 100%;background-repeat:repeat-x;border-bottom:1px solid transparent;\">sabor<\/span><span class=\"NormalTextRun SCXW66417222 BCX8\" style=\"margin:0px;padding:0px;\">\u00a0<\/span><span class=\"NormalTextRun SpellingErrorV2Themed SCXW66417222 BCX8\" style=\"margin:0px;padding:0px;background-position:0px 100%;background-repeat:repeat-x;border-bottom:1px solid transparent;\">Consist\u00eancia<\/span><span class=\"NormalTextRun SCXW66417222 BCX8\" style=\"margin:0px;padding:0px;\"> \u00a0<\/span><\/span><span class=\"EOP SCXW66417222 BCX8\" style=\"margin:0px;padding:0px;font-size:11pt;line-height:17px;font-family:Calibri, 'Calibri_EmbeddedFont', 'Calibri_MSFontService', sans-serif;\">\u00a0<\/span><\/p>\n<\/p><\/div>\n<div class=\"OutlineElement Ltr SCXW66417222 BCX8\" style=\"margin:0px;padding:0px;clear:both;font-family:'Segoe UI', 'Segoe UI Web', Arial, Verdana, sans-serif;font-size:12px;background-color:#ffffff;\">\n<p class=\"Paragraph SCXW66417222 BCX8\" xml:lang=\"pt-br\" lang=\"pt-br\" style=\"margin:0px;padding:0px;vertical-align:baseline;background-color:transparent;\"><span xml:lang=\"en-us\" lang=\"en-us\" class=\"TextRun SCXW66417222 BCX8\" style=\"margin:0px;padding:0px;font-size:11pt;line-height:17px;font-family:Calibri, 'Calibri_EmbeddedFont', 'Calibri_MSFontService', sans-serif;\"><span class=\"NormalTextRun SpellingErrorV2Themed SCXW66417222 BCX8\" style=\"margin:0px;padding:0px;background-position:0px 100%;background-repeat:repeat-x;border-bottom:1px solid transparent;\">. <\/span><span class=\"NormalTextRun SpellingErrorV2Themed SCXW66417222 BCX8\" style=\"margin:0px;padding:0px;background-position:0px 100%;background-repeat:repeat-x;border-bottom:1px solid transparent;\">Sobreme<\/span><span class=\"NormalTextRun SpellingErrorV2Themed SCXW66417222 BCX8\" style=\"margin:0px;padding:0px;background-position:0px 100%;background-repeat:repeat-x;border-bottom:1px solid transparent;\">sa<\/span><span class=\"NormalTextRun SCXW66417222 BCX8\" style=\"margin:0px;padding:0px;\"> <\/span><span class=\"NormalTextRun SpellingErrorV2Themed SCXW66417222 BCX8\" style=\"margin:0px;padding:0px;background-position:0px 100%;background-repeat:repeat-x;border-bottom:1px solid transparent;\">em<\/span><span class=\"NormalTextRun SCXW66417222 BCX8\" style=\"margin:0px;padding:0px;\"> <\/span><span class=\"NormalTextRun SpellingErrorV2Themed SCXW66417222 BCX8\" style=\"margin:0px;padding:0px;background-position:0px 100%;background-repeat:repeat-x;border-bottom:1px solid transparent;\">p\u00f3<\/span><\/span><span class=\"EOP SCXW66417222 BCX8\" style=\"margin:0px;padding:0px;font-size:11pt;line-height:17px;font-family:Calibri, 'Calibri_EmbeddedFont', 'Calibri_MSFontService', sans-serif;\">\u00a0<\/span><\/p>\n<\/p><\/div>\n<div class=\"OutlineElement Ltr SCXW66417222 BCX8\" style=\"margin:0px;padding:0px;clear:both;font-family:'Segoe UI', 'Segoe UI Web', Arial, Verdana, sans-serif;font-size:12px;background-color:#ffffff;\">\n<p class=\"Paragraph SCXW66417222 BCX8\" xml:lang=\"pt-br\" lang=\"pt-br\" style=\"margin:0px 0px 10.6667px;padding:0px;vertical-align:baseline;background-color:transparent;\"><span xml:lang=\"en-us\" lang=\"en-us\" class=\"TextRun SCXW66417222 BCX8\" style=\"margin:0px;padding:0px;font-size:11pt;line-height:19.7625px;font-family:Calibri, 'Calibri_EmbeddedFont', 'Calibri_MSFontService', sans-serif;\"><span class=\"NormalTextRun SCXW66417222 BCX8\" style=\"margin:0px;padding:0px;\">. <\/span><span class=\"NormalTextRun SCXW66417222 BCX8\" style=\"margin:0px;padding:0px;\">Simples <\/span><span class=\"NormalTextRun SpellingErrorV2Themed SCXW66417222 BCX8\" style=\"margin:0px;padding:0px;background-position:0px 100%;background-repeat:repeat-x;border-bottom:1px solid transparent;\">preparo<\/span><\/span><span class=\"EOP SCXW66417222 BCX8\" style=\"margin:0px;padding:0px;font-size:11pt;line-height:19.7625px;font-family:Calibri, 'Calibri_EmbeddedFont', 'Calibri_MSFontService', sans-serif;\"> <\/span><\/p>\n<\/p><\/div>\n","protected":false},"author":43533,"featured_media":85982,"comment_status":"open","ping_status":"closed","template":"","meta":[],"pwb-brand":[],"product_brand":[],"product_cat":[8289,8293,8597],"product_tag":[],"class_list":{"0":"post-212510","1":"product","2":"type-product","3":"status-publish","4":"has-post-thumbnail","6":"product_cat-inicio","7":"product_cat-produtos-brasileiros","8":"product_cat-doces-tradicionais-amendoim","10":"first","11":"instock","12":"taxable","13":"shipping-taxable","14":"purchasable","15":"product-type-simple"},"aioseo_notices":[],"brands":[],"_links":{"self":[{"href":"https:\/\/www.delicias-uk.com\/pt-pt\/wp-json\/wp\/v2\/product\/212510","targetHints":{"allow":["GET"]}}],"collection":[{"href":"https:\/\/www.delicias-uk.com\/pt-pt\/wp-json\/wp\/v2\/product"}],"about":[{"href":"https:\/\/www.delicias-uk.com\/pt-pt\/wp-json\/wp\/v2\/types\/product"}],"author":[{"embeddable":true,"href":"https:\/\/www.delicias-uk.com\/pt-pt\/wp-json\/wp\/v2\/users\/43533"}],"replies":[{"embeddable":true,"href":"https:\/\/www.delicias-uk.com\/pt-pt\/wp-json\/wp\/v2\/comments?post=212510"}],"wp:featuredmedia":[{"embeddable":true,"href":"https:\/\/www.delicias-uk.com\/pt-pt\/wp-json\/wp\/v2\/media\/85982"}],"wp:attachment":[{"href":"https:\/\/www.delicias-uk.com\/pt-pt\/wp-json\/wp\/v2\/media?parent=212510"}],"wp:term":[{"taxonomy":"pwb-brand","embeddable":true,"href":"https:\/\/www.delicias-uk.com\/pt-pt\/wp-json\/wp\/v2\/pwb-brand?post=212510"},{"taxonomy":"product_brand","embeddable":true,"href":"https:\/\/www.delicias-uk.com\/pt-pt\/wp-json\/wp\/v2\/product_brand?post=212510"},{"taxonomy":"product_cat","embeddable":true,"href":"https:\/\/www.delicias-uk.com\/pt-pt\/wp-json\/wp\/v2\/product_cat?post=212510"},{"taxonomy":"product_tag","embeddable":true,"href":"https:\/\/www.delicias-uk.com\/pt-pt\/wp-json\/wp\/v2\/product_tag?post=212510"}],"curies":[{"name":"wp","href":"https:\/\/api.w.org\/{rel}","templated":true}]}}