{"id":212502,"date":"2020-04-15T09:34:20","date_gmt":"2020-04-15T08:34:20","guid":{"rendered":"https:\/\/www.delicias-uk.com\/product\/bala-de-banana-organica-dacolonia-100g\/"},"modified":"2026-02-05T13:11:11","modified_gmt":"2026-02-05T13:11:11","slug":"bala-de-banana-organica-dacolonia-100g","status":"publish","type":"product","link":"https:\/\/www.delicias-uk.com\/pt-pt\/produto\/bala-de-banana-organica-dacolonia-100g\/","title":{"rendered":"Bala de Banana Org\u00e2nica Zero Adicao de Acucar Dacol\u00f4nia 100g"},"content":{"rendered":"<p>Bala de banana org\u00e2nica.<\/p>\n","protected":false},"excerpt":{"rendered":"<p>\u2022Bala de banana\u00a0<\/p>\n<p>\u2022Embalagem de 100g<\/p>\n<p>\u2022Sem Gluten<\/p>\n<p>\u2022Produto Org\u00e2nico<\/p>\n","protected":false},"author":43533,"featured_media":194514,"comment_status":"open","ping_status":"closed","template":"","meta":[],"pwb-brand":[],"product_brand":[],"product_cat":[8289,8293,8385,8503],"product_tag":[],"class_list":{"0":"post-212502","1":"product","2":"type-product","3":"status-publish","4":"has-post-thumbnail","6":"product_cat-inicio","7":"product_cat-produtos-brasileiros","8":"product_cat-confeitaria-pt-pt","9":"product_cat-doces","11":"first","12":"outofstock","13":"taxable","14":"shipping-taxable","15":"purchasable","16":"product-type-simple"},"aioseo_notices":[],"brands":[],"_links":{"self":[{"href":"https:\/\/www.delicias-uk.com\/pt-pt\/wp-json\/wp\/v2\/product\/212502","targetHints":{"allow":["GET"]}}],"collection":[{"href":"https:\/\/www.delicias-uk.com\/pt-pt\/wp-json\/wp\/v2\/product"}],"about":[{"href":"https:\/\/www.delicias-uk.com\/pt-pt\/wp-json\/wp\/v2\/types\/product"}],"author":[{"embeddable":true,"href":"https:\/\/www.delicias-uk.com\/pt-pt\/wp-json\/wp\/v2\/users\/43533"}],"replies":[{"embeddable":true,"href":"https:\/\/www.delicias-uk.com\/pt-pt\/wp-json\/wp\/v2\/comments?post=212502"}],"wp:featuredmedia":[{"embeddable":true,"href":"https:\/\/www.delicias-uk.com\/pt-pt\/wp-json\/wp\/v2\/media\/194514"}],"wp:attachment":[{"href":"https:\/\/www.delicias-uk.com\/pt-pt\/wp-json\/wp\/v2\/media?parent=212502"}],"wp:term":[{"taxonomy":"pwb-brand","embeddable":true,"href":"https:\/\/www.delicias-uk.com\/pt-pt\/wp-json\/wp\/v2\/pwb-brand?post=212502"},{"taxonomy":"product_brand","embeddable":true,"href":"https:\/\/www.delicias-uk.com\/pt-pt\/wp-json\/wp\/v2\/product_brand?post=212502"},{"taxonomy":"product_cat","embeddable":true,"href":"https:\/\/www.delicias-uk.com\/pt-pt\/wp-json\/wp\/v2\/product_cat?post=212502"},{"taxonomy":"product_tag","embeddable":true,"href":"https:\/\/www.delicias-uk.com\/pt-pt\/wp-json\/wp\/v2\/product_tag?post=212502"}],"curies":[{"name":"wp","href":"https:\/\/api.w.org\/{rel}","templated":true}]}}