{"id":212500,"date":"2020-04-09T11:20:04","date_gmt":"2020-04-09T10:20:04","guid":{"rendered":"https:\/\/www.delicias-uk.com\/product\/morcela-de-porco-preto-do-campo-sel-250g\/"},"modified":"2025-09-01T10:59:40","modified_gmt":"2025-09-01T09:59:40","slug":"morcela-de-porco-preto-do-campo-sel-250g","status":"publish","type":"product","link":"https:\/\/www.delicias-uk.com\/pt-pt\/produto\/morcela-de-porco-preto-do-campo-sel-250g\/","title":{"rendered":"Morcela de Porco Preto do Campo SEL 250g"},"content":{"rendered":"<p>De aroma forte e peculiar, a Morcela \u00e9 uma pe\u00e7a muito tenra e suculenta, com um aspeto de inclus\u00f5es de gordura branca bem rodeadas por massas de carne quase pretas. Caracteriza-se pelo seu sabor intenso e duradouro.<\/p>\n<p><strong>Ingredientes<\/strong>: Carne de porco (Origem: UE) (90%), sangue, pasta de pimenta, sal, vinho, alho, \u00e1gua, (conservantes: nitrito de s\u00f3dio e nitrato de pot\u00e1ssio), especiarias, (antioxidantes: \u00e1cido asc\u00f3rbico, ascorbato de s\u00f3dio, citrato de s\u00f3dio ).<\/p>\n<p><strong>Alerg\u00e9nios<\/strong>: cont\u00e9m <strong>SULFITOS<\/strong>.<\/p>\n<p><strong>Informa\u00e7\u00e3o nutricional por 100g:<\/strong><\/p>\n<ul style=\"list-style-type:disc;\">\n<li>Energia 2.258 kJ \/ 546 Kcal<\/li>\n<li>Gorduras 51g<\/li>\n<li>dos quais satura 20 g<\/li>\n<li>Hidratos de carbono 4,8 g<\/li>\n<li>dos quais a\u00e7\u00facares 0 g<\/li>\n<li>Fibra 0g<\/li>\n<li>Prote\u00edna 17g<\/li>\n<li>Sal 3,2g<\/li>\n<\/ul>\n<p><strong>Pa\u00eds de origem<\/strong>: UE<\/p>\n","protected":false},"excerpt":{"rendered":"<ul style=\"list-style-type:disc;\">\n<li>Peso l\u00edquido 250g<\/li>\n<li>Sem gl\u00faten, lactose e a\u00e7\u00facar<\/li>\n<li>Feito de porco preto<\/li>\n<\/ul>\n","protected":false},"author":43533,"featured_media":85959,"comment_status":"open","ping_status":"closed","template":"","meta":[],"pwb-brand":[],"product_brand":[],"product_cat":[8289,8291,8337,8659,8499],"product_tag":[],"class_list":{"0":"post-212500","1":"product","2":"type-product","3":"status-publish","4":"has-post-thumbnail","6":"product_cat-inicio","7":"product_cat-produtos-portugueses","8":"product_cat-charcutaria","9":"product_cat-alheira-farinheira-morcela","10":"product_cat-sem-glutem","12":"first","13":"instock","14":"taxable","15":"shipping-taxable","16":"purchasable","17":"product-type-simple"},"aioseo_notices":[],"brands":[],"_links":{"self":[{"href":"https:\/\/www.delicias-uk.com\/pt-pt\/wp-json\/wp\/v2\/product\/212500","targetHints":{"allow":["GET"]}}],"collection":[{"href":"https:\/\/www.delicias-uk.com\/pt-pt\/wp-json\/wp\/v2\/product"}],"about":[{"href":"https:\/\/www.delicias-uk.com\/pt-pt\/wp-json\/wp\/v2\/types\/product"}],"author":[{"embeddable":true,"href":"https:\/\/www.delicias-uk.com\/pt-pt\/wp-json\/wp\/v2\/users\/43533"}],"replies":[{"embeddable":true,"href":"https:\/\/www.delicias-uk.com\/pt-pt\/wp-json\/wp\/v2\/comments?post=212500"}],"wp:featuredmedia":[{"embeddable":true,"href":"https:\/\/www.delicias-uk.com\/pt-pt\/wp-json\/wp\/v2\/media\/85959"}],"wp:attachment":[{"href":"https:\/\/www.delicias-uk.com\/pt-pt\/wp-json\/wp\/v2\/media?parent=212500"}],"wp:term":[{"taxonomy":"pwb-brand","embeddable":true,"href":"https:\/\/www.delicias-uk.com\/pt-pt\/wp-json\/wp\/v2\/pwb-brand?post=212500"},{"taxonomy":"product_brand","embeddable":true,"href":"https:\/\/www.delicias-uk.com\/pt-pt\/wp-json\/wp\/v2\/product_brand?post=212500"},{"taxonomy":"product_cat","embeddable":true,"href":"https:\/\/www.delicias-uk.com\/pt-pt\/wp-json\/wp\/v2\/product_cat?post=212500"},{"taxonomy":"product_tag","embeddable":true,"href":"https:\/\/www.delicias-uk.com\/pt-pt\/wp-json\/wp\/v2\/product_tag?post=212500"}],"curies":[{"name":"wp","href":"https:\/\/api.w.org\/{rel}","templated":true}]}}