{"id":212498,"date":"2020-04-09T11:07:34","date_gmt":"2020-04-09T10:07:34","guid":{"rendered":"https:\/\/www.delicias-uk.com\/product\/farinheira-de-porco-preto-sel-saqueta-150g\/"},"modified":"2026-05-07T10:44:47","modified_gmt":"2026-05-07T09:44:47","slug":"farinheira-de-porco-preto-sel-saqueta-150g","status":"publish","type":"product","link":"https:\/\/www.delicias-uk.com\/pt-pt\/produto\/farinheira-de-porco-preto-sel-saqueta-150g\/","title":{"rendered":"Farinheira de Porco Preto SEL Saqueta 150g"},"content":{"rendered":"<p>\u00c9 produzido a partir de carne de porco preto que, depois de temperada, estagia em ambiente frio e com humidade controlada (recriando as condi\u00e7\u00f5es climat\u00e9ricas de Janeiro), seguida de fumagem a baixas temperaturas. Tem um sabor suculento e intenso, ligeiramente fumado e pouco salgado.<\/p>\n<p><strong>Ingredientes<\/strong>: Gordura de Porco (Origem: UE) (47%), Farinha de Trigo (Gl\u00faten), \u00c1gua, Pasta de Pimento Vermelho, Sal, Alho e Antioxidantes: (\u00c1cido Asc\u00f3rbico, Ascorbato de S\u00f3dio, Citrato de S\u00f3dio). Recheado em tripa natural. Fumado com madeira de azinheira.\u00a0<\/p>\n<p><strong>Alerg\u00e9nios<\/strong>: cont\u00e9m <strong>GL\u00daTEN\u00a0<\/strong>e\u00a0<strong>SOJA.<\/strong><\/p>\n<p><strong>Informa\u00e7\u00e3o nutricional por 100g:<\/strong><\/p>\n<ul style=\"list-style-type:disc\">\n<li>Energia 2361 kJ \/ 571 Kcal<\/li>\n<li>Gorduras 51g das quais saturadas 20g<\/li>\n<li>Hidratos de carbono 23g dos quais a\u00e7\u00facares 1,3g<\/li>\n<li>Fibra 0g<\/li>\n<li>Prote\u00edna 4,9g<\/li>\n<li>Sal 1,6g<\/li>\n<\/ul>\n<p><strong>Pa\u00eds de origem<\/strong>: UE.<\/p>\n","protected":false},"excerpt":{"rendered":"<ul style=\"list-style-type:disc\">\n<li>Peso l\u00edquido 150g<\/li>\n<li>Sem lactose e a\u00e7\u00facar<\/li>\n<li>Fonte de prote\u00edna<\/li>\n<\/ul>\n","protected":false},"author":43533,"featured_media":85953,"comment_status":"open","ping_status":"closed","template":"","meta":[],"pwb-brand":[],"product_brand":[],"product_cat":[8289,8291,8337,8659],"product_tag":[],"class_list":{"0":"post-212498","1":"product","2":"type-product","3":"status-publish","4":"has-post-thumbnail","6":"product_cat-inicio","7":"product_cat-produtos-portugueses","8":"product_cat-charcutaria","9":"product_cat-alheira-farinheira-morcela","11":"first","12":"outofstock","13":"taxable","14":"shipping-taxable","15":"purchasable","16":"product-type-simple"},"aioseo_notices":[],"brands":[],"_links":{"self":[{"href":"https:\/\/www.delicias-uk.com\/pt-pt\/wp-json\/wp\/v2\/product\/212498","targetHints":{"allow":["GET"]}}],"collection":[{"href":"https:\/\/www.delicias-uk.com\/pt-pt\/wp-json\/wp\/v2\/product"}],"about":[{"href":"https:\/\/www.delicias-uk.com\/pt-pt\/wp-json\/wp\/v2\/types\/product"}],"author":[{"embeddable":true,"href":"https:\/\/www.delicias-uk.com\/pt-pt\/wp-json\/wp\/v2\/users\/43533"}],"replies":[{"embeddable":true,"href":"https:\/\/www.delicias-uk.com\/pt-pt\/wp-json\/wp\/v2\/comments?post=212498"}],"wp:featuredmedia":[{"embeddable":true,"href":"https:\/\/www.delicias-uk.com\/pt-pt\/wp-json\/wp\/v2\/media\/85953"}],"wp:attachment":[{"href":"https:\/\/www.delicias-uk.com\/pt-pt\/wp-json\/wp\/v2\/media?parent=212498"}],"wp:term":[{"taxonomy":"pwb-brand","embeddable":true,"href":"https:\/\/www.delicias-uk.com\/pt-pt\/wp-json\/wp\/v2\/pwb-brand?post=212498"},{"taxonomy":"product_brand","embeddable":true,"href":"https:\/\/www.delicias-uk.com\/pt-pt\/wp-json\/wp\/v2\/product_brand?post=212498"},{"taxonomy":"product_cat","embeddable":true,"href":"https:\/\/www.delicias-uk.com\/pt-pt\/wp-json\/wp\/v2\/product_cat?post=212498"},{"taxonomy":"product_tag","embeddable":true,"href":"https:\/\/www.delicias-uk.com\/pt-pt\/wp-json\/wp\/v2\/product_tag?post=212498"}],"curies":[{"name":"wp","href":"https:\/\/api.w.org\/{rel}","templated":true}]}}