{"id":212492,"date":"2020-04-09T11:21:16","date_gmt":"2020-04-09T10:21:16","guid":{"rendered":"https:\/\/www.delicias-uk.com\/product\/chourica-de-porco-bisaro-montesinho-saqueta-160g\/"},"modified":"2026-04-10T15:55:45","modified_gmt":"2026-04-10T14:55:45","slug":"chourica-de-porco-bisaro-montesinho-saqueta-160g","status":"publish","type":"product","link":"https:\/\/www.delicias-uk.com\/pt-pt\/produto\/chourica-de-porco-bisaro-montesinho-saqueta-160g\/","title":{"rendered":"Chouri\u00e7a de Porco B\u00edsaro Saqueta 160g"},"content":{"rendered":"<p>A chouri\u00e7a \u00e9 um enchido feito com carne fresca, proveniente da perna e barriga do Porco B\u00edsaro Criado no Campo, picada e temperada com piment\u00e3o doce, louro, alho e sal. Pode ser consumido cozido ou cru, quando seco, ou ainda assado na brasa em \u00e1lcool ou aguardente.<\/p>\n<p><strong>Ingredientes<\/strong>: Carne de porco B\u00edsaro (94%), sal, dextrose, dextrina, especiarias, conservante (E-250)<\/p>\n<p><strong>Alerg\u00e9nios<\/strong>: nenhum<\/p>\n<p><strong>Informa\u00e7\u00e3o nutricional por 100g:<\/strong><\/p>\n<ul style=\"list-style-type:disc;\">\n<li>Energia 1697 Kj \/ 409 Kcal<\/li>\n<li>Gorduras 33,28g<\/li>\n<li>Saturado 13,87g<\/li>\n<li>Hidratos de carbono &lt;1,0g<\/li>\n<li>A\u00e7\u00facares &lt;0,5g<\/li>\n<li>Prote\u00ednas 26,52g<\/li>\n<li>Sal 2,91g<\/li>\n<\/ul>\n<p><strong>Pa\u00eds de origem<\/strong>: Portugal<\/p>\n","protected":false},"excerpt":{"rendered":"<ul style=\"list-style-type:disc;\">\n<li>Peso l\u00edquido 160g<\/li>\n<li>Fonte de prote\u00edna<\/li>\n<li>Pode ser consumida crua ou cozida<\/li>\n<\/ul>\n","protected":false},"author":43533,"featured_media":85942,"comment_status":"open","ping_status":"closed","template":"","meta":[],"pwb-brand":[],"product_brand":[],"product_cat":[8289,8291,8337,8663],"product_tag":[],"class_list":{"0":"post-212492","1":"product","2":"type-product","3":"status-publish","4":"has-post-thumbnail","6":"product_cat-inicio","7":"product_cat-produtos-portugueses","8":"product_cat-charcutaria","9":"product_cat-chourico-e-salsicha","11":"first","12":"instock","13":"taxable","14":"shipping-taxable","15":"purchasable","16":"product-type-simple"},"aioseo_notices":[],"brands":[],"_links":{"self":[{"href":"https:\/\/www.delicias-uk.com\/pt-pt\/wp-json\/wp\/v2\/product\/212492","targetHints":{"allow":["GET"]}}],"collection":[{"href":"https:\/\/www.delicias-uk.com\/pt-pt\/wp-json\/wp\/v2\/product"}],"about":[{"href":"https:\/\/www.delicias-uk.com\/pt-pt\/wp-json\/wp\/v2\/types\/product"}],"author":[{"embeddable":true,"href":"https:\/\/www.delicias-uk.com\/pt-pt\/wp-json\/wp\/v2\/users\/43533"}],"replies":[{"embeddable":true,"href":"https:\/\/www.delicias-uk.com\/pt-pt\/wp-json\/wp\/v2\/comments?post=212492"}],"wp:featuredmedia":[{"embeddable":true,"href":"https:\/\/www.delicias-uk.com\/pt-pt\/wp-json\/wp\/v2\/media\/85942"}],"wp:attachment":[{"href":"https:\/\/www.delicias-uk.com\/pt-pt\/wp-json\/wp\/v2\/media?parent=212492"}],"wp:term":[{"taxonomy":"pwb-brand","embeddable":true,"href":"https:\/\/www.delicias-uk.com\/pt-pt\/wp-json\/wp\/v2\/pwb-brand?post=212492"},{"taxonomy":"product_brand","embeddable":true,"href":"https:\/\/www.delicias-uk.com\/pt-pt\/wp-json\/wp\/v2\/product_brand?post=212492"},{"taxonomy":"product_cat","embeddable":true,"href":"https:\/\/www.delicias-uk.com\/pt-pt\/wp-json\/wp\/v2\/product_cat?post=212492"},{"taxonomy":"product_tag","embeddable":true,"href":"https:\/\/www.delicias-uk.com\/pt-pt\/wp-json\/wp\/v2\/product_tag?post=212492"}],"curies":[{"name":"wp","href":"https:\/\/api.w.org\/{rel}","templated":true}]}}