{"id":212466,"date":"2020-04-07T10:05:19","date_gmt":"2020-04-07T09:05:19","guid":{"rendered":"https:\/\/www.delicias-uk.com\/product\/white-douro-pacheca-superior-2017-75cl-2\/"},"modified":"2025-03-04T14:32:35","modified_gmt":"2025-03-04T14:32:35","slug":"pacheca-superior-2022-75cl","status":"publish","type":"product","link":"https:\/\/www.delicias-uk.com\/pt-pt\/produto\/pacheca-superior-2022-75cl\/","title":{"rendered":"Pacheca Superior 2022 75cl"},"content":{"rendered":"<p style=\"margin-top: 0pt; margin-bottom: 0pt; margin-left: 0in; text-align: left; vertical-align: baseline;\"><span style=\"font-size: 12pt; font-family: Calibri; color: #000000;\">Foi feito em cubas de inox com temperatura controlada de fermenta\u00e7\u00e3o, com as uvas Malvasia Fina, Cerceal, Gouveio e Moscatel. <\/span><span style=\"font-size: 12pt; font-family: Calibri; color: #000000;\">A responsabilidade t\u00e9cnica \u00e9 da en\u00f3loga Maria Serpa Pimentel, que h\u00e1 j\u00e1 algum tempo opera um processo de renova\u00e7\u00e3o do perfil dos vinhos da casa, sem descurar <\/span><span style=\"font-size: 12pt; font-family: Calibri; color: #000000;\">a<\/span><span style=\"font-size: 12pt; font-family: Calibri; color: #000000;\"> imagem deste cl\u00e1ssico produtor douriense. <\/span><span style=\"font-size: 12pt; font-family: Calibri; color: #000000;\">Produzido a partir de Cerceal, Malvasia Fina, Gouveio e Moscatel, o Pacheca Branco \u00e9 um vinho seco com aromas florais e um sabor frutado e refrescante. Armazenamento Deitado a uma temperatura de 15 \u00b0 C. Servindo a uma temperatura de 8-9 \u00b0 C. <\/span><span style=\"font-size: 12pt; font-family: Calibri; color: #000000;\">Excelente como aperitivo, bem como acompanhar pratos de peixe e marisco<\/span><span style=\"font-size: 12pt; font-family: Calibri; color: #000000;\">.<\/span><\/p>\n<p style=\"margin-top: 0pt; margin-bottom: 0pt; margin-left: 0in; text-align: left; vertical-align: baseline;\"><span style=\"font-size: 12pt; font-family: Calibri; color: #000000;\">Produtor:\u00a0Quinta da Pacheca<\/span><\/p>\n<p style=\"margin-top: 0pt; margin-bottom: 0pt; margin-left: 0in; text-align: left; vertical-align: baseline;\"><span style=\"font-size: 12pt; font-family: Calibri; color: #000000;\">Regiao:\u00a0Douro<\/span><\/p>\n<p style=\"margin-top: 0pt; margin-bottom: 0pt; margin-left: 0in; text-align: left; vertical-align: baseline;\"><span style=\"font-size: 12pt; font-family: Calibri; color: #000000;\">Pa\u00eds: Portugal<\/span><\/p>\n<p style=\"margin-top: 0pt; margin-bottom: 0pt; margin-left: 0in; text-align: left; vertical-align: baseline;\"><span style=\"font-size: 12pt; font-family: Calibri; color: #000000;\">Tipo de\u00a0Vinho: Branco<\/span><\/p>\n<p style=\"margin-top: 0pt; margin-bottom: 0pt; margin-left: 0in; text-align: left; vertical-align: baseline;\"><span style=\"font-size: 12pt; font-family: Calibri; color: #000000;\">Castas:\u00a0<\/span><span style=\"font-size: 12pt; font-family: Calibri; color: #000000;\"> Cerceal, Malvasia Fina, Gouveio and Moscatel <\/span><\/p>\n<p style=\"margin-top: 0pt; margin-bottom: 0pt; margin-left: 0in; text-align: left; vertical-align: baseline;\"><span style=\"font-size: 12pt; font-family: Calibri; color: #000000;\">Garrafa:\u00a0750ml<\/span><\/p>\n<p style=\"margin-top: 0pt; margin-bottom: 0pt; margin-left: 0in; text-align: left; vertical-align: baseline;\"><span style=\"font-size: 12pt; font-family: Calibri; color: #000000;\">Teor\u00a0Alcoolico: 12.5%<\/span><\/p>\n","protected":false},"excerpt":{"rendered":"<p style=\"margin-top: 0pt; margin-bottom: 0pt; margin-left: 0in; text-align: left; vertical-align: baseline;\"><span style=\"font-size: 12pt; font-family: Calibri; color: #000000;\">Produtor:\u00a0Quinta da Pacheca<\/span><\/p>\n<p style=\"margin-top: 0pt; margin-bottom: 0pt; margin-left: 0in; text-align: left; vertical-align: baseline;\"><span style=\"font-size: 12pt; font-family: Calibri; color: #000000;\">Regiao:\u00a0Douro<\/span><\/p>\n<p style=\"margin-top: 0pt; margin-bottom: 0pt; margin-left: 0in; text-align: left; vertical-align: baseline;\"><span style=\"font-size: 12pt; font-family: Calibri; color: #000000;\">Pa\u00eds: Portugal<\/span><\/p>\n<p style=\"margin-top: 0pt; margin-bottom: 0pt; margin-left: 0in; text-align: left; vertical-align: baseline;\"><span style=\"font-size: 12pt; font-family: Calibri; color: #000000;\">Tipo de\u00a0Vinho: Branco<\/span><\/p>\n<p style=\"margin-top: 0pt; margin-bottom: 0pt; margin-left: 0in; text-align: left; vertical-align: baseline;\"><span style=\"font-size: 12pt; font-family: Calibri; color: #000000;\">Castas:\u00a0<\/span><span style=\"font-size: 12pt; font-family: Calibri; color: #000000;\">\u00a0Cerceal, Malvasia Fina, Gouveio and Moscatel<\/span><\/p>\n<p style=\"margin-top: 0pt; margin-bottom: 0pt; margin-left: 0in; text-align: left; vertical-align: baseline;\"><span style=\"font-size: 12pt; font-family: Calibri; color: #000000;\">Garrafa:\u00a0750ml<\/span><\/p>\n<p style=\"margin-top: 0pt; margin-bottom: 0pt; margin-left: 0in; text-align: left; vertical-align: baseline;\"><span style=\"font-size: 12pt; font-family: Calibri; color: #000000;\">Teor Alcoolico: 12.5%<\/span><\/p>\n","protected":false},"author":43533,"featured_media":251008,"comment_status":"open","ping_status":"closed","template":"","meta":[],"pwb-brand":[],"product_brand":[],"product_cat":[9352,8289,8291,8431,8489,8825],"product_tag":[],"class_list":{"0":"post-212466","1":"product","2":"type-product","3":"status-publish","4":"has-post-thumbnail","6":"product_cat-vinho-branco-pt-pt-2","7":"product_cat-inicio","8":"product_cat-produtos-portugueses","9":"product_cat-vinhos-pt-pt","10":"product_cat-vinho-branco","11":"product_cat-douro-pt-pt-vinho-branco","13":"first","14":"instock","15":"taxable","16":"shipping-taxable","17":"purchasable","18":"product-type-simple"},"aioseo_notices":[],"brands":[],"_links":{"self":[{"href":"https:\/\/www.delicias-uk.com\/pt-pt\/wp-json\/wp\/v2\/product\/212466","targetHints":{"allow":["GET"]}}],"collection":[{"href":"https:\/\/www.delicias-uk.com\/pt-pt\/wp-json\/wp\/v2\/product"}],"about":[{"href":"https:\/\/www.delicias-uk.com\/pt-pt\/wp-json\/wp\/v2\/types\/product"}],"author":[{"embeddable":true,"href":"https:\/\/www.delicias-uk.com\/pt-pt\/wp-json\/wp\/v2\/users\/43533"}],"replies":[{"embeddable":true,"href":"https:\/\/www.delicias-uk.com\/pt-pt\/wp-json\/wp\/v2\/comments?post=212466"}],"wp:featuredmedia":[{"embeddable":true,"href":"https:\/\/www.delicias-uk.com\/pt-pt\/wp-json\/wp\/v2\/media\/251008"}],"wp:attachment":[{"href":"https:\/\/www.delicias-uk.com\/pt-pt\/wp-json\/wp\/v2\/media?parent=212466"}],"wp:term":[{"taxonomy":"pwb-brand","embeddable":true,"href":"https:\/\/www.delicias-uk.com\/pt-pt\/wp-json\/wp\/v2\/pwb-brand?post=212466"},{"taxonomy":"product_brand","embeddable":true,"href":"https:\/\/www.delicias-uk.com\/pt-pt\/wp-json\/wp\/v2\/product_brand?post=212466"},{"taxonomy":"product_cat","embeddable":true,"href":"https:\/\/www.delicias-uk.com\/pt-pt\/wp-json\/wp\/v2\/product_cat?post=212466"},{"taxonomy":"product_tag","embeddable":true,"href":"https:\/\/www.delicias-uk.com\/pt-pt\/wp-json\/wp\/v2\/product_tag?post=212466"}],"curies":[{"name":"wp","href":"https:\/\/api.w.org\/{rel}","templated":true}]}}