{"id":212464,"date":"2020-04-07T10:02:14","date_gmt":"2020-04-07T10:02:14","guid":{"rendered":"https:\/\/www.delicias-uk.com\/product\/pacheca-colheita-2022-75cl-2\/"},"modified":"2025-02-25T03:53:04","modified_gmt":"2025-02-25T03:53:04","slug":"pacheca-colheita-2022-75cl-2","status":"publish","type":"product","link":"https:\/\/www.delicias-uk.com\/pt-pt\/produto\/pacheca-colheita-2022-75cl-2\/","title":{"rendered":"Pacheca Colheita 2022 75cl"},"content":{"rendered":"<p>Foi feito em cubas de inox com temperatura controlada de fermenta\u00e7\u00e3o, com as uvas Malvasia Fina, Cerceal, Gouveio e Moscatel. A responsabilidade t\u00e9cnica \u00e9 da en\u00f3loga Maria Serpa Pimentel, que h\u00e1 j\u00e1 algum tempo opera um processo de renova\u00e7\u00e3o do perfil dos vinhos da casa, sem descurar a imagem deste cl\u00e1ssico produtor douriense. Produzido a partir de Cerceal, Malvasia Fina, Gouveio e Moscatel, o Pacheca Branco \u00e9 um vinho seco com aromas florais e um sabor frutado e refrescante. Armazenamento Deitado a uma temperatura de 15 \u00b0 C. Servindo a uma temperatura de 8-9 \u00b0 C. Excelente como aperitivo, bem como acompanhar pratos de peixe e marisco.<\/p>\n","protected":false},"excerpt":{"rendered":"<ul style=\"list-style-type:disc;\">\n<li><strong>Produtor<\/strong>: Quinta da Pacheca<\/li>\n<li><strong>Regi\u00e3o<\/strong>: Douro<\/li>\n<li><strong>Pa\u00eds<\/strong>: Portugal<\/li>\n<li><strong>Tipo de Vinho<\/strong>: Branco<\/li>\n<li><strong>Castas<\/strong>: Cerceal, Malvasia Fina, Gouveio and Moscatel<\/li>\n<li><strong>Garrafa<\/strong>: 750ml<\/li>\n<li><strong>Teor Alcoolico<\/strong>: 12.5%<\/li>\n<\/ul>\n","protected":false},"author":43533,"featured_media":60876,"comment_status":"open","ping_status":"closed","template":"","meta":[],"pwb-brand":[],"product_brand":[],"product_cat":[8289,8291,8431,8489,8825],"product_tag":[],"class_list":{"0":"post-212464","1":"product","2":"type-product","3":"status-publish","4":"has-post-thumbnail","6":"product_cat-inicio","7":"product_cat-produtos-portugueses","8":"product_cat-vinhos-pt-pt","9":"product_cat-vinho-branco","10":"product_cat-douro-pt-pt-vinho-branco","12":"first","13":"instock","14":"taxable","15":"shipping-taxable","16":"purchasable","17":"product-type-simple"},"aioseo_notices":[],"brands":[],"_links":{"self":[{"href":"https:\/\/www.delicias-uk.com\/pt-pt\/wp-json\/wp\/v2\/product\/212464","targetHints":{"allow":["GET"]}}],"collection":[{"href":"https:\/\/www.delicias-uk.com\/pt-pt\/wp-json\/wp\/v2\/product"}],"about":[{"href":"https:\/\/www.delicias-uk.com\/pt-pt\/wp-json\/wp\/v2\/types\/product"}],"author":[{"embeddable":true,"href":"https:\/\/www.delicias-uk.com\/pt-pt\/wp-json\/wp\/v2\/users\/43533"}],"replies":[{"embeddable":true,"href":"https:\/\/www.delicias-uk.com\/pt-pt\/wp-json\/wp\/v2\/comments?post=212464"}],"wp:featuredmedia":[{"embeddable":true,"href":"https:\/\/www.delicias-uk.com\/pt-pt\/wp-json\/wp\/v2\/media\/60876"}],"wp:attachment":[{"href":"https:\/\/www.delicias-uk.com\/pt-pt\/wp-json\/wp\/v2\/media?parent=212464"}],"wp:term":[{"taxonomy":"pwb-brand","embeddable":true,"href":"https:\/\/www.delicias-uk.com\/pt-pt\/wp-json\/wp\/v2\/pwb-brand?post=212464"},{"taxonomy":"product_brand","embeddable":true,"href":"https:\/\/www.delicias-uk.com\/pt-pt\/wp-json\/wp\/v2\/product_brand?post=212464"},{"taxonomy":"product_cat","embeddable":true,"href":"https:\/\/www.delicias-uk.com\/pt-pt\/wp-json\/wp\/v2\/product_cat?post=212464"},{"taxonomy":"product_tag","embeddable":true,"href":"https:\/\/www.delicias-uk.com\/pt-pt\/wp-json\/wp\/v2\/product_tag?post=212464"}],"curies":[{"name":"wp","href":"https:\/\/api.w.org\/{rel}","templated":true}]}}